{"id":55682,"date":"2023-10-04T13:59:29","date_gmt":"2023-10-04T11:59:29","guid":{"rendered":"https:\/\/ak47.nu\/produkt\/swiss-arms-p1911-co2-45mm-luftpistol-gbb\/"},"modified":"2026-03-14T12:00:05","modified_gmt":"2026-03-14T11:00:05","slug":"swiss-arms-p1911-co2-4-5mm-luftpistole-gbb","status":"publish","type":"product","link":"http:\/\/ak47.nu\/de\/produkt\/luftvapen\/co2-airguns\/pistoler-co2-airguns\/swiss-arms-p1911-co2-4-5mm-luftpistole-gbb\/","title":{"rendered":"Swiss Arms P1911 4.5mm Co2 GBB Luftpistole"},"content":{"rendered":"<h1>Swiss Arms P1911 - Co2 - 4,5mm - Luftpistole - GBB<\/h1>\n<h2>Schweizer Pr\u00e4zision und Qualit\u00e4t bis ins Detail<\/h2>\n<p>Swiss Arms Waffen verk\u00f6rpern die Pr\u00e4zision und Qualit\u00e4t, die man von Schweizer Produkten erwartet. Die Grundwerte des Unternehmens stellen sicher, dass jedes Produkt auf optimale Leistung ausgelegt ist, einschlie\u00dflich der umfangreichen Zubeh\u00f6rpalette. Entdecken Sie ein <a href=\"https:\/\/ak47.nu\/de\/butik\/\">komplettes Zubeh\u00f6rset<\/a>, das Ihre Luftpistole erg\u00e4nzt.<\/p>\n\n<p>Heute ist Swiss Arms daf\u00fcr bekannt, einige der leistungsst\u00e4rksten Waffen und das breiteste Zubeh\u00f6rsortiment auf dem Markt anzubieten. Diese P1911 CO2-Luftpistole ist keine Ausnahme. Mit ihrer robusten Bauweise und zuverl\u00e4ssigen Leistung ist sie eine ausgezeichnete Wahl f\u00fcr Anf\u00e4nger und erfahrene Sch\u00fctzen. Entdecken Sie unsere Auswahl an anderen <a href=\"https:\/\/ak47.nu\/de\/luftvapen\/co2-airguns\/\">Luftpistolen<\/a>, um die perfekte Option f\u00fcr Sie zu finden.<\/p>\n\n<h3>Spezifikationen:<\/h3>\n<ul>\n    <li>Marke: Swiss Arms<\/li>\n    <li>Farbe: Schwarz<\/li>\n    <li>Kaliber: 4,5mm<\/li>\n    <li>Antrieb: CO2<\/li>\n    <li>Gewicht: 1,04 kg<\/li>\n    <li>Leistung: 1,7 Joule<\/li>\n    <li>FPS (0,20gr): 320<\/li>\n    <li>Modi: Sicher, Halbautomatik<\/li>\n    <li>Material: Metall<\/li>\n    <li>L\u00e4nge: 230mm<\/li>\n    <li>Magazinkapazit\u00e4t: 18 Stahl BBs<\/li>\n<\/ul>\n\n<p>Erleben Sie die Kraft und Pr\u00e4zision der Swiss Arms P1911. Ihr halbautomatischer Modus bietet ein realistisches Schie\u00dferlebnis, w\u00e4hrend der Sicherheitsmodus eine sichere Handhabung gew\u00e4hrleistet. Hergestellt aus Metall f\u00fcr maximale Haltbarkeit und ein authentisches Gef\u00fchl. Verbessern Sie noch heute Ihr Schie\u00dferlebnis! Weitere Informationen \u00fcber Swiss Arms und ihr Engagement f\u00fcr Qualit\u00e4t finden Sie auf <a href=\"https:\/\/ak47.nu\/de\/\">unserer Webseite<\/a>.<\/p>","protected":false},"excerpt":{"rendered":"<p>K\u00f6p Swiss Arms P1911 Co2 4,5mm luftpistol GBB online &#8211; H\u00f6gkvalitativ luftpistol med Co2-drift fr\u00e5n Swiss Arms. Perfekt f\u00f6r b\u00e5de tr\u00e4ning och t\u00e4vling. Best\u00e4ll nu och f\u00e5 snabb leverans!<\/p>","protected":false},"featured_media":55674,"template":"","meta":[],"product_brand":[],"product_cat":[432],"product_tag":[],"class_list":{"0":"post-55682","1":"product","2":"type-product","3":"status-publish","4":"has-post-thumbnail","6":"product_cat-pistoler-co2-airguns","7":"pa_brand-swiss-arms","8":"pa_farg-svart","10":"first","11":"outofstock","12":"taxable","13":"shipping-taxable","14":"purchasable","15":"product-type-simple"},"_links":{"self":[{"href":"http:\/\/ak47.nu\/de\/wp-json\/wp\/v2\/product\/55682","targetHints":{"allow":["GET"]}}],"collection":[{"href":"http:\/\/ak47.nu\/de\/wp-json\/wp\/v2\/product"}],"about":[{"href":"http:\/\/ak47.nu\/de\/wp-json\/wp\/v2\/types\/product"}],"wp:featuredmedia":[{"embeddable":true,"href":"http:\/\/ak47.nu\/de\/wp-json\/wp\/v2\/media\/55674"}],"wp:attachment":[{"href":"http:\/\/ak47.nu\/de\/wp-json\/wp\/v2\/media?parent=55682"}],"wp:term":[{"taxonomy":"product_brand","embeddable":true,"href":"http:\/\/ak47.nu\/de\/wp-json\/wp\/v2\/product_brand?post=55682"},{"taxonomy":"product_cat","embeddable":true,"href":"http:\/\/ak47.nu\/de\/wp-json\/wp\/v2\/product_cat?post=55682"},{"taxonomy":"product_tag","embeddable":true,"href":"http:\/\/ak47.nu\/de\/wp-json\/wp\/v2\/product_tag?post=55682"}],"curies":[{"name":"wp","href":"https:\/\/api.w.org\/{rel}","templated":true}]}}