{"id":59889,"date":"2025-01-21T14:21:34","date_gmt":"2025-01-21T13:21:34","guid":{"rendered":"https:\/\/ak47.nu\/produkt\/okategoriserad\/theta-optics-red-dot-sight-rugged-a1-mini-1x21-svart\/"},"modified":"2025-12-04T03:54:29","modified_gmt":"2025-12-04T02:54:29","slug":"theta-optics-rugged-a1-mini-1x21-rotpunktvisier-schwarz","status":"publish","type":"product","link":"http:\/\/ak47.nu\/de\/produkt\/zubehor-2\/optik\/rodpunktssikten\/theta-optics-rugged-a1-mini-1x21-rotpunktvisier-schwarz\/","title":{"rendered":"Theta Optics Rugged A1 Mini 1x21 Rotpunktvisier | Schwarz"},"content":{"rendered":"<h1>Theta Optics - Red Dot Sight Rugged A1 Mini 1x21 - Schwarz<\/h1>\n<h2>Verbesserte Qualit\u00e4t und Haltbarkeit<\/h2>\n<p>Theta Optics pr\u00e4sentiert die aktualisierte RUGGED-Serie, die Qualit\u00e4t und Haltbarkeit auf ein neues Niveau hebt. Der A1 Mini Kollimator ist ein kompaktes Rotpunktvisier mit einer standardm\u00e4\u00dfigen 22-mm-RIS-Halterung, ideal f\u00fcr Airsoft-Enthusiasten, die Pr\u00e4zision und Zuverl\u00e4ssigkeit suchen. Das CNC-gefertigte Geh\u00e4use aus 6061-T6 Aluminium garantiert eine robuste Konstruktion. Entdecken Sie unsere breite Palette an <a href=\"https:\/\/ak47.nu\/de\/butik\/\">anderen hochwertigen Visieren<\/a>, die Ihren Bed\u00fcrfnissen entsprechen. F\u00fcr weitere Informationen zu unseren Produkten besuchen Sie unsere <a href=\"https:\/\/ak47.nu\/de\/zubehor-2\/optik\/\">Kategorie f\u00fcr optische Visiere<\/a> oder <a href=\"https:\/\/ak47.nu\/de\/\">unsere Website<\/a>.<\/p>\n<h3>Funktionen, die den Unterschied machen<\/h3>\n<ul>\n<li><strong>Anti-Reflex-, UV-, Anti-Beschlag-, Kratzfestes Glas:<\/strong> Bietet klare Sicht unter allen Bedingungen.<\/li>\n<li><strong>Sto\u00dffestigkeit:<\/strong> H\u00e4lt bis zu 800G stand und sorgt daf\u00fcr, dass es auch harten Bedingungen standh\u00e4lt.<\/li>\n<li><strong>Wasserdicht:<\/strong> IPX7-zertifizierter Schutz gegen Wasser.<\/li>\n<li><strong>Harteloxierte Beschichtung:<\/strong> HA TYP II-Beschichtung erh\u00f6ht die Verschlei\u00dffestigkeit.<\/li>\n<li><strong>11 Helligkeitsstufen:<\/strong> Passen Sie die Helligkeit an die Umgebung an.<\/li>\n<li><strong>Einstellbar Vertikal\/Horizontal:<\/strong> Feinabstimmung des Visiers f\u00fcr maximale Pr\u00e4zision.<\/li>\n<\/ul>\n<h3>Optische Spezifikationen<\/h3>\n<ul>\n<li><strong>Lichtquelle:<\/strong> LED-betriebene CR2032.<\/li>\n<li><strong>Zielpunkt:<\/strong> 2 MOA Punkt f\u00fcr schnelle Zielerkennung.<\/li>\n<li><strong>Linse:<\/strong> 21 mm f\u00fcr ein breites Sichtfeld.<\/li>\n<li><strong>Vergr\u00f6\u00dferung:<\/strong> x1 f\u00fcr schnelle Zielerfassung.<\/li>\n<\/ul>\n<h3>Zus\u00e4tzliche Informationen<\/h3>\n<p>Dieses Rotpunktvisier von Theta Optics ist schwarz und wird mit einer 1 x CR2032 Batterie betrieben. Hergestellt aus hochwertigem 6000er Aluminium, wiegt es nur 130g. Die Einstellung kann sowohl horizontal als auch vertikal erfolgen, und es passt auf RIS 22mm Zubeh\u00f6r. Das Set enth\u00e4lt au\u00dferdem Linsenabdeckungen, einen Inbusschl\u00fcssel, eine Bedienungsanleitung, ein Reinigungstuch, eine CR2032 Batterie und einen Schraubendreher.<\/p>","protected":false},"excerpt":{"rendered":"<p>Theta Optics &#8211; Red Dot Sight Rugged A1 Mini 1&#215;21 &#8211; Schwarz Verbesserte Qualit\u00e4t und Haltbarkeit Theta Optics pr\u00e4sentiert die aktualisierte RUGGED-Serie, die Qualit\u00e4t und Haltbarkeit auf ein neues Niveau hebt. Der A1 Mini Kollimator ist ein kompaktes Rotpunktvisier mit einer standardm\u00e4\u00dfigen 22-mm-RIS-Halterung, ideal f\u00fcr Airsoft-Enthusiasten, die Pr\u00e4zision und Zuverl\u00e4ssigkeit suchen. Das CNC-gefertigte Geh\u00e4use aus [&#8230;]","protected":false},"featured_media":59886,"template":"","meta":[],"product_brand":[],"product_cat":[470],"product_tag":[],"class_list":{"0":"post-59889","1":"product","2":"type-product","3":"status-publish","4":"has-post-thumbnail","6":"product_cat-rodpunktssikten","7":"pa_brand-theta-optics","9":"first","10":"instock","11":"taxable","12":"shipping-taxable","13":"purchasable","14":"product-type-simple"},"_links":{"self":[{"href":"http:\/\/ak47.nu\/de\/wp-json\/wp\/v2\/product\/59889","targetHints":{"allow":["GET"]}}],"collection":[{"href":"http:\/\/ak47.nu\/de\/wp-json\/wp\/v2\/product"}],"about":[{"href":"http:\/\/ak47.nu\/de\/wp-json\/wp\/v2\/types\/product"}],"wp:featuredmedia":[{"embeddable":true,"href":"http:\/\/ak47.nu\/de\/wp-json\/wp\/v2\/media\/59886"}],"wp:attachment":[{"href":"http:\/\/ak47.nu\/de\/wp-json\/wp\/v2\/media?parent=59889"}],"wp:term":[{"taxonomy":"product_brand","embeddable":true,"href":"http:\/\/ak47.nu\/de\/wp-json\/wp\/v2\/product_brand?post=59889"},{"taxonomy":"product_cat","embeddable":true,"href":"http:\/\/ak47.nu\/de\/wp-json\/wp\/v2\/product_cat?post=59889"},{"taxonomy":"product_tag","embeddable":true,"href":"http:\/\/ak47.nu\/de\/wp-json\/wp\/v2\/product_tag?post=59889"}],"curies":[{"name":"wp","href":"https:\/\/api.w.org\/{rel}","templated":true}]}}