{"id":16952,"date":"2022-01-28T14:47:52","date_gmt":"2022-01-28T13:47:52","guid":{"rendered":"https:\/\/kalashnikov.se\/?page_id=16952"},"modified":"2025-09-25T14:50:21","modified_gmt":"2025-09-25T12:50:21","slug":"om-oss","status":"publish","type":"page","link":"http:\/\/ak47.nu\/en\/om-oss\/","title":{"rendered":"About us"},"content":{"rendered":"<section class=\"section\" id=\"section_327726218\">\n\t\t<div class=\"section-bg fill\" >\n\t\t\t\t\t\t\t\t\t\n\t\t\t\n\n\t\t<\/div>\n\n\t\t\n\n\t\t<div class=\"section-content relative\">\n\t\t\t\n\n\t<div id=\"gap-1062112064\" class=\"gap-element clearfix\" style=\"display:block; height:auto;\">\n\t\t\n<style>\n#gap-1062112064 {\n  padding-top: 30px;\n}\n<\/style>\n\t<\/div>\n\t\n\n<div class=\"row row-large align-equal\"  id=\"row-1512381619\">\n\n\n\t<div id=\"col-271007025\" class=\"col medium-6 small-12 large-6\"  >\n\t\t\t\t<div class=\"col-inner\"  >\n\t\t\t\n\t\t\t\n\n\t<div id=\"text-3011331181\" class=\"text\">\n\t\t\n\n<h1>Om AK47.nu<\/h1>\n\t\t\n<style>\n#text-3011331181 {\n  font-size: 2.25rem;\n  line-height: 1.25;\n}\n<\/style>\n\t<\/div>\n\t\n<p>AK47.nu \u00e4gs och drivs av BraBilligt Arboga AB som funnits p\u00e5 internet sedan 2016.<\/p>\n<h3>Adress:<\/h3>\n<p>C\/O BraBilligt Arboga AB<br \/>K\u00f6pingsv\u00e4gen 12,<br \/>732 31 Arboga, Sverige<\/p>\n<h3>Kontakt:<\/h3>\n<p>Tel: +46 (0)589 61 10 01<br \/>Orgnr: 556800-7099<br \/>Innehar F-skatt.<\/p>\n\t<div id=\"gap-160289526\" class=\"gap-element clearfix\" style=\"display:block; height:auto;\">\n\t\t\n<style>\n#gap-160289526 {\n  padding-top: 25px;\n}\n<\/style>\n\t<\/div>\n\t\n\n\n  <div class=\"banner has-hover\" id=\"banner-1254535114\">\n          <div class=\"banner-inner fill\">\n        <div class=\"banner-bg fill\" >\n            <img loading=\"lazy\" decoding=\"async\" width=\"1020\" height=\"1020\" src=\"https:\/\/ak47.nu\/wp-content\/uploads\/2025\/07\/envato-labs-ai-33cc0f6d-b54c-47ab-af87-489404899058-1.webp\" class=\"bg attachment-large size-large\" alt=\"\">                                    \n                    <\/div>\n\t\t\n        <div class=\"banner-layers container\">\n            <div class=\"fill banner-link\"><\/div>            \n\n   <div id=\"text-box-1518178719\" class=\"text-box banner-layer x50 md-x50 lg-x50 y50 md-y50 lg-y50 res-text\">\n                                <div class=\"text-box-content text dark\">\n              \n              <div class=\"text-inner text-center\">\n                  \n\n\n              <\/div>\n           <\/div>\n                            \n<style>\n#text-box-1518178719 {\n  width: 60%;\n}\n#text-box-1518178719 .text-box-content {\n  font-size: 100%;\n}\n@media (min-width:550px) {\n  #text-box-1518178719 {\n    width: 60%;\n  }\n}\n<\/style>\n    <\/div>\n \n\n        <\/div>\n      <\/div>\n\n            \n<style>\n#banner-1254535114 {\n  padding-top: 99.99%;\n  background-color: rgba(255, 255, 255, 0);\n}\n#banner-1254535114 .banner-bg img {\n  object-position: 46% 49%;\n}\n@media (min-width:550px) {\n  #banner-1254535114 {\n    padding-top: 550px;\n  }\n}\n<\/style>\n  <\/div>\n\n\n\n\t\t<\/div>\n\t\t\t\t\t<\/div>\n\n\t\n\n\t<div id=\"col-729127268\" class=\"col medium-6 small-12 large-6\"  >\n\t\t\t\t<div class=\"col-inner\"  >\n\t\t\t\n\t\t\t\n\n\n  <div class=\"banner has-hover\" id=\"banner-871801969\">\n          <div class=\"banner-inner fill\">\n        <div class=\"banner-bg fill\" >\n            <img loading=\"lazy\" decoding=\"async\" width=\"1020\" height=\"680\" src=\"https:\/\/ak47.nu\/wp-content\/uploads\/2025\/07\/modern-weapon-black-background-2025-02-25-10-27-07-utc-1024x683.webp\" class=\"bg attachment-large size-large\" alt=\"\">                                    \n                    <\/div>\n\t\t\n        <div class=\"banner-layers container\">\n            <div class=\"fill banner-link\"><\/div>            \n\n   <div id=\"text-box-125428245\" class=\"text-box banner-layer x50 md-x50 lg-x50 y50 md-y50 lg-y50 res-text\">\n                                <div class=\"text-box-content text dark\">\n              \n              <div class=\"text-inner text-center\">\n                  \n\n\n              <\/div>\n           <\/div>\n                            \n<style>\n#text-box-125428245 {\n  width: 60%;\n}\n#text-box-125428245 .text-box-content {\n  font-size: 100%;\n}\n@media (min-width:550px) {\n  #text-box-125428245 {\n    width: 60%;\n  }\n}\n<\/style>\n    <\/div>\n \n\n        <\/div>\n      <\/div>\n\n            \n<style>\n#banner-871801969 {\n  padding-top: 99.99%;\n  background-color: rgba(255, 255, 255, 0);\n}\n#banner-871801969 .banner-bg img {\n  object-position: 52% 50%;\n}\n@media (min-width:550px) {\n  #banner-871801969 {\n    padding-top: 550px;\n  }\n}\n<\/style>\n  <\/div>\n\n\n\t<div id=\"gap-162099299\" class=\"gap-element clearfix\" style=\"display:block; height:auto;\">\n\t\t\n<style>\n#gap-162099299 {\n  padding-top: 30px;\n}\n<\/style>\n\t<\/div>\n\t\n\n<h3>SNABB LEVERANS, BRA SERVICE &amp; EGET SVENSKT LAGER<\/h3>\n<ul>\n<li>Inrikes order f\u00f6re 12:00 levereras oftast n\u00e4sta dag.<\/li>\n<li>Eget lager utan falska lagersaldon &amp; best\u00e4llningsvaror.<\/li>\n<li>Betalning &amp; leverans med flera alternativ p\u00e5 dina villkor.<\/li>\n<li>Alltid prisgaranti i Sverige \u2013 s\u00e4g till om du hittat l\u00e4gre pris!<\/li>\n<li>Inga skatter\/kostnader tillkommer inom Sverige &amp; EU.<\/li>\n<li>En del av Brabilligt.se \u2013 p\u00e5litlig webhandel sedan 2016<\/li>\n<\/ul>\n\n\t\t<\/div>\n\t\t\t\t\t<\/div>\n\n\t\n\n<\/div>\n<h2 id=\"our-network-au\" style=\"text-align: center;\"><span style=\"font-size: 140%;\">Del av BraBilligt.se familjen<\/span><br \/>\n<\/h2>\n<p style=\"text-align: center;\"><strong><span style=\"font-size: 120%;\">Tillsammans med v\u00e5ra systerbutiker erbjuder vi ett<br \/>\n            brett utbud av h\u00f6gkvalitativa produkter. Alltid till r\u00e4ttvisa priser, med snabb leverans och trygg<br \/>\n            shopping.<\/span><\/strong><\/p>\n\n\t<div id=\"stack-1191120543\" class=\"stack our-network-con stack-row justify-start items-stretch sm:stack-col\">\n\t\t\n\n\t<div class=\"box has-hover   has-hover box-shadow-2 box-text-bottom\" >\n\n\t\t<div class=\"box-image\" style=\"width:70%;\">\n\t\t\t<a href=\"https:\/\/jjcustomworks.se\/\" target=\"_blank\" rel=\"noopener nofollow\">\t\t\t<div class=\"\" >\n\t\t\t\t<img loading=\"lazy\" decoding=\"async\" width=\"222\" height=\"181\" src=\"https:\/\/ak47.nu\/wp-content\/uploads\/2025\/09\/Halsband-aromasmycke-Lotus-Rund-1.png\" class=\"attachment- size-\" alt=\"\" srcset=\"https:\/\/ak47.nu\/wp-content\/uploads\/2025\/09\/Halsband-aromasmycke-Lotus-Rund-1.png 222w, https:\/\/ak47.nu\/wp-content\/uploads\/2025\/09\/Halsband-aromasmycke-Lotus-Rund-1-15x12.png 15w\" sizes=\"auto, (max-width: 222px) 100vw, 222px\">\t\t\t\t\t\t\t\t\t\t\t<\/div>\n\t\t\t<\/a>\t\t<\/div>\n\n\t\t<div class=\"box-text text-center\" >\n\t\t\t<div class=\"box-text-inner\">\n\t\t\t\t\n\n\n\n<style>\n    .our-network-single h3 {\n        display: flex;\n        flex-wrap: nowrap;\n        justify-content: center;\n        align-items: center;\n        gap: 5px;\n        white-space: nowrap;\n        margin-bottom: 12px;\n        font-size: 20px;\n    }\n\n    .our-network-single h3 svg {\n        min-width: 17px;\n    }\n\n    .our-network-single p {\n        font-size: 16px;\n        color: #333333;\n    }\n<\/style>\n\n<a href=\"https:\/\/jjcustomworks.se\/\" target=\"_blank\" class=\"our-network-single\" rel=\"nofollow noopener\">\n    <h3>\n        JJ Custom Works\n        <svg xmlns=\"http:\/\/www.w3.org\/2000\/svg\" width=\"17\" height=\"17\" viewbox=\"0 0 17 17\" fill=\"none\">\n            <path\n                d=\"M3.53333 8.50944V4.50944C3.53333 4.14125 3.83181 3.84277 4.19999 3.84277H12.2C12.5682 3.84277 12.8667 4.14125 12.8667 4.50944V12.5094C12.8667 12.8776 12.5682 13.1761 12.2 13.1761H8.19999M5.6074 8.50944H8.19999M8.19999 8.50944V11.102M8.19999 8.50944L3.53333 13.1761\"\n                stroke=\"black\" stroke-width=\"1.33333\" stroke-linecap=\"round\" stroke-linejoin=\"round\" \/>\n        <\/svg>\n    <\/h3>\n    <p style=\"text-align: left;\">\n        Handgjorda l\u00e4dertillbeh\u00f6r inklusive slidor, h\u00f6lster, knivar och mer. Tillverkade med milj\u00f6v\u00e4nliga material och\n        svensk kvalitet.\n    <\/p>\n<\/a>\n\n\n\t\t\t<\/div>\n\t\t<\/div>\n\t<\/div>\n\t\n\t<div class=\"box has-hover   has-hover box-shadow-2 box-text-bottom\" >\n\n\t\t<div class=\"box-image\" style=\"width:70%;\">\n\t\t\t<a href=\"https:\/\/vedaprodukter.se\/\" target=\"_blank\" rel=\"noopener nofollow\">\t\t\t<div class=\"\" >\n\t\t\t\t<img loading=\"lazy\" decoding=\"async\" width=\"366\" height=\"296\" src=\"https:\/\/ak47.nu\/wp-content\/uploads\/2025\/09\/Logo.png\" class=\"attachment- size-\" alt=\"\" srcset=\"https:\/\/ak47.nu\/wp-content\/uploads\/2025\/09\/Logo.png 366w, https:\/\/ak47.nu\/wp-content\/uploads\/2025\/09\/Logo-300x243.png 300w, https:\/\/ak47.nu\/wp-content\/uploads\/2025\/09\/Logo-15x12.png 15w, https:\/\/ak47.nu\/wp-content\/uploads\/2025\/09\/Logo-247x200.png 247w\" sizes=\"auto, (max-width: 366px) 100vw, 366px\">\t\t\t\t\t\t\t\t\t\t\t<\/div>\n\t\t\t<\/a>\t\t<\/div>\n\n\t\t<div class=\"box-text text-center\" >\n\t\t\t<div class=\"box-text-inner\">\n\t\t\t\t\n\n\n\n<style>\n    .our-network-single h3 {\n        display: flex;\n        flex-wrap: nowrap;\n        justify-content: center;\n        align-items: center;\n        gap: 5px;\n        white-space: nowrap;\n        margin-bottom: 12px;\n        font-size: 20px;\n    }\n\n    .our-network-single h3 svg {\n        min-width: 17px;\n    }\n\n    .our-network-single p {\n        font-size: 16px;\n        color: #333333;\n    }\n<\/style>\n\n<a href=\"https:\/\/vedaprodukter.se\/\" target=\"_blank\" class=\"our-network-single\" rel=\"nofollow noopener\">\n    <h3>\n       Veda Produkter\n        <svg xmlns=\"http:\/\/www.w3.org\/2000\/svg\" width=\"17\" height=\"17\" viewbox=\"0 0 17 17\" fill=\"none\">\n            <path\n                d=\"M3.53333 8.50944V4.50944C3.53333 4.14125 3.83181 3.84277 4.19999 3.84277H12.2C12.5682 3.84277 12.8667 4.14125 12.8667 4.50944V12.5094C12.8667 12.8776 12.5682 13.1761 12.2 13.1761H8.19999M5.6074 8.50944H8.19999M8.19999 8.50944V11.102M8.19999 8.50944L3.53333 13.1761\"\n                stroke=\"black\" stroke-width=\"1.33333\" stroke-linecap=\"round\" stroke-linejoin=\"round\" \/>\n        <\/svg>\n    <\/h3>\n    <p style=\"text-align: left;\">\n  Wellnessbutik med aromaterapi, kristaller och astrologiprodukter. Best\u00e4ll f\u00f6re lunch f\u00f6r snabb leverans fr\u00e5n svenskt lager \u2013 h\u00f6g kvalitet till bra pris.\n\n    <\/p>\n<\/a>\n\n\n\t\t\t<\/div>\n\t\t<\/div>\n\t<\/div>\n\t\n\t<div class=\"box has-hover   has-hover box-shadow-2 box-text-bottom\" >\n\n\t\t<div class=\"box-image\" style=\"width:70%;\">\n\t\t\t<a href=\"https:\/\/brabilligt.se\/\" target=\"_blank\" rel=\"noopener nofollow\">\t\t\t<div class=\"\" >\n\t\t\t\t<img loading=\"lazy\" decoding=\"async\" width=\"221\" height=\"181\" src=\"https:\/\/ak47.nu\/wp-content\/uploads\/2025\/09\/Halsband-aromasmycke-Lotus-Rund.png\" class=\"attachment- size-\" alt=\"\" srcset=\"https:\/\/ak47.nu\/wp-content\/uploads\/2025\/09\/Halsband-aromasmycke-Lotus-Rund.png 221w, https:\/\/ak47.nu\/wp-content\/uploads\/2025\/09\/Halsband-aromasmycke-Lotus-Rund-15x12.png 15w\" sizes=\"auto, (max-width: 221px) 100vw, 221px\">\t\t\t\t\t\t\t\t\t\t\t<\/div>\n\t\t\t<\/a>\t\t<\/div>\n\n\t\t<div class=\"box-text text-center\" >\n\t\t\t<div class=\"box-text-inner\">\n\t\t\t\t\n\n\n\n<style>\n    .our-network-single h3 {\n        display: flex;\n        flex-wrap: nowrap;\n        justify-content: center;\n        align-items: center;\n        gap: 5px;\n        white-space: nowrap;\n        margin-bottom: 12px;\n        font-size: 20px;\n    }\n\n    .our-network-single h3 svg {\n        min-width: 17px;\n    }\n\n    .our-network-single p {\n        font-size: 16px;\n        color: #333333;\n    }\n<\/style>\n\n<a href=\"https:\/\/brabilligt.se\/\" target=\"_blank\" class=\"our-network-single\" rel=\"nofollow noopener\">\n    <h3>\n        Brabilligt.se\n        <svg xmlns=\"http:\/\/www.w3.org\/2000\/svg\" width=\"17\" height=\"17\" viewbox=\"0 0 17 17\" fill=\"none\">\n            <path\n                d=\"M3.53333 8.50944V4.50944C3.53333 4.14125 3.83181 3.84277 4.19999 3.84277H12.2C12.5682 3.84277 12.8667 4.14125 12.8667 4.50944V12.5094C12.8667 12.8776 12.5682 13.1761 12.2 13.1761H8.19999M5.6074 8.50944H8.19999M8.19999 8.50944V11.102M8.19999 8.50944L3.53333 13.1761\"\n                stroke=\"black\" stroke-width=\"1.33333\" stroke-linecap=\"round\" stroke-linejoin=\"round\" \/>\n        <\/svg>\n    <\/h3>\n    <p style=\"text-align: left;\">\n        Din huvudbutik f\u00f6r replikavapen, knivar, friluftsutrustning och mer. \u00c4r\u00adliga produktbeskrivningar, prisgaranti\n        och snabb leverans fr\u00e5n v\u00e5rt svenska lager.\n    <\/p>\n<\/a>\n\n\n\t\t\t<\/div>\n\t\t<\/div>\n\t<\/div>\n\t\n\t<div class=\"box has-hover   has-hover box-shadow-2 box-text-bottom\" >\n\n\t\t<div class=\"box-image\" style=\"width:70%;\">\n\t\t\t<a href=\"https:\/\/billigtbling.se\/\" target=\"_blank\" rel=\"noopener nofollow\">\t\t\t<div class=\"\" >\n\t\t\t\t<img loading=\"lazy\" decoding=\"async\" width=\"222\" height=\"181\" src=\"https:\/\/ak47.nu\/wp-content\/uploads\/2025\/09\/Halsband-aromasmycke-Lotus-Rund-2.png\" class=\"attachment- size-\" alt=\"\" srcset=\"https:\/\/ak47.nu\/wp-content\/uploads\/2025\/09\/Halsband-aromasmycke-Lotus-Rund-2.png 222w, https:\/\/ak47.nu\/wp-content\/uploads\/2025\/09\/Halsband-aromasmycke-Lotus-Rund-2-15x12.png 15w\" sizes=\"auto, (max-width: 222px) 100vw, 222px\">\t\t\t\t\t\t\t\t\t\t\t<\/div>\n\t\t\t<\/a>\t\t<\/div>\n\n\t\t<div class=\"box-text text-center\" >\n\t\t\t<div class=\"box-text-inner\">\n\t\t\t\t\n\n\n\n<style>\n    .our-network-single h3 {\n        display: flex;\n        flex-wrap: nowrap;\n        justify-content: center;\n        align-items: center;\n        gap: 5px;\n        white-space: nowrap;\n        margin-bottom: 12px;\n        font-size: 20px;\n    }\n\n    .our-network-single h3 svg {\n        min-width: 17px;\n    }\n\n    .our-network-single p {\n        font-size: 16px;\n        color: #333333;\n    }\n<\/style>\n\n<a href=\"https:\/\/billigtbling.se\/\" target=\"_blank\" class=\"our-network-single\" rel=\"nofollow noopener\">\n    <h3>\n        BilligtBling.se\n        <svg xmlns=\"http:\/\/www.w3.org\/2000\/svg\" width=\"17\" height=\"17\" viewbox=\"0 0 17 17\" fill=\"none\">\n            <path\n                d=\"M3.53333 8.50944V4.50944C3.53333 4.14125 3.83181 3.84277 4.19999 3.84277H12.2C12.5682 3.84277 12.8667 4.14125 12.8667 4.50944V12.5094C12.8667 12.8776 12.5682 13.1761 12.2 13.1761H8.19999M5.6074 8.50944H8.19999M8.19999 8.50944V11.102M8.19999 8.50944L3.53333 13.1761\"\n                stroke=\"black\" stroke-width=\"1.33333\" stroke-linecap=\"round\" stroke-linejoin=\"round\" \/>\n        <\/svg>\n    <\/h3>\n    <p style=\"text-align: left;\">\n        Prisv\u00e4rda bling-tillbeh\u00f6r fr\u00e5n BraBilligt.se n\u00e4tverket. Skickas s\u00e4kert fr\u00e5n v\u00e5rt svenska lager f\u00f6r trygg\n        e-handel.\n    <\/p>\n<\/a>\n\n\n\t\t\t<\/div>\n\t\t<\/div>\n\t<\/div>\n\t\n\t<div class=\"box has-hover   has-hover box-shadow-2 box-text-bottom\" >\n\n\t\t<div class=\"box-image\" style=\"width:70%;\">\n\t\t\t<a href=\"https:\/\/grossistfynd.se\/\" target=\"_blank\" rel=\"noopener nofollow\">\t\t\t<div class=\"\" >\n\t\t\t\t<img loading=\"lazy\" decoding=\"async\" width=\"221\" height=\"181\" src=\"https:\/\/ak47.nu\/wp-content\/uploads\/2025\/09\/Halsband-aromasmycke-Lotus-Rund-3.png\" class=\"attachment- size-\" alt=\"\" srcset=\"https:\/\/ak47.nu\/wp-content\/uploads\/2025\/09\/Halsband-aromasmycke-Lotus-Rund-3.png 221w, https:\/\/ak47.nu\/wp-content\/uploads\/2025\/09\/Halsband-aromasmycke-Lotus-Rund-3-15x12.png 15w\" sizes=\"auto, (max-width: 221px) 100vw, 221px\">\t\t\t\t\t\t\t\t\t\t\t<\/div>\n\t\t\t<\/a>\t\t<\/div>\n\n\t\t<div class=\"box-text text-center\" >\n\t\t\t<div class=\"box-text-inner\">\n\t\t\t\t\n\n\n\n<style>\n    .our-network-single h3 {\n        display: flex;\n        flex-wrap: nowrap;\n        justify-content: center;\n        align-items: center;\n        gap: 5px;\n        white-space: nowrap;\n        margin-bottom: 12px;\n        font-size: 20px;\n    }\n\n    .our-network-single h3 svg {\n        min-width: 17px;\n    }\n\n    .our-network-single p {\n        font-size: 16px;\n        color: #333333;\n    }\n<\/style>\n\n<a href=\"https:\/\/grossistfynd.se\/\" target=\"_blank\" class=\"our-network-single\" rel=\"nofollow noopener\">\n    <h3>\n        Grossistfynd.se\n        <svg xmlns=\"http:\/\/www.w3.org\/2000\/svg\" width=\"17\" height=\"17\" viewbox=\"0 0 17 17\" fill=\"none\">\n            <path\n                d=\"M3.53333 8.50944V4.50944C3.53333 4.14125 3.83181 3.84277 4.19999 3.84277H12.2C12.5682 3.84277 12.8667 4.14125 12.8667 4.50944V12.5094C12.8667 12.8776 12.5682 13.1761 12.2 13.1761H8.19999M5.6074 8.50944H8.19999M8.19999 8.50944V11.102M8.19999 8.50944L3.53333 13.1761\"\n                stroke=\"black\" stroke-width=\"1.33333\" stroke-linecap=\"round\" stroke-linejoin=\"round\" \/>\n        <\/svg>\n    <\/h3>\n    <p style=\"text-align: left;\">\n        P\u00e5litlig B2B-partner f\u00f6r import och distribution med tusentals produkter. Snabba lagerleveranser och\n        skr\u00e4ddarsydda l\u00f6sningar f\u00f6r f\u00f6retag.\n    <\/p>\n<\/a>\n\n\n\t\t\t<\/div>\n\t\t<\/div>\n\t<\/div>\n\t\n\n\t\t\n<style>\n#stack-1191120543 > * {\n  --stack-gap: 1rem;\n}\n<\/style>\n\t<\/div>\n\t\n\n\t\t<\/div>\n\n\t\t\n<style>\n#section_327726218 {\n  padding-top: 50px;\n  padding-bottom: 50px;\n}\n<\/style>\n\t<\/section>","protected":false},"excerpt":{"rendered":"","protected":false},"author":43,"featured_media":0,"parent":0,"menu_order":0,"comment_status":"closed","ping_status":"closed","template":"","meta":{"footnotes":""},"class_list":["post-16952","page","type-page","status-publish","hentry"],"_links":{"self":[{"href":"http:\/\/ak47.nu\/en\/wp-json\/wp\/v2\/pages\/16952","targetHints":{"allow":["GET"]}}],"collection":[{"href":"http:\/\/ak47.nu\/en\/wp-json\/wp\/v2\/pages"}],"about":[{"href":"http:\/\/ak47.nu\/en\/wp-json\/wp\/v2\/types\/page"}],"author":[{"embeddable":true,"href":"http:\/\/ak47.nu\/en\/wp-json\/wp\/v2\/users\/43"}],"replies":[{"embeddable":true,"href":"http:\/\/ak47.nu\/en\/wp-json\/wp\/v2\/comments?post=16952"}],"version-history":[{"count":0,"href":"http:\/\/ak47.nu\/en\/wp-json\/wp\/v2\/pages\/16952\/revisions"}],"wp:attachment":[{"href":"http:\/\/ak47.nu\/en\/wp-json\/wp\/v2\/media?parent=16952"}],"curies":[{"name":"wp","href":"https:\/\/api.w.org\/{rel}","templated":true}]}}