{"id":17097,"date":"2022-05-05T10:11:53","date_gmt":"2022-05-05T08:11:53","guid":{"rendered":"https:\/\/ak47.nu\/produkt\/j-l-works-g36-aeg-replika-0638-airsoft-6mm\/"},"modified":"2025-12-03T20:12:04","modified_gmt":"2025-12-03T19:12:04","slug":"j-l-works-g36-aeg-replika-0638-airsoft-6mm","status":"publish","type":"product","link":"http:\/\/ak47.nu\/en\/product\/airsoft\/electric-driven\/automatic-carbines\/j-l-works-g36-aeg-replika-0638-airsoft-6mm\/","title":{"rendered":"J L WORKS &#8211; G36 AEG REPLIKA &#8211; 0638 &#8211; AIRSOFT &#8211; 6MM"},"content":{"rendered":"<p>Mycket v&auml;lgjord kopia av G36C av [WORKS J.G.]. Det &auml;r en kopia av kompakt attackgev&auml;r som &auml;r allm&auml;nt k&auml;nd i v&auml;rlden. Originalvapen anv&auml;nds av specialstyrkor som: SAS, GROM, Bundeswehr, GOE, Spanish Air Force och m&aring;nga fler. Det &auml;r ocks&aring; popul&auml;rt i airsoft-sportmilj&ouml;n p&aring; grund av f&ouml;rh&aring;llandet mellan pris och f&ouml;rverkligande. Kroppen &auml;r tillverkad av h&ouml;gkvalitativ ABS som &auml;r mycket slitstark och ser n&auml;stan ut som polymer som anv&auml;nds i verklig skjutvapenproduktion. Alla replikdelar passar mycket bra. Repliker som originalet &auml;r utrustat med b&aring;da sidor och kan anv&auml;ndas av v&auml;nster- och h&ouml;gerh&auml;nta operat&ouml;rer:<br \/>* eldangivning b&aring;da sidor<br \/>* magasinsp&auml;rr fr&aring;n b&aring;da sidor<br \/>* laddningshandtag fr&aring;n b&aring;da sidor<br \/>Replika har en l&aring;ng picatinny skena p&aring; toppen och alla taktiska tillbeh&ouml;r monterade p&aring; en 22 mm skena kan monteras p&aring; den. Det finns m&ouml;jlighet att montera tv&aring; extra skenor p&aring; b&aring;da sidor om det fr&auml;mre greppet. Det finns n&auml;stan 14 mm moturs under blixtl&aring;set och vissa ljudd&auml;mpare passar inte mycket bra utan modifiering.<br \/>Upps&auml;ttning ing&aring;r:<br \/>* 608 replika t&auml;ckt av 12 m&aring;naders garanti<br \/>* tidning f&ouml;r 470 BB`s<br \/>* NiMH 8,4V 1100 mAh batteri<br \/>* batteriladdare<br \/>Vikt: 2630 g<br \/>Magasinmodell: ABS<br \/>Lager typ: st&aring;lglidning<br \/>V&auml;xell&aring;deversion: 9 mm<br \/>Lagerdiameter: 7 mm<br \/>Magasinmodell: 3-9<br \/>Ackumulatortyp: NiMH<br \/>Munhastighet: 360 fps<br \/>Ackumulatortyp: kub<br \/>Ackumulatoranslutningstyp: liten Tamiya<br \/>Ackumulatorceller typ: mini<br \/>Ackumulator ing&aring;r i upps&auml;ttningen: JA<br \/>Inre cylinderdiameter: 6,08 mm<br \/>Magasinkapacitet: 470 BBs<br \/>Akkumulatorkapacitans: 1100 mAh<br \/>Material: ABS, aluminium<br \/>Svart f&auml;rg<br \/>L&auml;ngd: 720 mm<br \/>Ackumulatorsp&auml;nning: 8,4 V<br \/>energi: 1,2 J<br \/>L&auml;ngden p&aring; den inre cylindern: 250 mm<br \/>eldl&auml;ge: auto, singel<\/p>","protected":false},"excerpt":{"rendered":"<p>K\u00f6p J L WORKS G36 AEG replika &#8211; 0638 &#8211; airsoft &#8211; 6mm online. Vi erbjuder h\u00f6gkvalitativa airsoft-vapen och tillbeh\u00f6r till konkurrenskraftiga priser. Utforska v\u00e5rt sortiment idag!<\/p>","protected":false},"featured_media":17092,"template":"","meta":[],"product_brand":[],"product_cat":[400],"product_tag":[],"class_list":{"0":"post-17097","1":"product","2":"type-product","3":"status-publish","4":"has-post-thumbnail","6":"product_cat-automatkarbiner","7":"pa_brand-jg","9":"first","10":"outofstock","11":"sale","12":"taxable","13":"shipping-taxable","14":"purchasable","15":"product-type-simple"},"_links":{"self":[{"href":"http:\/\/ak47.nu\/en\/wp-json\/wp\/v2\/product\/17097","targetHints":{"allow":["GET"]}}],"collection":[{"href":"http:\/\/ak47.nu\/en\/wp-json\/wp\/v2\/product"}],"about":[{"href":"http:\/\/ak47.nu\/en\/wp-json\/wp\/v2\/types\/product"}],"wp:featuredmedia":[{"embeddable":true,"href":"http:\/\/ak47.nu\/en\/wp-json\/wp\/v2\/media\/17092"}],"wp:attachment":[{"href":"http:\/\/ak47.nu\/en\/wp-json\/wp\/v2\/media?parent=17097"}],"wp:term":[{"taxonomy":"product_brand","embeddable":true,"href":"http:\/\/ak47.nu\/en\/wp-json\/wp\/v2\/product_brand?post=17097"},{"taxonomy":"product_cat","embeddable":true,"href":"http:\/\/ak47.nu\/en\/wp-json\/wp\/v2\/product_cat?post=17097"},{"taxonomy":"product_tag","embeddable":true,"href":"http:\/\/ak47.nu\/en\/wp-json\/wp\/v2\/product_tag?post=17097"}],"curies":[{"name":"wp","href":"https:\/\/api.w.org\/{rel}","templated":true}]}}