{"id":17511,"date":"2022-05-05T14:45:48","date_gmt":"2022-05-05T12:45:48","guid":{"rendered":"https:\/\/ak47.nu\/produkt\/gletcher-stechkin-aps-p-airgun-4-5mm-co2-soviet-replica\/"},"modified":"2025-12-03T20:07:48","modified_gmt":"2025-12-03T19:07:48","slug":"gletcher-stechkin-aps-p-airgun-4-5mm-co2-soviet-replica","status":"publish","type":"product","link":"http:\/\/ak47.nu\/en\/product\/luftvapen\/co2-airguns\/the-co2-airguns\/gletcher-stechkin-aps-p-airgun-4-5mm-co2-soviet-replica\/","title":{"rendered":"Gletcher Stechkin APS-P Airgun 4.5mm co2 Soviet Replica"},"content":{"rendered":"<p><b>Gletcher Stechkin APS-P Airgun 4.5mm Soviet Replica<\/b><\/p>\n<p>Legendary Soviet gun.<br \/>&#8221;This legendary Soviet gun was developed in the mid-twentieth century, particularly for soldiers who did not carry an automatic weapon or carbine but needed a strong and reliable weapon. The high combat effectiveness of this firearm was provided by the high-capacity magazine, barrel length, and the availability of automatic fire. In addition, its original wooden holster could be used as a gun stock.&#8221;<\/p>\n<p><b>Firemode:<\/b> safe and semi, double action only.<br \/><b>Weight:<\/b> 505gr<br \/><b>mag cap:<\/b> 17 steel 4.5mm bb<br \/><b>lenght:<\/b> 225mm<br \/><b>power:<\/b> &lt; 3joule<br \/><b>power source:<\/b> co2 12g (not included)<br \/><b>avarage velocity:<\/b> 120m\/s<br \/><b>Body material:<\/b> Plastic<br \/><b>grip material:<\/b> plastic<br \/><b>Slide material:<\/b> plastic<br \/><b>other info:<\/b> fixed slide, removable mag. co2 cart in grip.<\/p>\n<p><b>Please mind that airguns are a great source of enjoyment for recreational target shooting and collectors alike. All airguns are to be threated with respect and can cause injury if handled careless. Responsible handled its harmless and safe and a perfect source of a lot of fun.<\/b><\/p>","protected":false},"excerpt":{"rendered":"<p>Gletcher Stechkin APS-P AIRGUN 4.5mm co2 \u00e4r en sovjetisk replika som \u00e4r perfekt f\u00f6r luftgev\u00e4rsskytte. Med sin kraftfulla co2-teknik och 4.5mm kaliber ger den en autentisk och realistisk upplevelse.<\/p>","protected":false},"featured_media":17506,"template":"","meta":[],"product_brand":[],"product_cat":[432],"product_tag":[],"class_list":{"0":"post-17511","1":"product","2":"type-product","3":"status-publish","4":"has-post-thumbnail","6":"product_cat-pistoler-co2-airguns","7":"pa_brand-gletcher","9":"first","10":"outofstock","11":"sale","12":"taxable","13":"shipping-taxable","14":"purchasable","15":"product-type-simple"},"_links":{"self":[{"href":"http:\/\/ak47.nu\/en\/wp-json\/wp\/v2\/product\/17511","targetHints":{"allow":["GET"]}}],"collection":[{"href":"http:\/\/ak47.nu\/en\/wp-json\/wp\/v2\/product"}],"about":[{"href":"http:\/\/ak47.nu\/en\/wp-json\/wp\/v2\/types\/product"}],"wp:featuredmedia":[{"embeddable":true,"href":"http:\/\/ak47.nu\/en\/wp-json\/wp\/v2\/media\/17506"}],"wp:attachment":[{"href":"http:\/\/ak47.nu\/en\/wp-json\/wp\/v2\/media?parent=17511"}],"wp:term":[{"taxonomy":"product_brand","embeddable":true,"href":"http:\/\/ak47.nu\/en\/wp-json\/wp\/v2\/product_brand?post=17511"},{"taxonomy":"product_cat","embeddable":true,"href":"http:\/\/ak47.nu\/en\/wp-json\/wp\/v2\/product_cat?post=17511"},{"taxonomy":"product_tag","embeddable":true,"href":"http:\/\/ak47.nu\/en\/wp-json\/wp\/v2\/product_tag?post=17511"}],"curies":[{"name":"wp","href":"https:\/\/api.w.org\/{rel}","templated":true}]}}