{"id":17687,"date":"2022-05-05T14:47:28","date_gmt":"2022-05-05T12:47:28","guid":{"rendered":"https:\/\/ak47.nu\/produkt\/ux-brodax-45mm-luftpistol-airgun-bb-gun\/"},"modified":"2025-12-03T12:50:27","modified_gmt":"2025-12-03T11:50:27","slug":"ux-brodax-45mm-luftpistol-airgun-bb-gun","status":"publish","type":"product","link":"http:\/\/ak47.nu\/en\/product\/luftvapen\/co2-airguns\/revolvrar-co2-airguns\/ux-brodax-45mm-luftpistol-airgun-bb-gun\/","title":{"rendered":"UX Brodax 4,5mm luftpistol \/ airgun \/ bb-gun"},"content":{"rendered":"<p>UX Brodax 4,5mm<br \/>Fr\u00e4ck kolsyrerevolver med m\u00e5nga trevliga egenskaper till ett l\u00e5gt pris. UX Brodax har en stabil kompositstomme med ett bekv\u00e4mt ergonomiskt grepp. Picatinnybaser p\u00e5 \u00f6ver och undersidan g\u00f6r det smidigt att komplettera med tillbeh\u00f6r.<br \/>&#8221;En av revolverkonstruktionens f\u00f6rdelar \u00e4r m\u00f6jligheten att &#8221;sp\u00e4nna upp&#8221; avtrycken mellan skotten f\u00f6r att f\u00e5 ett l\u00e4ttare och b\u00e4ttre trycke (Single Action). Vill du skjuta skotten i snabb f\u00f6ljd g\u00e5r det ocks\u00e5 bra (Double Action).&#8221;<br \/>Umarex CO2<br \/>Kolsyredrift med precision<br \/>Tyska Umarex \u00e4r en gigantisk akt\u00f6r inom marknaden av effektbegr\u00e4nsade vapen. F\u00f6retaget har egen tillverkning av vapen och f\u00f6rvaltar \u00e4ven m\u00e4ngder av modeller som tillverkas under licens fr\u00e5n ursprungstillverkare. Dessa vapen h\u00e5ller mycket h\u00f6g kvalitet och k\u00e4nnetecknas av en solid k\u00e4nsla med h\u00f6g precision.<\/p>\n<p>Egenskaper<br \/>Stomme i komposit<br \/>Snabbladdade magasin\/clips f\u00f6r st\u00e5lrundkulor<br \/>Picatinnybaser p\u00e5 f\u00f6r sikte eller andra tillbeh\u00f6r<\/p>\n<p>Specifikationer<br \/>Vikt: 687 g<br \/>Totall\u00e4ngd: 260 mm<br \/>Drivning: CO2<br \/>Kaliber: 4,5 (.177) Steel BB mm<br \/>Magasinkapacitet: 10 Steel BBs skott<br \/>Anslagsenergi: 2,5 J<br \/>Avtryck: SA\/DA<br \/>Skott per kolsyrepatron: 120 st<br \/>Utg\u00e5ngshastighet BB: 120 m\/s<br \/>Piptyp: Sl\u00e4tborrad<br \/>Kilsp\u00e5r: Picatinny<br \/>Pipl\u00e4ngd: 110 mm<\/p>","protected":false},"excerpt":{"rendered":"<p>UX Brodax 4,5mmFr\u00e4ck kolsyrerevolver med m\u00e5nga trevliga egenskaper till ett l\u00e5gt pris. UX Brodax har en stabil kompositstomme med ett bekv\u00e4mt ergonomiskt grepp. Picatinnybaser p\u00e5 \u00f6ver och undersidan g\u00f6r det smidigt att komplettera med tillbeh\u00f6r.&#8221;En av revolverkonstruktionens f\u00f6rdelar \u00e4r m\u00f6jligheten att &#8221;sp\u00e4nna upp&#8221; avtrycken mellan skotten f\u00f6r att f\u00e5 ett l\u00e4ttare och b\u00e4ttre trycke (Single [&#8230;]","protected":false},"featured_media":17684,"template":"","meta":[],"product_brand":[],"product_cat":[433],"product_tag":[],"class_list":{"0":"post-17687","1":"product","2":"type-product","3":"status-publish","4":"has-post-thumbnail","6":"product_cat-revolvrar-co2-airguns","7":"pa_brand-no-brand","9":"first","10":"outofstock","11":"sale","12":"taxable","13":"shipping-taxable","14":"purchasable","15":"product-type-simple"},"_links":{"self":[{"href":"http:\/\/ak47.nu\/en\/wp-json\/wp\/v2\/product\/17687","targetHints":{"allow":["GET"]}}],"collection":[{"href":"http:\/\/ak47.nu\/en\/wp-json\/wp\/v2\/product"}],"about":[{"href":"http:\/\/ak47.nu\/en\/wp-json\/wp\/v2\/types\/product"}],"wp:featuredmedia":[{"embeddable":true,"href":"http:\/\/ak47.nu\/en\/wp-json\/wp\/v2\/media\/17684"}],"wp:attachment":[{"href":"http:\/\/ak47.nu\/en\/wp-json\/wp\/v2\/media?parent=17687"}],"wp:term":[{"taxonomy":"product_brand","embeddable":true,"href":"http:\/\/ak47.nu\/en\/wp-json\/wp\/v2\/product_brand?post=17687"},{"taxonomy":"product_cat","embeddable":true,"href":"http:\/\/ak47.nu\/en\/wp-json\/wp\/v2\/product_cat?post=17687"},{"taxonomy":"product_tag","embeddable":true,"href":"http:\/\/ak47.nu\/en\/wp-json\/wp\/v2\/product_tag?post=17687"}],"curies":[{"name":"wp","href":"https:\/\/api.w.org\/{rel}","templated":true}]}}