{"id":17710,"date":"2022-05-05T14:47:39","date_gmt":"2022-05-05T12:47:39","guid":{"rendered":"https:\/\/ak47.nu\/produkt\/umarex-colt-saa-45-75-co2-pellet-gun\/"},"modified":"2025-12-03T19:48:25","modified_gmt":"2025-12-03T18:48:25","slug":"umarex-colt-saa-45-75-co2-pellet-gun","status":"publish","type":"product","link":"http:\/\/ak47.nu\/en\/product\/luftvapen\/co2-airguns\/revolvrar-co2-airguns\/umarex-colt-saa-45-75-co2-pellet-gun\/","title":{"rendered":"Umarex Colt SAA .45 7,5&#8243; Co2 Pellet gun"},"content":{"rendered":"<p>Colt Single Action Army .45-7,5&#8243;, Nickel, 4,5mm Diabol<\/p>\n<p>F\u00f6rnicklad version av Colt SAA med 7,5&#8243; l\u00e5ng pipa avsedd f\u00f6r diaboler<\/p>\n<p>Egenskaper<br \/>Kaliber 4,5mm (diabol) kolsyreversion p\u00e5 &#8221;The Gun That Won the West&#8221;<br \/>7,5&#8243; l\u00e5ng r\u00e4fflad pipa f\u00f6r diaboler<br \/>&#8221;Full Metal&#8221;<br \/>120 m\/s<br \/>ca.60 skott per kolsyrepatron<br \/>Single Action (hanen sp\u00e4ns upp mellan varje skott)<br \/>Autentisk laddning med metallpatroner<\/p>\n<p>Specifikationer<br \/>Vikt: 997 g<br \/>Totall\u00e4ngd: 328 mm<br \/>Konstruktion: Metall<br \/>Drivning: Co2<br \/>Pipl\u00e4ngd: 191 mm<br \/>Kaliber: 4,5 (.177) Diabolo mm<br \/>Magasinkapacitet: 6 skott<br \/>Anslagsenergi: 3,5 J<br \/>Avtryck: SA<br \/>Skott per kolsyrepatron: 120 st<br \/>Utg\u00e5ngshastighet BB: 120 m\/s<\/p>","protected":false},"excerpt":{"rendered":"<p>Colt Single Action Army .45-7,5&#8243;, Nickel, 4,5mm Diabol F\u00f6rnicklad version av Colt SAA med 7,5&#8243; l\u00e5ng pipa avsedd f\u00f6r diaboler EgenskaperKaliber 4,5mm (diabol) kolsyreversion p\u00e5 &#8221;The Gun That Won the West&#8221;7,5&#8243; l\u00e5ng r\u00e4fflad pipa f\u00f6r diaboler&#8221;Full Metal&#8221;120 m\/sca.60 skott per kolsyrepatronSingle Action (hanen sp\u00e4ns upp mellan varje skott)Autentisk laddning med metallpatroner SpecifikationerVikt: 997 gTotall\u00e4ngd: 328 [&#8230;]","protected":false},"featured_media":17707,"template":"","meta":[],"product_brand":[],"product_cat":[433],"product_tag":[],"class_list":{"0":"post-17710","1":"product","2":"type-product","3":"status-publish","4":"has-post-thumbnail","6":"product_cat-revolvrar-co2-airguns","7":"pa_brand-colt","9":"first","10":"outofstock","11":"sale","12":"taxable","13":"shipping-taxable","14":"purchasable","15":"product-type-simple"},"_links":{"self":[{"href":"http:\/\/ak47.nu\/en\/wp-json\/wp\/v2\/product\/17710","targetHints":{"allow":["GET"]}}],"collection":[{"href":"http:\/\/ak47.nu\/en\/wp-json\/wp\/v2\/product"}],"about":[{"href":"http:\/\/ak47.nu\/en\/wp-json\/wp\/v2\/types\/product"}],"wp:featuredmedia":[{"embeddable":true,"href":"http:\/\/ak47.nu\/en\/wp-json\/wp\/v2\/media\/17707"}],"wp:attachment":[{"href":"http:\/\/ak47.nu\/en\/wp-json\/wp\/v2\/media?parent=17710"}],"wp:term":[{"taxonomy":"product_brand","embeddable":true,"href":"http:\/\/ak47.nu\/en\/wp-json\/wp\/v2\/product_brand?post=17710"},{"taxonomy":"product_cat","embeddable":true,"href":"http:\/\/ak47.nu\/en\/wp-json\/wp\/v2\/product_cat?post=17710"},{"taxonomy":"product_tag","embeddable":true,"href":"http:\/\/ak47.nu\/en\/wp-json\/wp\/v2\/product_tag?post=17710"}],"curies":[{"name":"wp","href":"https:\/\/api.w.org\/{rel}","templated":true}]}}