{"id":17717,"date":"2022-05-05T14:47:40","date_gmt":"2022-05-05T12:47:40","guid":{"rendered":"https:\/\/ak47.nu\/produkt\/colt-python-25-45mm-bb-gun-airgun\/"},"modified":"2025-12-03T12:50:11","modified_gmt":"2025-12-03T11:50:11","slug":"colt-python-25-45mm-bb-gun-airgun","status":"publish","type":"product","link":"http:\/\/ak47.nu\/en\/product\/luftvapen\/co2-airguns\/revolvrar-co2-airguns\/colt-python-25-45mm-bb-gun-airgun\/","title":{"rendered":"Colt Python &#8211; 2,5&#8243; 4,5mm bb-gun airgun"},"content":{"rendered":"<p>Colt Python &#8211; 2,5&#8243; 4,5mm<br \/>&#8221;Kolsyrerevolver i kaliber 4,5mm med maximal skjutgl\u00e4dje f\u00f6r pengarna. Den h\u00e4r versionen av Colt Python har stomme i nylonfiberkomposit, en kort 2,5&#8243; pipa och kan avfyra b\u00e5de st\u00e5lrundkulor (Steel BBs) och diaboler!&#8221;<br \/>Colt Python<br \/>.357 Magnum<br \/>Klassisk revolver som av m\u00e5nga anses som en av de finare revolvermodellerna som tillverkats i st\u00f6rre skala. Python kamrades enbart f\u00f6r kaliber .357 Magnum men erbj\u00f6ds i flera olika pipl\u00e4ngder och utf\u00f6randen.<br \/>Umarex Luftvapen<br \/>Kvalitet och tradition<br \/>Umarex \u00e4r marknadsledande p\u00e5 luftvapen och har tillverkning b\u00e5de i Asien och i Tyskland. Viktiga faktorer till framg\u00e5ngen \u00e4r ett noggrant urval av produkter, h\u00f6ga kvalitetskrav och eftermarknadsservice och reservdelar en l\u00e5ng tid efter att vapnen \u00e4r tillverkat. I Umarexgruppen ing\u00e5r \u00e4ven Walther som har mycket l\u00e5ng erfarenhet av h\u00f6gkvalitativa luftvapen. De senaste fj\u00e4dervapnen fr\u00e5n Walther h\u00e5ller absolut toppklass.<\/p>\n<p>Egenskaper<br \/>* Magasin f\u00f6r diaboler (tillverkad i metall) och magasin f\u00f6r st\u00e5lrundkulor (tillverkad i komposit) medf\u00f6ljer<br \/>* Siktet \u00e4r justerbart i h\u00f6jd och sidled<\/p>\n<p>Specifikationer<br \/>Vikt: 518 g<br \/>Totall\u00e4ngd: 200 mm<br \/>Konstruktion: Komposit<br \/>Drivning: CO2<br \/>Mekanism: Revolver<br \/>Piptyp: Sl\u00e4tborrad<br \/>Pipl\u00e4ngd: 65 mm<br \/>Kilsp\u00e5r: Nej<br \/>Magasinkapacitet: 10 skott<br \/>Anslagsenergi: 1,75 J<br \/>Extra magasin ing\u00e5r: Nej<br \/>Manual: Ja, Engelsk<br \/>Avtryck: SA\/DA<br \/>Pipl\u00e4ngd: 2,5 &#8221;<br \/>Utg\u00e5ngshastighet BB: 110 m\/s<br \/>Kaliber st\u00e5lrundkulor: 4,5mm<br \/>Kaliber: 4,5 (.177) Steel BB mm<br \/>Skott per kolsyrepatron: 120 st<\/p>","protected":false},"excerpt":{"rendered":"<p>Colt Python &#8211; 2,5&#8243; 4,5mm&#8221;Kolsyrerevolver i kaliber 4,5mm med maximal skjutgl\u00e4dje f\u00f6r pengarna. Den h\u00e4r versionen av Colt Python har stomme i nylonfiberkomposit, en kort 2,5&#8243; pipa och kan avfyra b\u00e5de st\u00e5lrundkulor (Steel BBs) och diaboler!&#8221;Colt Python.357 MagnumKlassisk revolver som av m\u00e5nga anses som en av de finare revolvermodellerna som tillverkats i st\u00f6rre skala. Python [&#8230;]","protected":false},"featured_media":17715,"template":"","meta":[],"product_brand":[],"product_cat":[433],"product_tag":[],"class_list":{"0":"post-17717","1":"product","2":"type-product","3":"status-publish","4":"has-post-thumbnail","6":"product_cat-revolvrar-co2-airguns","7":"pa_brand-no-brand","9":"first","10":"outofstock","11":"sale","12":"taxable","13":"shipping-taxable","14":"purchasable","15":"product-type-simple"},"_links":{"self":[{"href":"http:\/\/ak47.nu\/en\/wp-json\/wp\/v2\/product\/17717","targetHints":{"allow":["GET"]}}],"collection":[{"href":"http:\/\/ak47.nu\/en\/wp-json\/wp\/v2\/product"}],"about":[{"href":"http:\/\/ak47.nu\/en\/wp-json\/wp\/v2\/types\/product"}],"wp:featuredmedia":[{"embeddable":true,"href":"http:\/\/ak47.nu\/en\/wp-json\/wp\/v2\/media\/17715"}],"wp:attachment":[{"href":"http:\/\/ak47.nu\/en\/wp-json\/wp\/v2\/media?parent=17717"}],"wp:term":[{"taxonomy":"product_brand","embeddable":true,"href":"http:\/\/ak47.nu\/en\/wp-json\/wp\/v2\/product_brand?post=17717"},{"taxonomy":"product_cat","embeddable":true,"href":"http:\/\/ak47.nu\/en\/wp-json\/wp\/v2\/product_cat?post=17717"},{"taxonomy":"product_tag","embeddable":true,"href":"http:\/\/ak47.nu\/en\/wp-json\/wp\/v2\/product_tag?post=17717"}],"curies":[{"name":"wp","href":"https:\/\/api.w.org\/{rel}","templated":true}]}}