{"id":18476,"date":"2022-05-06T08:40:46","date_gmt":"2022-05-06T06:40:46","guid":{"rendered":"https:\/\/ak47.nu\/produkt\/theta-optics-rodpunkt-1x30-reflex-sikte-replika\/"},"modified":"2025-12-03T20:32:27","modified_gmt":"2025-12-03T19:32:27","slug":"theta-optics-rodpunkt-1x30-reflex-sikte-replika","status":"publish","type":"product","link":"http:\/\/ak47.nu\/en\/product\/tillbehor-2\/optik\/rodpunktssikten\/theta-optics-rodpunkt-1x30-reflex-sikte-replika\/","title":{"rendered":"Theta Optics &#8211; R\u00f6dpunkt 1&#215;30 Reflex Sikte Replika"},"content":{"rendered":"<p>Theta Optics &#8211; R\u00f6dpunkt 1&#215;30 Reflex Sikte Replika<\/p>\n<p>Beskrivning<br \/>Theta Optics\u2122 r\u00f6dpunkt 1&#215;30 reflex sikte \u00e4r innesluten i ett metallh\u00f6lje och drivs av ett CR2032-batteri. Det till\u00e5ter anv\u00e4ndning av r\u00f6d punkt under b\u00e5de dag och natt. Siktpunkten kan enkelt regleras vertikalt och horisontellt. Siktet har flera ljusstyrkealternativ. Kikarsiktet, som \u00e4r designad f\u00f6r att monteras p\u00e5 en standard 22 mm RIS-r\u00e4ls, hj\u00e4lper dig att sikta snabbt och exakt.<\/p>\n<p>Syftet med Theta Optics\u2122 \u00e4r inte bara att f\u00f6rse h\u00f6gkvalitativ optisk utrustning, utan ocks\u00e5 att kontinuerligt bredda sitt utbud med innovativa l\u00f6sningar som \u00e4r vanliga i produkter av h\u00f6gsta kvalitet. Innan produkterna introduceras p\u00e5 marknaden genomg\u00e5r varje produkt en serie tester. Theta Optics\u2122 \u00e4r ett f\u00f6rslag f\u00f6r anv\u00e4ndare som s\u00f6ker en h\u00f6gkvalitativ produkt till ett rimligt pris.<\/p>\n<p>Specifikationer:<br \/>Material: Metall<br \/>L\u00e4ngd: 110mm<br \/>Vikt: 210g<br \/>F\u00e4rg: Svart<br \/>Punkt f\u00e4rg: R\u00f6d<br \/>Montering: RIS 22mm<\/p>\n<p>Inkluderat i settet:<br \/>&#8211; R\u00f6dpunkt reflex sikte<br \/>&#8211; Uppf\u00e4llbara linsskydd<br \/>&#8211; Anv\u00e4ndarmanual<br \/>&#8211; Reng\u00f6ringsduk<br \/>&#8211; CR2032 batteri<\/p>","protected":false},"excerpt":{"rendered":"<p>Theta Optics &#8211; R\u00f6dpunkt 1&#215;30 Reflex Sikte Replika &#8211; Det b\u00e4sta valet f\u00f6r en p\u00e5litlig och prisv\u00e4rd r\u00f6dpunktssikte replika. Med Theta Optics 1&#215;30 Reflex Sikte f\u00e5r du en h\u00f6gkvalitativ och exakt siktesbild f\u00f6r snabb och enkel m\u00e5ls\u00f6kning. Perfekt f\u00f6r jakt, skytte och taktiska situationer. Best\u00e4ll ditt Theta Optics sikte idag och ta din tr\u00e4ffs\u00e4kerhet till n\u00e4sta niv\u00e5.<\/p>","protected":false},"featured_media":18466,"template":"","meta":[],"product_brand":[],"product_cat":[470],"product_tag":[],"class_list":{"0":"post-18476","1":"product","2":"type-product","3":"status-publish","4":"has-post-thumbnail","6":"product_cat-rodpunktssikten","7":"pa_brand-theta-optics","9":"first","10":"outofstock","11":"taxable","12":"shipping-taxable","13":"purchasable","14":"product-type-simple"},"_links":{"self":[{"href":"http:\/\/ak47.nu\/en\/wp-json\/wp\/v2\/product\/18476","targetHints":{"allow":["GET"]}}],"collection":[{"href":"http:\/\/ak47.nu\/en\/wp-json\/wp\/v2\/product"}],"about":[{"href":"http:\/\/ak47.nu\/en\/wp-json\/wp\/v2\/types\/product"}],"wp:featuredmedia":[{"embeddable":true,"href":"http:\/\/ak47.nu\/en\/wp-json\/wp\/v2\/media\/18466"}],"wp:attachment":[{"href":"http:\/\/ak47.nu\/en\/wp-json\/wp\/v2\/media?parent=18476"}],"wp:term":[{"taxonomy":"product_brand","embeddable":true,"href":"http:\/\/ak47.nu\/en\/wp-json\/wp\/v2\/product_brand?post=18476"},{"taxonomy":"product_cat","embeddable":true,"href":"http:\/\/ak47.nu\/en\/wp-json\/wp\/v2\/product_cat?post=18476"},{"taxonomy":"product_tag","embeddable":true,"href":"http:\/\/ak47.nu\/en\/wp-json\/wp\/v2\/product_tag?post=18476"}],"curies":[{"name":"wp","href":"https:\/\/api.w.org\/{rel}","templated":true}]}}