{"id":18517,"date":"2022-05-06T08:41:03","date_gmt":"2022-05-06T06:41:03","guid":{"rendered":"https:\/\/ak47.nu\/produkt\/theta-optics-25-10x40-scope\/"},"modified":"2025-12-03T20:32:11","modified_gmt":"2025-12-03T19:32:11","slug":"theta-optics-25-10x40-scope","status":"publish","type":"product","link":"http:\/\/ak47.nu\/en\/product\/tillbehor-2\/optik\/kikarsikten\/theta-optics-25-10x40-scope\/","title":{"rendered":"Theta Optics 2.5-10X40 Scope | Adjustable Zoom"},"content":{"rendered":"<h1>Theta Optics - 2.5-10X40 Scope<\/h1>\n<h2>High-Quality Optics with Adjustable Zoom<\/h2>\n<p>The Theta Optics\u2122 2.5-10X40 scope guarantees high quality at a reasonable price. Enclosed in a durable metal housing, featuring transparent optics with a mid-dot crosshair and adjustable zoom, this scope is perfect for both day and night use. The crosshair illumination (red, blue, or green) can be smoothly adjusted horizontally and vertically. The product can be mounted on a standard 22 mm RIS rail.<\/p>\n<p>Powered by a CR2032 battery (included), Theta Optics\u2122 aims to provide innovative solutions and high-quality optical equipment. Each product undergoes a series of tests before being introduced to the market, ensuring a high-quality product at a reasonable price.<\/p>\n<h3>Specifications:<\/h3>\n<ul>\n <li>Material: Metal<\/li>\n <li>Length: 205mm<\/li>\n <li>Weight: 475g<\/li>\n <li>Color: Black<\/li>\n <li>Zoom: 2.5-10x<\/li>\n <li>Backlight Color: Red\/Green\/Blue<\/li>\n <li>Aperture: 40mm<\/li>\n<\/ul>\n<h3>Included in the set:<\/h3>\n<ul>\n <li>Rifle scope<\/li>\n <li>Lens covers<\/li>\n <li>User manual<\/li>\n <li>Battery<\/li>\n <li>Cleaning cloth<\/li>\n<\/ul>\n\n<p>Explore more high-quality optics and accessories in our <a href=\"https:\/\/ak47.nu\/en\/tillbehor-2\/optik\/kikarsikten\/\">Rifle Scopes category<\/a>. Enhance your shooting experience with Theta Optics\u2122. Visit <a href=\"https:\/\/ak47.nu\/en\/\">our homepage<\/a> to see our full range and check out <a href=\"https:\/\/ak47.nu\/en\/shop-2\/\">similar products<\/a> to suit your needs.<\/p>","protected":false},"excerpt":{"rendered":"<p>K\u00f6p Theta Optics 2,5-10X40 sikte online | H\u00f6gkvalitativ optik f\u00f6r precisionsskytte.<\/p>","protected":false},"featured_media":18510,"template":"","meta":[],"product_brand":[],"product_cat":[469],"product_tag":[],"class_list":{"0":"post-18517","1":"product","2":"type-product","3":"status-publish","4":"has-post-thumbnail","6":"product_cat-kikarsikten","7":"pa_brand-theta-optics","8":"pa_farg-svart","10":"first","11":"outofstock","12":"taxable","13":"shipping-taxable","14":"purchasable","15":"product-type-simple"},"_links":{"self":[{"href":"http:\/\/ak47.nu\/en\/wp-json\/wp\/v2\/product\/18517","targetHints":{"allow":["GET"]}}],"collection":[{"href":"http:\/\/ak47.nu\/en\/wp-json\/wp\/v2\/product"}],"about":[{"href":"http:\/\/ak47.nu\/en\/wp-json\/wp\/v2\/types\/product"}],"wp:featuredmedia":[{"embeddable":true,"href":"http:\/\/ak47.nu\/en\/wp-json\/wp\/v2\/media\/18510"}],"wp:attachment":[{"href":"http:\/\/ak47.nu\/en\/wp-json\/wp\/v2\/media?parent=18517"}],"wp:term":[{"taxonomy":"product_brand","embeddable":true,"href":"http:\/\/ak47.nu\/en\/wp-json\/wp\/v2\/product_brand?post=18517"},{"taxonomy":"product_cat","embeddable":true,"href":"http:\/\/ak47.nu\/en\/wp-json\/wp\/v2\/product_cat?post=18517"},{"taxonomy":"product_tag","embeddable":true,"href":"http:\/\/ak47.nu\/en\/wp-json\/wp\/v2\/product_tag?post=18517"}],"curies":[{"name":"wp","href":"https:\/\/api.w.org\/{rel}","templated":true}]}}