{"id":18543,"date":"2022-05-06T08:44:33","date_gmt":"2022-05-06T06:44:33","guid":{"rendered":"https:\/\/ak47.nu\/produkt\/theta-optics-open-ii-reflex-sight-replika\/"},"modified":"2025-08-21T11:13:35","modified_gmt":"2025-08-21T09:13:35","slug":"theta-optics-open-ii-reflex-sight-replica","status":"publish","type":"product","link":"http:\/\/ak47.nu\/en\/product\/tillbehor-2\/optik\/rodpunktssikten\/theta-optics-open-ii-reflex-sight-replica\/","title":{"rendered":"Theta Optics Open II Reflex Sight Replica | TO"},"content":{"rendered":"<h1>Theta Optics Open II Reflex Sight Replica<\/h1>\n\n<h2>Achieve Rapid and Accurate Aiming with Theta Optics\u2122 Open II<\/h2>\n<p>The Theta Optics\u2122 Open II reflex sight, powered by three LR44 batteries (not included), allows you to use a green or red dot during both day and night. The aiming point can be smoothly adjusted vertically and horizontally, and there are multiple brightness options to choose from. The user can select from four different aiming points to optimize aiming in various conditions. Mounted on a standard 22 mm RIS rail, this sight enables rapid and accurate aiming. Discover more <a href=\"https:\/\/ak47.nu\/en\/shop-2\/\">high-quality sights<\/a> in our range.<\/p>\n\n<h2>Innovative Solutions and High Quality<\/h2>\n<p>Theta Optics\u2122 aims not only to provide high-quality optical equipment but also to continuously broaden its range with innovative solutions commonly found in premium products. Before the products are introduced to the market, each product undergoes a series of tests. Theta Optics\u2122 is the perfect choice for users seeking a high-quality product at a reasonable price. Visit our <a href=\"https:\/\/ak47.nu\/en\/tillbehor-2\/optik\/\">optical accessories category<\/a> to see more.<\/p>\n\n<h3>Specifications:<\/h3>\n<ul>\n    <li>Material: Metal<\/li>\n    <li>Length: 93mm<\/li>\n    <li>Weight: 145g<\/li>\n    <li>Color: Black<\/li>\n    <li>Dot Color: Red\/Green<\/li>\n    <li>Mounting: RIS 22mm<\/li>\n<\/ul>\n\n<h3>Included in the set:<\/h3>\n<ul>\n    <li>Reflex sight<\/li>\n    <li>Allen key<\/li>\n    <li>User manual<\/li>\n    <li>Cleaning cloth<\/li>\n<\/ul>\n\n<p>Improve your precision and speed with this excellent reflex sight. Explore our wide range of products on <a href=\"https:\/\/ak47.nu\/en\/\">our website<\/a>.<\/p>","protected":false},"excerpt":{"rendered":"<p>Theta Optics &#8211; Open II Reflex Sight Replika &#8211; En prisv\u00e4rd och h\u00f6gkvalitativ replika av Theta Optics Open II Reflex Sight. Upplev precision och p\u00e5litlighet i dina skjut\u00f6vningar med detta reflexsikte.<\/p>","protected":false},"featured_media":18538,"template":"","meta":[],"product_brand":[],"product_cat":[468,470,450],"product_tag":[],"class_list":{"0":"post-18543","1":"product","2":"type-product","3":"status-publish","4":"has-post-thumbnail","6":"product_cat-optik","7":"product_cat-rodpunktssikten","8":"product_cat-tillbehor-2","9":"pa_brand-theta-optics","11":"first","12":"instock","13":"taxable","14":"shipping-taxable","15":"purchasable","16":"product-type-simple"},"_links":{"self":[{"href":"http:\/\/ak47.nu\/en\/wp-json\/wp\/v2\/product\/18543","targetHints":{"allow":["GET"]}}],"collection":[{"href":"http:\/\/ak47.nu\/en\/wp-json\/wp\/v2\/product"}],"about":[{"href":"http:\/\/ak47.nu\/en\/wp-json\/wp\/v2\/types\/product"}],"wp:featuredmedia":[{"embeddable":true,"href":"http:\/\/ak47.nu\/en\/wp-json\/wp\/v2\/media\/18538"}],"wp:attachment":[{"href":"http:\/\/ak47.nu\/en\/wp-json\/wp\/v2\/media?parent=18543"}],"wp:term":[{"taxonomy":"product_brand","embeddable":true,"href":"http:\/\/ak47.nu\/en\/wp-json\/wp\/v2\/product_brand?post=18543"},{"taxonomy":"product_cat","embeddable":true,"href":"http:\/\/ak47.nu\/en\/wp-json\/wp\/v2\/product_cat?post=18543"},{"taxonomy":"product_tag","embeddable":true,"href":"http:\/\/ak47.nu\/en\/wp-json\/wp\/v2\/product_tag?post=18543"}],"curies":[{"name":"wp","href":"https:\/\/api.w.org\/{rel}","templated":true}]}}