{"id":18630,"date":"2022-05-06T12:18:31","date_gmt":"2022-05-06T10:18:31","guid":{"rendered":"https:\/\/ak47.nu\/produkt\/kalashnikov-airsoft-replika-av-ak47-tactical-6mm-elektrisk\/"},"modified":"2025-12-03T20:30:56","modified_gmt":"2025-12-03T19:30:56","slug":"kalashnikov-airsoft-replika-av-ak47-tactical-6mm-elektrisk","status":"publish","type":"product","link":"http:\/\/ak47.nu\/en\/product\/airsoft\/electric-driven\/automatic-carbines\/kalashnikov-airsoft-replika-av-ak47-tactical-6mm-elektrisk\/","title":{"rendered":"Kalashnikov &#8211; Airsoft Replika av AK47 Tactical &#8211; 6mm Elektrisk"},"content":{"rendered":"<p><b>Kalashnikov &#8211; Airsoft Replika av AK47 Tactical<\/b><\/p>\n<p>Denna moderna version av AK-47 kommer med en hel metallkropp och ett ABS-grepp. Picatinny-r\u00e4lsar finns p\u00e5 och under grepp, vilket g\u00f6r det m\u00f6jligt att f\u00e4sta grepp eller sikten. Denna AEG-replika levereras med ett magasin med h\u00f6g kapacitet som rymmer upp till 550 pellets, ett 8.4V NiMH-batteri och dess laddare.<\/p>\n<p><b>Specifikationer<\/b><br \/>F\u00e4rg: Svart<br \/>Kaliber: 6mm<br \/>Drivning: Elektricitet<br \/>Vikt (in g): 2300<br \/>Kraft (i Joules): 1.4<br \/>Hastighet i FPS (0,20gr): 377<br \/>Hop-up: Hop-up justerbar<br \/>Eldl\u00e4gen: Full auto, Safe, Semi auto<br \/>Material: ABS, Metall<br \/>L\u00e4ngd (i mm): 875<br \/>Piptyp: AEG<br \/>Inre pip-h\u00e5l (i mm): 6.08<br \/>BBs kapacitet: 550<br \/>Batterikontakt: Tamiya mini<br \/>Mosfet: Nej<br \/>Kabeltyp: Baksida<br \/>Gear ratio: 18:1<br \/>Motor axis: Axe court<br \/>Gerbox typ: Gearbox V3<br \/>QD Gearbox: &#8211;<\/p>","protected":false},"excerpt":{"rendered":"<p>K\u00f6p en p\u00e5litlig och realistisk Kalashnikov Airsoft replika av AK47 Tactical i 6mm elektrisk variant. Perfekt f\u00f6r airsoft-entusiaster som vill ha en autentisk och kraftfull upplevelse. Best\u00e4ll nu f\u00f6r att ta din airsoft-spel till n\u00e4sta niv\u00e5!<\/p>","protected":false},"featured_media":18625,"template":"","meta":[],"product_brand":[],"product_cat":[400],"product_tag":[],"class_list":{"0":"post-18630","1":"product","2":"type-product","3":"status-publish","4":"has-post-thumbnail","6":"product_cat-automatkarbiner","7":"pa_brand-kalashnikov","9":"first","10":"outofstock","11":"taxable","12":"shipping-taxable","13":"purchasable","14":"product-type-simple"},"_links":{"self":[{"href":"http:\/\/ak47.nu\/en\/wp-json\/wp\/v2\/product\/18630","targetHints":{"allow":["GET"]}}],"collection":[{"href":"http:\/\/ak47.nu\/en\/wp-json\/wp\/v2\/product"}],"about":[{"href":"http:\/\/ak47.nu\/en\/wp-json\/wp\/v2\/types\/product"}],"wp:featuredmedia":[{"embeddable":true,"href":"http:\/\/ak47.nu\/en\/wp-json\/wp\/v2\/media\/18625"}],"wp:attachment":[{"href":"http:\/\/ak47.nu\/en\/wp-json\/wp\/v2\/media?parent=18630"}],"wp:term":[{"taxonomy":"product_brand","embeddable":true,"href":"http:\/\/ak47.nu\/en\/wp-json\/wp\/v2\/product_brand?post=18630"},{"taxonomy":"product_cat","embeddable":true,"href":"http:\/\/ak47.nu\/en\/wp-json\/wp\/v2\/product_cat?post=18630"},{"taxonomy":"product_tag","embeddable":true,"href":"http:\/\/ak47.nu\/en\/wp-json\/wp\/v2\/product_tag?post=18630"}],"curies":[{"name":"wp","href":"https:\/\/api.w.org\/{rel}","templated":true}]}}