{"id":20961,"date":"2022-05-07T11:31:31","date_gmt":"2022-05-07T09:31:31","guid":{"rendered":"https:\/\/ak47.nu\/produkt\/well-d-93-micro-uzi-replika-airsoft-6mm-elektrisk\/"},"modified":"2025-12-03T20:23:45","modified_gmt":"2025-12-03T19:23:45","slug":"well-d-93-micro-uzi-airsoft-replica-electric","status":"publish","type":"product","link":"http:\/\/ak47.nu\/en\/product\/airsoft\/electric-driven\/kulsprutor\/well-d-93-micro-uzi-airsoft-replica-electric\/","title":{"rendered":"WELL D-93 Micro UZI Airsoft Replica - Electric"},"content":{"rendered":"<h1>WELL - D-93 Micro UZI Airsoft Replica - Electric<\/h1>\n<h2>Simple and Robust Airsoft Replica for Beginners<\/h2>\n<p>The WELL D-93 is a simple electric-powered airsoft replica, perfect for those looking to get started with airsoft or as a reliable sidearm during games. This Micro UZI replica is robustly made of impact-resistant ABS plastic and has a magazine that holds 200 rounds, giving you enough ammunition for action-packed games. Equipped with full auto mode.<\/p>\n<h3>Included Accessories and Specifications:<\/h3>\n<ul>\n <li>Comes with charger, small bag of BBs, battery, and replica.<\/li>\n <li>EU-standard charger included.<\/li>\n <li>Muzzle velocity: 135 fps (feet per second).<\/li>\n <li>Firing mode: Full auto.<\/li>\n<\/ul>\n<p>This airsoft replica is an excellent choice for both beginners and experienced players looking for an affordable and reliable option. Don't miss our other <a href=\"https:\/\/ak47.nu\/en\/shop-2\/\">airsoft replicas<\/a> to find the model that suits you best. Explore our wide range of <a href=\"https:\/\/ak47.nu\/en\/airsoft\/\">airsoft guns<\/a> and accessories to optimize your gaming experience. Visit <a href=\"https:\/\/ak47.nu\/en\/\">our website<\/a> to see our entire range.<\/p>","protected":false},"excerpt":{"rendered":"<p>K\u00f6p WELL D-93 Micro UZI replika &#8211; elektrisk airsoftpistol i 6mm. Perfekt f\u00f6r airsoftspel. Best\u00e4ll nu f\u00f6r snabb leverans.<\/p>","protected":false},"featured_media":20956,"template":"","meta":[],"product_brand":[],"product_cat":[402],"product_tag":[],"class_list":{"0":"post-20961","1":"product","2":"type-product","3":"status-publish","4":"has-post-thumbnail","6":"product_cat-kulsprutor","7":"pa_brand-well","9":"first","10":"outofstock","11":"sale","12":"taxable","13":"shipping-taxable","14":"purchasable","15":"product-type-simple"},"_links":{"self":[{"href":"http:\/\/ak47.nu\/en\/wp-json\/wp\/v2\/product\/20961","targetHints":{"allow":["GET"]}}],"collection":[{"href":"http:\/\/ak47.nu\/en\/wp-json\/wp\/v2\/product"}],"about":[{"href":"http:\/\/ak47.nu\/en\/wp-json\/wp\/v2\/types\/product"}],"wp:featuredmedia":[{"embeddable":true,"href":"http:\/\/ak47.nu\/en\/wp-json\/wp\/v2\/media\/20956"}],"wp:attachment":[{"href":"http:\/\/ak47.nu\/en\/wp-json\/wp\/v2\/media?parent=20961"}],"wp:term":[{"taxonomy":"product_brand","embeddable":true,"href":"http:\/\/ak47.nu\/en\/wp-json\/wp\/v2\/product_brand?post=20961"},{"taxonomy":"product_cat","embeddable":true,"href":"http:\/\/ak47.nu\/en\/wp-json\/wp\/v2\/product_cat?post=20961"},{"taxonomy":"product_tag","embeddable":true,"href":"http:\/\/ak47.nu\/en\/wp-json\/wp\/v2\/product_tag?post=20961"}],"curies":[{"name":"wp","href":"https:\/\/api.w.org\/{rel}","templated":true}]}}