{"id":21272,"date":"2022-05-07T12:37:55","date_gmt":"2022-05-07T10:37:55","guid":{"rendered":"https:\/\/ak47.nu\/produkt\/hakkotsu-45rd-magasin-till-apm40a3-airsoft-6mm\/"},"modified":"2026-02-16T14:20:30","modified_gmt":"2026-02-16T13:20:30","slug":"hakkotsu-45rd-magazine-for-apm40a3-airsoft","status":"publish","type":"product","link":"http:\/\/ak47.nu\/en\/product\/tillbehor-2\/magasin\/hakkotsu-45rd-magazine-for-apm40a3-airsoft\/","title":{"rendered":"HAKKOTSU 45rd Magazine for APM40A3 Airsoft"},"content":{"rendered":"<h1>HAKKOTSU - 45rd Magazine for APM40A3 Airsoft 6mm<\/h1>\n\n<h2>Reliable Magazine for Your APM40A3 Airsoft Rifle<\/h2>\n<p>This HAKKOTSU magazine is designed for the APM40A3 airsoft rifle and holds 45 BBs. With its robust steel construction and light weight, this magazine is a reliable choice for any airsoft player.<\/p>\n\n<h3>Specifications:<\/h3>\n<ul>\n    <li><strong>Capacity:<\/strong> 45 BBs<\/li>\n    <li><strong>Material:<\/strong> Steel<\/li>\n    <li><strong>Weight:<\/strong> 220 g<\/li>\n    <li><strong>Model:<\/strong> Low-cap<\/li>\n    <li><strong>Color:<\/strong> Black<\/li>\n<\/ul>\n\n<p>Upgrade your airsoft gear with this HAKKOTSU magazine. Its lightweight design and durable construction make it an ideal companion on the airsoft field. For more accessories, check out our selection of <a href=\"https:\/\/ak47.nu\/en\/shop-2\/\">airsoft magazines<\/a>. Also, explore our <a href=\"https:\/\/ak47.nu\/en\/tillbehor-2\/magasin\/\">airsoft accessories<\/a> to complete your setup. Don't miss our other products from <a href=\"https:\/\/ak47.nu\/en\/\">HAKKOTSU<\/a>.<\/p>","protected":false},"excerpt":{"rendered":"<p>HAKKOTSU &#8211; 45rd Magasin f\u00f6r APM40A3 airsoft 6mm &#8211; K\u00f6p det b\u00e4sta magasinet f\u00f6r din APM40A3 airsoft pistol hos HAKKOTSU. Med en kapacitet p\u00e5 45 skott och tillverkat f\u00f6r 6mm kulor, \u00e4r detta magasin perfekt f\u00f6r att f\u00f6rb\u00e4ttra din airsoft-upplevelse. Best\u00e4ll nu och f\u00e5 snabb leverans till d\u00f6rren.<\/p>","protected":false},"featured_media":21266,"template":"","meta":[],"product_brand":[],"product_cat":[464],"product_tag":[],"class_list":{"0":"post-21272","1":"product","2":"type-product","3":"status-publish","4":"has-post-thumbnail","6":"product_cat-magasin","7":"pa_brand-hakkotsu","9":"first","10":"outofstock","11":"sale","12":"taxable","13":"shipping-taxable","14":"purchasable","15":"product-type-simple"},"_links":{"self":[{"href":"http:\/\/ak47.nu\/en\/wp-json\/wp\/v2\/product\/21272","targetHints":{"allow":["GET"]}}],"collection":[{"href":"http:\/\/ak47.nu\/en\/wp-json\/wp\/v2\/product"}],"about":[{"href":"http:\/\/ak47.nu\/en\/wp-json\/wp\/v2\/types\/product"}],"wp:featuredmedia":[{"embeddable":true,"href":"http:\/\/ak47.nu\/en\/wp-json\/wp\/v2\/media\/21266"}],"wp:attachment":[{"href":"http:\/\/ak47.nu\/en\/wp-json\/wp\/v2\/media?parent=21272"}],"wp:term":[{"taxonomy":"product_brand","embeddable":true,"href":"http:\/\/ak47.nu\/en\/wp-json\/wp\/v2\/product_brand?post=21272"},{"taxonomy":"product_cat","embeddable":true,"href":"http:\/\/ak47.nu\/en\/wp-json\/wp\/v2\/product_cat?post=21272"},{"taxonomy":"product_tag","embeddable":true,"href":"http:\/\/ak47.nu\/en\/wp-json\/wp\/v2\/product_tag?post=21272"}],"curies":[{"name":"wp","href":"https:\/\/api.w.org\/{rel}","templated":true}]}}