{"id":21342,"date":"2022-05-08T14:39:35","date_gmt":"2022-05-08T12:39:35","guid":{"rendered":"https:\/\/ak47.nu\/produkt\/nylon-case-for-gun-or-equipment-41\/"},"modified":"2025-12-03T20:31:46","modified_gmt":"2025-12-03T19:31:46","slug":"src-nylon-case-gun-equipment-41-inch","status":"publish","type":"product","link":"http:\/\/ak47.nu\/en\/product\/tillbehor-2\/vasker\/src-nylon-case-gun-equipment-41-inch\/","title":{"rendered":"SRC Nylon Case for Gun or Equipment 41\""},"content":{"rendered":"<h1>SRC Nylon Case for Gun or Equipment 41\"<\/h1>\n<h2>Safe Storage and Transport for Weapons and Equipment<\/h2>\n<p>This very sturdy case is ideal for safely storing and transporting a gun or delicate equipment that needs extra protection. The SRC nylon case provides reliable protection during transport and storage.<\/p>\n<h3>Features and Dimensions<\/h3>\n<ul>\n <li>Weight: 5100 g<\/li>\n <li>Color: Tan<\/li>\n <li>Length: 1040 mm<\/li>\n <li>Material: Nylon<\/li>\n <li>Width: 380 mm<\/li>\n <li>Height: 150 mm<\/li>\n<\/ul>\n<h3>Inner Dimensions<\/h3>\n<ul>\n <li>Length: 101 cm<\/li>\n <li>Width: 33 cm<\/li>\n <li>Height: 12.5 cm<\/li>\n<\/ul>\n<p>Keep your equipment safe with this durable nylon case. Check out our range of <a href=\"https:\/\/ak47.nu\/en\/shop-2\/\">other gun cases<\/a>. Visit our <a href=\"https:\/\/ak47.nu\/en\/tillbehor-2\/\">weapon accessories category<\/a> for more protective equipment. You can find our full range on <a href=\"https:\/\/ak47.nu\/en\/\">our website<\/a>.<\/p>","protected":false},"excerpt":{"rendered":"<p>K\u00f6p det b\u00e4sta nylonfodralet f\u00f6r vapen eller utrustning &#8211; 41 tum. H\u00e5ll dina vapen och utrustning s\u00e4kra och skyddade med v\u00e5rt h\u00f6gkvalitativa nylonfodral. Best\u00e4ll nu f\u00f6r snabb leverans och \u00f6verl\u00e4gsen kvalitet.<\/p>","protected":false},"featured_media":21340,"template":"","meta":[],"product_brand":[],"product_cat":[564],"product_tag":[],"class_list":{"0":"post-21342","1":"product","2":"type-product","3":"status-publish","4":"has-post-thumbnail","6":"product_cat-vasker","7":"pa_brand-src","8":"pa_farg-brun","10":"first","11":"outofstock","12":"sale","13":"taxable","14":"shipping-taxable","15":"purchasable","16":"product-type-simple"},"_links":{"self":[{"href":"http:\/\/ak47.nu\/en\/wp-json\/wp\/v2\/product\/21342","targetHints":{"allow":["GET"]}}],"collection":[{"href":"http:\/\/ak47.nu\/en\/wp-json\/wp\/v2\/product"}],"about":[{"href":"http:\/\/ak47.nu\/en\/wp-json\/wp\/v2\/types\/product"}],"wp:featuredmedia":[{"embeddable":true,"href":"http:\/\/ak47.nu\/en\/wp-json\/wp\/v2\/media\/21340"}],"wp:attachment":[{"href":"http:\/\/ak47.nu\/en\/wp-json\/wp\/v2\/media?parent=21342"}],"wp:term":[{"taxonomy":"product_brand","embeddable":true,"href":"http:\/\/ak47.nu\/en\/wp-json\/wp\/v2\/product_brand?post=21342"},{"taxonomy":"product_cat","embeddable":true,"href":"http:\/\/ak47.nu\/en\/wp-json\/wp\/v2\/product_cat?post=21342"},{"taxonomy":"product_tag","embeddable":true,"href":"http:\/\/ak47.nu\/en\/wp-json\/wp\/v2\/product_tag?post=21342"}],"curies":[{"name":"wp","href":"https:\/\/api.w.org\/{rel}","templated":true}]}}