{"id":21452,"date":"2022-05-08T14:41:15","date_gmt":"2022-05-08T12:41:15","guid":{"rendered":"https:\/\/ak47.nu\/produkt\/fma-case-for-gun-or-equipment-20-26-9\/"},"modified":"2025-12-03T19:43:52","modified_gmt":"2025-12-03T18:43:52","slug":"fma-case-for-gun-or-equipment-20-26-9","status":"publish","type":"product","link":"http:\/\/ak47.nu\/en\/product\/tillbehor-2\/vasker\/fma-case-for-gun-or-equipment-20-26-9\/","title":{"rendered":"FMA &#8211; Case for gun or equipment 20 * 26 * 9"},"content":{"rendered":"<p>This very sturdy case is ideal for storing and carrying a gun or for delicate equipment<\/p>\n<p>Inner dimensions of nylon gun case:<br \/>* length: 20 cm<br \/>* width: 26 cm<br \/>* height: 9 cm<\/p>\n<p>Weight: 820 g<br \/>Color: black<br \/>Material: nylon<br \/>Manufacturer: FMA<\/p>","protected":false},"excerpt":{"rendered":"<p>FMA &#8211; V\u00e4ska f\u00f6r vapen eller utrustning i storlek 20 * 26 * 9. H\u00f6gkvalitativ och h\u00e5llbar v\u00e4ska som \u00e4r perfekt f\u00f6r att transportera och skydda ditt vapen eller annan utrustning. Med sin optimala storlek p\u00e5 20 * 26 * 9 cm passar den perfekt f\u00f6r att b\u00e4ra med sig p\u00e5 resor eller f\u00f6rvaring. FMA-v\u00e4skan \u00e4r tillverkad av slitstarkt material och har en s\u00e4ker st\u00e4ngning f\u00f6r att s\u00e4kerst\u00e4lla att din utrustning \u00e4r skyddad och s\u00e4ker. En idealisk l\u00f6sning f\u00f6r j\u00e4gare, skyttar eller milit\u00e4rpersonal som beh\u00f6ver en p\u00e5litlig och praktisk v\u00e4ska f\u00f6r sina vapen och utrustning.<\/p>","protected":false},"featured_media":21447,"template":"","meta":[],"product_brand":[],"product_cat":[564],"product_tag":[],"class_list":{"0":"post-21452","1":"product","2":"type-product","3":"status-publish","4":"has-post-thumbnail","6":"product_cat-vasker","7":"pa_brand-fma","9":"first","10":"outofstock","11":"sale","12":"taxable","13":"shipping-taxable","14":"purchasable","15":"product-type-simple"},"_links":{"self":[{"href":"http:\/\/ak47.nu\/en\/wp-json\/wp\/v2\/product\/21452","targetHints":{"allow":["GET"]}}],"collection":[{"href":"http:\/\/ak47.nu\/en\/wp-json\/wp\/v2\/product"}],"about":[{"href":"http:\/\/ak47.nu\/en\/wp-json\/wp\/v2\/types\/product"}],"wp:featuredmedia":[{"embeddable":true,"href":"http:\/\/ak47.nu\/en\/wp-json\/wp\/v2\/media\/21447"}],"wp:attachment":[{"href":"http:\/\/ak47.nu\/en\/wp-json\/wp\/v2\/media?parent=21452"}],"wp:term":[{"taxonomy":"product_brand","embeddable":true,"href":"http:\/\/ak47.nu\/en\/wp-json\/wp\/v2\/product_brand?post=21452"},{"taxonomy":"product_cat","embeddable":true,"href":"http:\/\/ak47.nu\/en\/wp-json\/wp\/v2\/product_cat?post=21452"},{"taxonomy":"product_tag","embeddable":true,"href":"http:\/\/ak47.nu\/en\/wp-json\/wp\/v2\/product_tag?post=21452"}],"curies":[{"name":"wp","href":"https:\/\/api.w.org\/{rel}","templated":true}]}}