{"id":49727,"date":"2022-11-15T12:18:29","date_gmt":"2022-11-15T11:18:29","guid":{"rendered":"https:\/\/ak47.nu\/produkt\/norica-cal-45-55-rengorings-kit\/"},"modified":"2025-12-03T20:32:03","modified_gmt":"2025-12-03T19:32:03","slug":"norica-cleaning-kit-cal-4-5-5-5","status":"publish","type":"product","link":"http:\/\/ak47.nu\/en\/product\/tillbehor-2\/rengoring\/norica-cleaning-kit-cal-4-5-5-5\/","title":{"rendered":"Norica Cleaning Kit Cal. 4.5 \/ 5.5"},"content":{"rendered":"<h1>Norica Cleaning Kit Cal. 4.5 \/ 5.5<\/h1>\n<h2>Keep Your Norica Air Rifles and Pistols in Top Condition<\/h2>\n<p>This cleaning kit from Norica is designed to maintain your 4.5 and 5.5 caliber air rifles and air pistols. Regular cleaning extends the life and maintains the precision of your weapons.<\/p>\n<h3>Contents<\/h3>\n<ul>\n  <li>Cleaning tools adapted for caliber 4.5 and 5.5<\/li>\n  <li>Designed for Norica air rifles and air pistols<\/li>\n<\/ul>\n<h3>Benefits of a Clean Weapon<\/h3>\n<ul>\n  <li>Increased weapon lifespan<\/li>\n  <li>Maintained precision<\/li>\n  <li>Reduced risk of malfunctions<\/li>\n<\/ul>\n<p>Invest in this cleaning kit from Norica and ensure your air rifles and air pistols always perform at their best. <a href=\"https:\/\/ak47.nu\/en\/shop-2\/\">See our other airgun maintenance products<\/a>. Remember to take care of your weapons for the best shooting experience!<\/p>\n<p>Visit our <a href=\"https:\/\/ak47.nu\/en\/tillbehor-2\/rengoring\/\">gun accessories category<\/a> for more products to suit your needs. To see our full range, visit our <a href=\"https:\/\/ak47.nu\/en\/\">homepage<\/a>.<\/p>","protected":false},"excerpt":{"rendered":"<p>K\u00f6p Norica reng\u00f6ringskit f\u00f6r kalibern 4,5 \/ 5,5 online. H\u00e5ll ditt vapen rent och i toppskick med detta h\u00f6gkvalitativa reng\u00f6ringskit fr\u00e5n Norica. Best\u00e4ll idag och f\u00e5 snabb leverans.<\/p>","protected":false},"featured_media":49719,"template":"","meta":[],"product_brand":[],"product_cat":[574],"product_tag":[],"class_list":{"0":"post-49727","1":"product","2":"type-product","3":"status-publish","4":"has-post-thumbnail","6":"product_cat-rengoring","7":"pa_brand-norica","9":"first","10":"outofstock","11":"taxable","12":"shipping-taxable","13":"purchasable","14":"product-type-simple"},"_links":{"self":[{"href":"http:\/\/ak47.nu\/en\/wp-json\/wp\/v2\/product\/49727","targetHints":{"allow":["GET"]}}],"collection":[{"href":"http:\/\/ak47.nu\/en\/wp-json\/wp\/v2\/product"}],"about":[{"href":"http:\/\/ak47.nu\/en\/wp-json\/wp\/v2\/types\/product"}],"wp:featuredmedia":[{"embeddable":true,"href":"http:\/\/ak47.nu\/en\/wp-json\/wp\/v2\/media\/49719"}],"wp:attachment":[{"href":"http:\/\/ak47.nu\/en\/wp-json\/wp\/v2\/media?parent=49727"}],"wp:term":[{"taxonomy":"product_brand","embeddable":true,"href":"http:\/\/ak47.nu\/en\/wp-json\/wp\/v2\/product_brand?post=49727"},{"taxonomy":"product_cat","embeddable":true,"href":"http:\/\/ak47.nu\/en\/wp-json\/wp\/v2\/product_cat?post=49727"},{"taxonomy":"product_tag","embeddable":true,"href":"http:\/\/ak47.nu\/en\/wp-json\/wp\/v2\/product_tag?post=49727"}],"curies":[{"name":"wp","href":"https:\/\/api.w.org\/{rel}","templated":true}]}}