{"id":55066,"date":"2023-09-07T08:53:35","date_gmt":"2023-09-07T06:53:35","guid":{"rendered":"https:\/\/ak47.nu\/produkt\/crosman-st1-4-5mm-luftgevar-3-j\/"},"modified":"2025-12-03T23:59:52","modified_gmt":"2025-12-03T22:59:52","slug":"crosman-st1-4-5mm-air-rifle-full-auto-bb-gun","status":"publish","type":"product","link":"http:\/\/ak47.nu\/en\/product\/luftvapen\/co2-airguns\/automatkarbiner-co2-airguns\/crosman-st1-4-5mm-air-rifle-full-auto-bb-gun\/","title":{"rendered":"Crosman ST1 4.5mm Air Rifle | Full-Auto BB Gun"},"content":{"rendered":"<h1>Crosman ST1 4.5mm Air Rifle<\/h1>\n<h2>The Future of Airguns: Rifle and Pistol in One<\/h2>\n<p>The Crosman ST-1 4.5mm air rifle takes airgun shooting into the future. This full-automatic BB air rifle combines rifle and pistol functionalities in one sleek design.<\/p>\n<h3>High Capacity & Full-Auto Firing<\/h3>\n<p>With a magazine holding over 400 BBs, enjoy extended shooting sessions without reloading. The ST-1 is perfect for target practice. Quickly switch between rifle and pistol configurations for maximum flexibility. Discover our selection of <a href=\"https:\/\/ak47.nu\/en\/shop-2\/\">other air rifles<\/a> to suit your needs. For more information about the <a href=\"https:\/\/ak47.nu\/en\/luftvapen\/co2-airguns\/automatkarbiner-co2-airguns\/\">air rifle category<\/a>, visit our page. Don't miss out on this unique airgun \u2013 visit <a href=\"https:\/\/ak47.nu\/en\/\">our website<\/a> today!<\/p>\n<h3>Rifle to Pistol \u2013 Quick Change<\/h3>\n<p>The ST-1 functions as both a rifle and a pistol. With the adjustable and removable stock, the pistol quickly transforms into a red dot sight rifle. Without the stock, it becomes a full-automatic AR pistol perfect for fast-paced action.<\/p>\n<h3>Specifications:<\/h3>\n<ul>\n <li>Weight: 2.85 kg<\/li>\n <li>Caliber: .177 (4.5 mm)<\/li>\n <li>Color: Black, White<\/li>\n <li>Velocity: Steel BB Up to 130 m\/s<\/li>\n <li>Safety: Selector<\/li>\n <li>Magazine Capacity: 25<\/li>\n <li>Barrel Type: Smooth bore<\/li>\n <li>Action: Full-\/Semi-Automatic<\/li>\n <li>Power Source: CO2<\/li>\n <li>Ammunition: Steel BB<\/li>\n <li>Barrel Material: Steel<\/li>\n <li>Material: Nylon Fiber<\/li>\n <li>Mounting Rail: Picatinny<\/li>\n <li>Optics: Red Dot Sight<\/li>\n <li>Stock Material: Nylon Fiber<\/li>\n <li>Stock Style: Tactical<\/li>\n<\/ul>","protected":false},"excerpt":{"rendered":"<p>K\u00f6p Crosman ST1 4.5mm Luftgev\u00e4r 3 J &#8211; H\u00f6gkvalitativt luftgev\u00e4r f\u00f6r precisionsskytte. Perfekt f\u00f6r b\u00e5de nyb\u00f6rjare och erfarna skyttar. Best\u00e4ll nu och f\u00e5 snabb leverans!<\/p>","protected":false},"featured_media":55038,"template":"","meta":[],"product_brand":[],"product_cat":[434],"product_tag":[],"class_list":{"0":"post-55066","1":"product","2":"type-product","3":"status-publish","4":"has-post-thumbnail","6":"product_cat-automatkarbiner-co2-airguns","7":"pa_brand-crosman","9":"first","10":"outofstock","11":"taxable","12":"shipping-taxable","13":"purchasable","14":"product-type-simple"},"_links":{"self":[{"href":"http:\/\/ak47.nu\/en\/wp-json\/wp\/v2\/product\/55066","targetHints":{"allow":["GET"]}}],"collection":[{"href":"http:\/\/ak47.nu\/en\/wp-json\/wp\/v2\/product"}],"about":[{"href":"http:\/\/ak47.nu\/en\/wp-json\/wp\/v2\/types\/product"}],"wp:featuredmedia":[{"embeddable":true,"href":"http:\/\/ak47.nu\/en\/wp-json\/wp\/v2\/media\/55038"}],"wp:attachment":[{"href":"http:\/\/ak47.nu\/en\/wp-json\/wp\/v2\/media?parent=55066"}],"wp:term":[{"taxonomy":"product_brand","embeddable":true,"href":"http:\/\/ak47.nu\/en\/wp-json\/wp\/v2\/product_brand?post=55066"},{"taxonomy":"product_cat","embeddable":true,"href":"http:\/\/ak47.nu\/en\/wp-json\/wp\/v2\/product_cat?post=55066"},{"taxonomy":"product_tag","embeddable":true,"href":"http:\/\/ak47.nu\/en\/wp-json\/wp\/v2\/product_tag?post=55066"}],"curies":[{"name":"wp","href":"https:\/\/api.w.org\/{rel}","templated":true}]}}