{"id":55531,"date":"2023-09-18T14:58:27","date_gmt":"2023-09-18T12:58:27","guid":{"rendered":"https:\/\/ak47.nu\/produkt\/nxwerks-nx92-premium-classic-chrome-4-5mm-luftpistol-co2\/"},"modified":"2025-12-04T00:00:40","modified_gmt":"2025-12-03T23:00:40","slug":"nx92-premium-chrome-45mm-co2-air-pistol","status":"publish","type":"product","link":"http:\/\/ak47.nu\/en\/product\/luftvapen\/co2-airguns\/the-co2-airguns\/nx92-premium-chrome-45mm-co2-air-pistol\/","title":{"rendered":"NX92 Premium Chrome 4.5mm Co2 Air Pistol | NxWerks"},"content":{"rendered":"<h1>NxWerks NX92 Premium Chrome 4.5mm Co2 Air Pistol<\/h1>\n<h2>Realistic Beretta-style air pistol with blowback<\/h2>\n<p>The NxWerks NX92 Premium Chrome 4.5mm Co2 Air Pistol is a Beretta-inspired air pistol that combines power and realism. This model uses 12g Co2 cartridges to deliver a powerful blowback effect and impressive power output. The realism and attention to detail make this air pistol an excellent choice for both collectors and shooters. Discover the power and precision of the NX92 - <a href=\"https:\/\/ak47.nu\/en\/shop-2\/\">explore similar air pistols<\/a> in our range.<\/p>\n<h3>Features and Benefits<\/h3>\n<ul>\n  <li><b>Powerful Blowback:<\/b> Provides a realistic shooting experience.<\/li>\n  <li><b>High output:<\/b> Delivers 300 FPS and a kinetic energy of up to 2 joules.<\/li>\n  <li><b>Detailed Design:<\/b> Manufactured with great attention to detail to mimic an authentic Beretta.<\/li>\n<\/ul>\n<h3>Specifications<\/h3>\n<ul>\n  <li><b>Caliber:<\/b> .177 Cal 4.5 mm<\/li>\n  <li><b>Ammunition:<\/b> Steel BBs<\/li>\n  <li><b>System:<\/b> Co2 Blowback, semi-automatic<\/li>\n  <li><b>Powered by:<\/b> 12g Co2 Cartridge<\/li>\n  <li><b>Magazine:<\/b> 20 shots<\/li>\n  <li><b>Power:<\/b> max. 2 Joule, 300 FPS<\/li>\n  <li><b>Barrel:<\/b> metal, smooth, 105 mm<\/li>\n  <li><b>Sight:<\/b> Rear sight and front sight, fixed<\/li>\n  <li><b>Safety:<\/b> Manual safety, Double-sided<\/li>\n  <li><b>Trigger:<\/b> Single action, Double action<\/li>\n  <li><b>Slide material:<\/b> Metal<\/li>\n  <li><b>Housing material:<\/b> Metal<\/li>\n  <li><b>Length:<\/b> 21 cm<\/li>\n  <li><b>Weight:<\/b> 930g<\/li>\n  <li><b>Colour:<\/b> Chrome<\/li>\n  <li><b>Brand:<\/b> NxWerks Precision Arms<\/li>\n  <li><b>Handle:<\/b> Synthetic<\/li>\n  <li><b>Magazine:<\/b> All-in-one magazine<\/li>\n<\/ul>\n<h3>What is included?<\/h3>\n<p>In addition to the air pistol, a premium hard case, a speed loader and a user manual are also included. Everything you need to get started right away. Are you curious about our entire range? <a href=\"https:\/\/ak47.nu\/en\/luftvapen\/co2-airguns\/\">See our category of air pistols<\/a> for more options.<\/p>\n<p>The NxWerks NX92 Premium Chrome is more than just an air pistol - it is an investment in precision and realism. With its robust construction and detailed design, it will provide you with many hours of shooting pleasure. <a href=\"https:\/\/ak47.nu\/en\/\">Visit our website<\/a> to discover more about NxWerks and our other products.<\/p>","protected":false},"excerpt":{"rendered":"<p>K\u00f6p NxWerks NX92 Premium Classic Chrome 4.5mm luftpistol Co2 &#8211; en h\u00f6gkvalitativ luftpistol f\u00f6r entusiaster. Utforska v\u00e5rt sortiment av luftpistoler med Co2-teknik och njut av en autentisk och kraftfull skjutupplevelse. Best\u00e4ll din NX92 Premium Classic Chrome 4.5mm luftpistol Co2 fr\u00e5n NxWerks idag!<\/p>","protected":false},"featured_media":55519,"template":"","meta":[],"product_brand":[],"product_cat":[432],"product_tag":[],"class_list":{"0":"post-55531","1":"product","2":"type-product","3":"status-publish","4":"has-post-thumbnail","6":"product_cat-pistoler-co2-airguns","7":"pa_brand-nxwerks-precision-arms","8":"pa_farg-silver","10":"first","11":"outofstock","12":"taxable","13":"shipping-taxable","14":"purchasable","15":"product-type-simple"},"_links":{"self":[{"href":"http:\/\/ak47.nu\/en\/wp-json\/wp\/v2\/product\/55531","targetHints":{"allow":["GET"]}}],"collection":[{"href":"http:\/\/ak47.nu\/en\/wp-json\/wp\/v2\/product"}],"about":[{"href":"http:\/\/ak47.nu\/en\/wp-json\/wp\/v2\/types\/product"}],"wp:featuredmedia":[{"embeddable":true,"href":"http:\/\/ak47.nu\/en\/wp-json\/wp\/v2\/media\/55519"}],"wp:attachment":[{"href":"http:\/\/ak47.nu\/en\/wp-json\/wp\/v2\/media?parent=55531"}],"wp:term":[{"taxonomy":"product_brand","embeddable":true,"href":"http:\/\/ak47.nu\/en\/wp-json\/wp\/v2\/product_brand?post=55531"},{"taxonomy":"product_cat","embeddable":true,"href":"http:\/\/ak47.nu\/en\/wp-json\/wp\/v2\/product_cat?post=55531"},{"taxonomy":"product_tag","embeddable":true,"href":"http:\/\/ak47.nu\/en\/wp-json\/wp\/v2\/product_tag?post=55531"}],"curies":[{"name":"wp","href":"https:\/\/api.w.org\/{rel}","templated":true}]}}