{"id":55570,"date":"2023-09-18T15:41:31","date_gmt":"2023-09-18T13:41:31","guid":{"rendered":"https:\/\/ak47.nu\/produkt\/nxwerks-nx92-elite-tactical-desert-4-5mm-luftpistol-co2\/"},"modified":"2025-08-21T10:32:39","modified_gmt":"2025-08-21T08:32:39","slug":"nxwerks-nx92-elite-tactical-desert-45mm-co2-air-pistol","status":"publish","type":"product","link":"http:\/\/ak47.nu\/en\/product\/luftvapen\/co2-airguns\/the-co2-airguns\/nxwerks-nx92-elite-tactical-desert-45mm-co2-air-pistol\/","title":{"rendered":"NxWerks NX92 Elite Tactical Desert 4.5mm Co2 Air Pistol"},"content":{"rendered":"<h1>NxWerks NX92 Elite Tactical Desert 4.5mm Co2 Air Pistol<\/h1>\n<h2>Realistic and powerful air pistol with blowback<\/h2>\n<p>The Nx92 series of Beretta-style air pistols delivers a powerful experience using 12g Co2 cartridges. This power source gives the air pistol a velocity of 300 FPS and an impact energy of up to 2 Joules. NxWerks has designed the Nx92 series with a strong focus on detail to make the features as realistic as possible. Experience the power and precision of this detailed air pistol. Perfect for both target shooting and collecting. Equipped with blowback function for an authentic shooting experience. Buy your <a href=\"https:\/\/ak47.nu\/en\/shop-2\/\">NxWerks air pistol<\/a> today!<\/p>\n<h3>Included accessories:<\/h3>\n<ul>\n <li>NxWerks NX92 Elite Desert Co2 Blowback Pistol Cal. 4.5 mm BB<\/li>\n <li>Premium Hard Case for safe storage<\/li>\n <li>Speed Loader for faster reloading<\/li>\n <li>User manual for easy operation<\/li>\n<\/ul>\n<h3>Specifications:<\/h3>\n<ul>\n <li><b>Caliber:<\/b> .177 Cal 4.5 mm<\/li>\n <li><b>Ammunition:<\/b> Steel BBs<\/li>\n <li><b>System:<\/b> Co2 Blowback, semi-automatic<\/li>\n <li><b>Powered by:<\/b> 12g Co2 Cartridge<\/li>\n <li><b>Magazine:<\/b> 20 shots<\/li>\n <li><b>Power:<\/b> max. 2 Joules, 300 FPS<\/li>\n <li><b>Barrel:<\/b> metal, smooth, 105 mm<\/li>\n <li><b>Sight:<\/b> Rear sight and Front sight, fixed<\/li>\n <li><b>Safety:<\/b> Manual safety, Double-sided<\/li>\n <li><b>Trigger:<\/b> Single action, Double action<\/li>\n <li><b>Slide material:<\/b> Metal<\/li>\n <li><b>Housing material:<\/b> Metal<\/li>\n <li><b>Length:<\/b> 23 cm<\/li>\n <li><b>Weight:<\/b> 935g<\/li>\n <li><b>Color:<\/b> Desert<\/li>\n <li><b>Brand:<\/b> NxWerks Precision Arms<\/li>\n <li><b>Synthetic handle<\/b><\/li>\n <li><b>Silencer thread:<\/b> M14 x 1 left<\/li>\n <li><b>22 mm Picatinny rail<\/b><\/li>\n <li><b>All-in-one magazine<\/b><\/li>\n<\/ul>\n\n<p>This <a href=\"https:\/\/ak47.nu\/en\/luftvapen\/co2-airguns\/\">4.5mm air pistol<\/a> combines realism with performance. With features like a silencer thread and picatinny rail, you can customize your air pistol to your needs. Visit <a href=\"https:\/\/ak47.nu\/en\/\">our website<\/a> to see our entire range.<\/p>","protected":false},"excerpt":{"rendered":"<p>K\u00f6p den h\u00f6gpresterande NxWerks NX92 Elite Tactical Desert 4.5mm luftpistolen med Co2 p\u00e5 v\u00e5r webbplats. Utforska dess imponerande funktioner och \u00f6verl\u00e4gsna prestanda f\u00f6r att f\u00e5 en optimal skjutupplevelse.<\/p>","protected":false},"featured_media":55558,"template":"","meta":[],"product_brand":[],"product_cat":[431,375,432],"product_tag":[],"class_list":{"0":"post-55570","1":"product","2":"type-product","3":"status-publish","4":"has-post-thumbnail","6":"product_cat-co2-airguns","7":"product_cat-luftvapen","8":"product_cat-pistoler-co2-airguns","9":"pa_brand-nxwerks-precision-arms","10":"pa_farg-ljusbrun","12":"first","13":"outofstock","14":"sale","15":"taxable","16":"shipping-taxable","17":"purchasable","18":"product-type-simple"},"_links":{"self":[{"href":"http:\/\/ak47.nu\/en\/wp-json\/wp\/v2\/product\/55570","targetHints":{"allow":["GET"]}}],"collection":[{"href":"http:\/\/ak47.nu\/en\/wp-json\/wp\/v2\/product"}],"about":[{"href":"http:\/\/ak47.nu\/en\/wp-json\/wp\/v2\/types\/product"}],"wp:featuredmedia":[{"embeddable":true,"href":"http:\/\/ak47.nu\/en\/wp-json\/wp\/v2\/media\/55558"}],"wp:attachment":[{"href":"http:\/\/ak47.nu\/en\/wp-json\/wp\/v2\/media?parent=55570"}],"wp:term":[{"taxonomy":"product_brand","embeddable":true,"href":"http:\/\/ak47.nu\/en\/wp-json\/wp\/v2\/product_brand?post=55570"},{"taxonomy":"product_cat","embeddable":true,"href":"http:\/\/ak47.nu\/en\/wp-json\/wp\/v2\/product_cat?post=55570"},{"taxonomy":"product_tag","embeddable":true,"href":"http:\/\/ak47.nu\/en\/wp-json\/wp\/v2\/product_tag?post=55570"}],"curies":[{"name":"wp","href":"https:\/\/api.w.org\/{rel}","templated":true}]}}