{"id":17087,"date":"2022-05-05T10:11:38","date_gmt":"2022-05-05T08:11:38","guid":{"rendered":"https:\/\/ak47.nu\/produkt\/airsoft-replica-of-ak47-kalashnikov-taktisk-modell-med-fallbar-stock\/"},"modified":"2025-12-03T20:20:25","modified_gmt":"2025-12-03T19:20:25","slug":"airsoft-replica-of-ak47-kalashnikov-taktisk-modell-med-fallbar-stock","status":"publish","type":"product","link":"http:\/\/ak47.nu\/fr\/produit\/airsoft\/el-drivna\/automatkarbiner\/airsoft-replica-of-ak47-kalashnikov-taktisk-modell-med-fallbar-stock\/","title":{"rendered":"Airsoft Replica of AK47 Kalashnikov taktisk modell med f\u00e4llbar stock"},"content":{"rendered":"<p>F\u00f6dd 1919 i Ryssland har Mikhail Timofeecivh Kalashnikov alltid varit ingenj\u00f6rsentusiast. N\u00e4r han var pojke arbetade han som mekaniker p\u00e5 en traktorstation och sedan som gev\u00e4rprovare i en vapenfabrik, tills han drogs in i R\u00f6da arm\u00e9n 1938 som en tankbes\u00e4ttning.<\/p>\n<p>Skadad 1941 satte Mikhail Kalashnikov i rekonvalescens och han h\u00f6rde ofta soldater klaga p\u00e5 tillf\u00f6rlitlighetsfr\u00e5gor p\u00e5 deras infanterivapen. Han skapade sedan en ny typ av kulspruta, vilket resulterade i att han skickades in i ett vapendesignbyr\u00e5. \u00e5r 1947 resulterade hans arbete i Avtomat Kalashnikova, f\u00f6rkortat AK. &#8221;Kalashnikov&#8221; f\u00f6ddes och antogs officiellt av Sovjetunionen 1949.<\/p>\n<p>M\u00e5nga modeller f\u00f6ljde, alla ber\u00f6mda f\u00f6r samma kvaliteter: dessa vapen \u00e4r dock p\u00e5litliga, l\u00e4tta att underh\u00e5lla och anv\u00e4nda, och viktigast av allt \u00e4r de billiga. Av dessa sk\u00e4l blev AK en favorit bland gerillakrigare och l\u00e4nder som beh\u00f6ver ett enkelt men effektivt anfallgev\u00e4r.<\/p>\n<p>Familjen Kalashnikov \u00e4r den st\u00f6rsta gev\u00e4rsgruppen i v\u00e4rlden, med mer \u00e4n 100 miljoner enheter producerade \u00f6ver hela v\u00e4rlden, alla varianter tillsammans.<\/p>\n<p>Perfekt nyb\u00f6rjargev\u00e4r f\u00f6r dig som vill ge dig in p\u00e5 airsoft-spelande<br \/>Levereras komplett med laddare, batteri och tv\u00e5 magasin<\/p>\n<p>L\u00e4ngd: 700-930mm<br \/>Vikt: 3100 gram<br \/>Ammo: 6mm<br \/>Drift: batteri<br \/>L\u00e4gen: semi, auto och safe<br \/>Inkl batteri och laddare<br \/>Justerbara sikten<br \/>Pipl\u00e4ngd: 480mm<br \/>Material: metall + komposit<br \/>Weaver f\u00e4sten<br \/>Kraft: 1 joule \/ 107m\/s<br \/>Magasin: 2 st : 550 st kulor kapacitet<\/p>","protected":false},"excerpt":{"rendered":"<p>K\u00f6p en taktisk Airsoft-replika av AK47 Kalashnikov med f\u00e4llbar stock &#8211; Perfekt f\u00f6r airsoft-entusiaster.<\/p>","protected":false},"featured_media":17085,"template":"","meta":[],"product_brand":[],"product_cat":[400],"product_tag":[],"class_list":{"0":"post-17087","1":"product","2":"type-product","3":"status-publish","4":"has-post-thumbnail","6":"product_cat-automatkarbiner","7":"pa_brand-kalashnikov","9":"first","10":"outofstock","11":"taxable","12":"shipping-taxable","13":"purchasable","14":"product-type-simple"},"_links":{"self":[{"href":"http:\/\/ak47.nu\/fr\/wp-json\/wp\/v2\/product\/17087","targetHints":{"allow":["GET"]}}],"collection":[{"href":"http:\/\/ak47.nu\/fr\/wp-json\/wp\/v2\/product"}],"about":[{"href":"http:\/\/ak47.nu\/fr\/wp-json\/wp\/v2\/types\/product"}],"wp:featuredmedia":[{"embeddable":true,"href":"http:\/\/ak47.nu\/fr\/wp-json\/wp\/v2\/media\/17085"}],"wp:attachment":[{"href":"http:\/\/ak47.nu\/fr\/wp-json\/wp\/v2\/media?parent=17087"}],"wp:term":[{"taxonomy":"product_brand","embeddable":true,"href":"http:\/\/ak47.nu\/fr\/wp-json\/wp\/v2\/product_brand?post=17087"},{"taxonomy":"product_cat","embeddable":true,"href":"http:\/\/ak47.nu\/fr\/wp-json\/wp\/v2\/product_cat?post=17087"},{"taxonomy":"product_tag","embeddable":true,"href":"http:\/\/ak47.nu\/fr\/wp-json\/wp\/v2\/product_tag?post=17087"}],"curies":[{"name":"wp","href":"https:\/\/api.w.org\/{rel}","templated":true}]}}