{"id":17572,"date":"2022-05-05T14:46:28","date_gmt":"2022-05-05T12:46:28","guid":{"rendered":"https:\/\/ak47.nu\/produkt\/swiss-arms-p84-co2-45mm-luftpistol-nbb-full-metal\/"},"modified":"2025-08-25T20:59:31","modified_gmt":"2025-08-25T18:59:31","slug":"swiss-arms-p84-co2-4-5mm-pistolet-air-full-metal-2","status":"publish","type":"product","link":"http:\/\/ak47.nu\/fr\/produit\/luftvapen\/co2-airguns\/pistoler-co2-airguns\/swiss-arms-p84-co2-4-5mm-pistolet-air-full-metal-2\/","title":{"rendered":"Swiss Arms P84 CO2 4.5mm Pistolet Air - Full Metal"},"content":{"rendered":"<h1>Swiss Arms P84 CO2 4.5mm Pistolet Air - Full Metal<\/h1>\n<h2>La pr\u00e9cision suisse dans un pistolet \u00e0 air comprim\u00e9 lisse<\/h2>\n<p>Swiss Arms est r\u00e9put\u00e9e pour sa haute pr\u00e9cision et sa qualit\u00e9, ce qui s'applique \u00e9galement \u00e0 ce pistolet \u00e0 air P84. Ce mod\u00e8le est con\u00e7u pour des performances optimales et offre une exp\u00e9rience de tir solide et confortable. Parfait pour le tir de pr\u00e9cision et la pratique de la cible.<\/p>\n<h3>Caract\u00e9ristiques haute performance<\/h3>\n<ul>\n <li><strong>Interpr\u00e9tation solide de Beretta :<\/strong> Lisse et confortable \u00e0 manipuler.<\/li>\n <li><strong>Non-Blowback (NBB) :<\/strong> Offre une dur\u00e9e de fonctionnement plus longue sur le dioxyde de carbone.<\/li>\n <li><strong>Conception enti\u00e8rement m\u00e9tallique :<\/strong> Construction robuste et r\u00e9aliste.<\/li>\n <li><strong>Calibre :<\/strong> Billes d'acier de 4,5 mm (.177cal).<\/li>\n <li><strong>Magazine :<\/strong> Capacit\u00e9 pour 20 balles.<\/li>\n <li><strong>\u00c9nergie :<\/strong> 2 joules.<\/li>\n <li><strong>Vitesse :<\/strong> 107 m\/s (320 fps).<\/li>\n <li><strong>Propulseur :<\/strong> CO2.<\/li>\n<\/ul>\n<p>Ce pistolet \u00e0 air comprim\u00e9 combine l'ing\u00e9nierie suisse avec un design r\u00e9aliste, ce qui en fait un excellent choix pour les tireurs d\u00e9butants et exp\u00e9riment\u00e9s. D\u00e9couvrez la pr\u00e9cision et profitez de longues s\u00e9ances de tir gr\u00e2ce au syst\u00e8me NBB. Achetez votre Swiss Arms P84 d\u00e8s aujourd'hui et d\u00e9couvrez la diff\u00e9rence ! Consultez notre gamme <a href=\"https:\/\/ak47.nu\/fr\/butik\/\">d'autres pistolets \u00e0 air comprim\u00e9<\/a> pour trouver le mod\u00e8le qui vous convient. Veuillez visiter notre <a href=\"https:\/\/ak47.nu\/fr\/luftvapen\/co2-airguns\/pistoler-co2-airguns\/\">cat\u00e9gorie des armes \u00e0 air comprim\u00e9<\/a> pour voir tous nos produits. Pour plus d'informations sur Swiss Arms et notre gamme, visitez <a href=\"https:\/\/ak47.nu\/fr\/\">notre site web<\/a>.<\/p>","protected":false},"excerpt":{"rendered":"<p>K\u00f6p Swiss Arms P84 4,5mm luftpistol med co2 och nbb &#8211; full metal hos oss. Vi erbjuder h\u00f6gkvalitativa vapen f\u00f6r dina behov. Best\u00e4ll idag f\u00f6r snabb leverans!<\/p>","protected":false},"featured_media":17570,"template":"","meta":[],"product_brand":[],"product_cat":[432],"product_tag":[],"class_list":{"0":"post-17572","1":"product","2":"type-product","3":"status-publish","4":"has-post-thumbnail","6":"product_cat-pistoler-co2-airguns","7":"pa_brand-swiss-arms","9":"first","10":"outofstock","11":"sale","12":"taxable","13":"shipping-taxable","14":"purchasable","15":"product-type-simple"},"_links":{"self":[{"href":"http:\/\/ak47.nu\/fr\/wp-json\/wp\/v2\/product\/17572","targetHints":{"allow":["GET"]}}],"collection":[{"href":"http:\/\/ak47.nu\/fr\/wp-json\/wp\/v2\/product"}],"about":[{"href":"http:\/\/ak47.nu\/fr\/wp-json\/wp\/v2\/types\/product"}],"wp:featuredmedia":[{"embeddable":true,"href":"http:\/\/ak47.nu\/fr\/wp-json\/wp\/v2\/media\/17570"}],"wp:attachment":[{"href":"http:\/\/ak47.nu\/fr\/wp-json\/wp\/v2\/media?parent=17572"}],"wp:term":[{"taxonomy":"product_brand","embeddable":true,"href":"http:\/\/ak47.nu\/fr\/wp-json\/wp\/v2\/product_brand?post=17572"},{"taxonomy":"product_cat","embeddable":true,"href":"http:\/\/ak47.nu\/fr\/wp-json\/wp\/v2\/product_cat?post=17572"},{"taxonomy":"product_tag","embeddable":true,"href":"http:\/\/ak47.nu\/fr\/wp-json\/wp\/v2\/product_tag?post=17572"}],"curies":[{"name":"wp","href":"https:\/\/api.w.org\/{rel}","templated":true}]}}