{"id":18233,"date":"2022-05-06T08:35:48","date_gmt":"2022-05-06T06:35:48","guid":{"rendered":"https:\/\/ak47.nu\/produkt\/gevars-sikte-3-9x50-med-hoga-monteringsringar-acm\/"},"modified":"2025-12-03T19:44:19","modified_gmt":"2025-12-03T18:44:19","slug":"gevars-sikte-3-9x50-med-hoga-monteringsringar-acm","status":"publish","type":"product","link":"http:\/\/ak47.nu\/fr\/produit\/tillbehor-2\/optik\/kikarsikten\/gevars-sikte-3-9x50-med-hoga-monteringsringar-acm\/","title":{"rendered":"Gev\u00e4rs Sikte 3-9X50 Med H\u00f6ga Monteringsringar [ACM]"},"content":{"rendered":"<p>Sikte gjort av aluminium med r\u00f6d och gr\u00f6n siktpunkt.<\/p>\n<p>Tekniska detaljer:<br \/>Zoom: 3 &#8211; 9x<br \/>Utloppslinsens diameter: 50 mm<br \/>Diameter p\u00e5 ing\u00e5ngslins: 35 mm<br \/>L\u00e4ngd: 305 mm<br \/>R\u00f6rdiameter: 1 tum (25,4 mm) matta<br \/>M\u00e5linstrument: l\u00e4ttare siktn\u00e4t med kors<br \/>Riktning av tv\u00e4rreglering: vertikal och horisontell<br \/>Optik: glas<\/p>\n<p>Vikt: 630 g<br \/>Material: aluminium<br \/>L\u00e4ngd: 325 mm<br \/>Belysningsf\u00e4rg: r\u00f6d, gr\u00f6n<br \/>Zoom: 3, 9<br \/>R\u00f6rets yttre diameter: 25,4 mm<br \/>Utloppslinsens diameter: 50 mm<br \/>Diameter p\u00e5 lins: 35 mm<br \/>M\u00e5linstrument: kors<br \/>Optik: glas<br \/>kod M51615143<\/p>","protected":false},"excerpt":{"rendered":"<p>Sikte gjort av aluminium med r\u00f6d och gr\u00f6n siktpunkt. Tekniska detaljer:Zoom: 3 &#8211; 9xUtloppslinsens diameter: 50 mmDiameter p\u00e5 ing\u00e5ngslins: 35 mmL\u00e4ngd: 305 mmR\u00f6rdiameter: 1 tum (25,4 mm) mattaM\u00e5linstrument: l\u00e4ttare siktn\u00e4t med korsRiktning av tv\u00e4rreglering: vertikal och horisontellOptik: glas Vikt: 630 gMaterial: aluminiumL\u00e4ngd: 325 mmBelysningsf\u00e4rg: r\u00f6d, gr\u00f6nZoom: 3, 9R\u00f6rets yttre diameter: 25,4 mmUtloppslinsens diameter: 50 mmDiameter [&#8230;]","protected":false},"featured_media":18228,"template":"","meta":[],"product_brand":[],"product_cat":[469],"product_tag":[],"class_list":{"0":"post-18233","1":"product","2":"type-product","3":"status-publish","4":"has-post-thumbnail","6":"product_cat-kikarsikten","7":"pa_brand-acm","8":"pa_farg-svart","10":"first","11":"outofstock","12":"sale","13":"taxable","14":"shipping-taxable","15":"purchasable","16":"product-type-simple"},"_links":{"self":[{"href":"http:\/\/ak47.nu\/fr\/wp-json\/wp\/v2\/product\/18233","targetHints":{"allow":["GET"]}}],"collection":[{"href":"http:\/\/ak47.nu\/fr\/wp-json\/wp\/v2\/product"}],"about":[{"href":"http:\/\/ak47.nu\/fr\/wp-json\/wp\/v2\/types\/product"}],"wp:featuredmedia":[{"embeddable":true,"href":"http:\/\/ak47.nu\/fr\/wp-json\/wp\/v2\/media\/18228"}],"wp:attachment":[{"href":"http:\/\/ak47.nu\/fr\/wp-json\/wp\/v2\/media?parent=18233"}],"wp:term":[{"taxonomy":"product_brand","embeddable":true,"href":"http:\/\/ak47.nu\/fr\/wp-json\/wp\/v2\/product_brand?post=18233"},{"taxonomy":"product_cat","embeddable":true,"href":"http:\/\/ak47.nu\/fr\/wp-json\/wp\/v2\/product_cat?post=18233"},{"taxonomy":"product_tag","embeddable":true,"href":"http:\/\/ak47.nu\/fr\/wp-json\/wp\/v2\/product_tag?post=18233"}],"curies":[{"name":"wp","href":"https:\/\/api.w.org\/{rel}","templated":true}]}}