{"id":18377,"date":"2022-05-06T08:40:01","date_gmt":"2022-05-06T06:40:01","guid":{"rendered":"https:\/\/ak47.nu\/produkt\/theta-optics-compact-ii-reflex-sikte-replika\/"},"modified":"2025-08-21T11:14:55","modified_gmt":"2025-08-21T09:14:55","slug":"theta-optics-replique-viseur-reflex-compact-ii","status":"publish","type":"product","link":"http:\/\/ak47.nu\/fr\/produit\/tillbehor-2\/optik\/rodpunktssikten\/theta-optics-replique-viseur-reflex-compact-ii\/","title":{"rendered":"R\u00e9plique Viseur Reflex Theta Optics Compact II"},"content":{"rendered":"<h1>Theta Optics - R\u00e9plique Viseur Reflex Compact II<\/h1>\n<h2>R\u00e9plique de haute qualit\u00e9 pour une vis\u00e9e rapide et pr\u00e9cise<\/h2>\n<p>Le viseur reflex Compact II de Theta Optics\u2122 est dot\u00e9 d'un bo\u00eetier m\u00e9tallique robuste et est aliment\u00e9 par une pile CR2032. Il permet l'utilisation d'un point vert ou rouge de jour comme de nuit. Le point de vis\u00e9e peut \u00eatre facilement ajust\u00e9 verticalement et horizontalement, et le viseur dispose de plusieurs options de luminosit\u00e9. Con\u00e7u pour \u00eatre mont\u00e9 sur un rail RIS standard de 22 mm, ce viseur vous aide \u00e0 viser rapidement et avec pr\u00e9cision.<\/p>\n<p>Montez le viseur de deux fa\u00e7ons : profil haut et bas. B\u00e9n\u00e9ficiez d'un \u00e9quipement optique de haute qualit\u00e9 et de solutions innovantes que l'on trouve g\u00e9n\u00e9ralement dans les produits haut de gamme. Chaque produit Theta Optics\u2122 est soumis \u00e0 des tests rigoureux avant son lancement afin de garantir la plus haute qualit\u00e9 \u00e0 un prix raisonnable. D\u00e9couvrez notre s\u00e9lection d'<a href=\"https:\/\/ak47.nu\/fr\/butik\/\">autres viseurs Reflex<\/a> pour trouver celui qui convient le mieux \u00e0 vos besoins. Pour plus d'informations sur nos produits, visitez notre <a href=\"https:\/\/ak47.nu\/fr\/tillbehor-2\/optik\/\">cat\u00e9gorie Viseurs<\/a> ou <a href=\"https:\/\/ak47.nu\/fr\/\">notre page d'accueil<\/a>.<\/p>\n<h3>Sp\u00e9cifications :<\/h3>\n<ul>\n <li>Mat\u00e9riau : M\u00e9tal<\/li>\n <li>Longueur : 70 mm<\/li>\n <li>Poids : 175 g<\/li>\n <li>Couleur : Noir<\/li>\n <li>Couleur du point : Rouge\/Vert<\/li>\n <li>Montage : RIS 22 mm<\/li>\n<\/ul>\n<h3>Inclus dans le set :<\/h3>\n<ul>\n <li>Viseur reflex Compact II<\/li>\n <li>\u00c9l\u00e9vateur de rail RIS<\/li>\n <li>Cache d'objectif<\/li>\n <li>Cl\u00e9 Allen<\/li>\n <li>Manuel d'utilisation<\/li>\n <li>Chiffon de nettoyage<\/li>\n <li>Pile CR2032<\/li>\n<\/ul>","protected":false},"excerpt":{"rendered":"<p>Theta Optics &#8211; Compact II Reflex Sikte Replika \u00e4r en h\u00f6gkvalitativ replika av det popul\u00e4ra Theta Optics Compact II reflexsiktet. Detta kompakta sikte \u00e4r perfekt f\u00f6r jakt- och skytteentusiaster och erbjuder enast\u00e5ende precision och snabb m\u00e5ltagning. Uppt\u00e4ck det b\u00e4sta inom optisk teknik med denna replika fr\u00e5n Theta Optics.<\/p>","protected":false},"featured_media":18370,"template":"","meta":[],"product_brand":[],"product_cat":[468,470,450],"product_tag":[],"class_list":{"0":"post-18377","1":"product","2":"type-product","3":"status-publish","4":"has-post-thumbnail","6":"product_cat-optik","7":"product_cat-rodpunktssikten","8":"product_cat-tillbehor-2","9":"pa_brand-theta-optics","11":"first","12":"outofstock","13":"sale","14":"taxable","15":"shipping-taxable","16":"purchasable","17":"product-type-simple"},"_links":{"self":[{"href":"http:\/\/ak47.nu\/fr\/wp-json\/wp\/v2\/product\/18377","targetHints":{"allow":["GET"]}}],"collection":[{"href":"http:\/\/ak47.nu\/fr\/wp-json\/wp\/v2\/product"}],"about":[{"href":"http:\/\/ak47.nu\/fr\/wp-json\/wp\/v2\/types\/product"}],"wp:featuredmedia":[{"embeddable":true,"href":"http:\/\/ak47.nu\/fr\/wp-json\/wp\/v2\/media\/18370"}],"wp:attachment":[{"href":"http:\/\/ak47.nu\/fr\/wp-json\/wp\/v2\/media?parent=18377"}],"wp:term":[{"taxonomy":"product_brand","embeddable":true,"href":"http:\/\/ak47.nu\/fr\/wp-json\/wp\/v2\/product_brand?post=18377"},{"taxonomy":"product_cat","embeddable":true,"href":"http:\/\/ak47.nu\/fr\/wp-json\/wp\/v2\/product_cat?post=18377"},{"taxonomy":"product_tag","embeddable":true,"href":"http:\/\/ak47.nu\/fr\/wp-json\/wp\/v2\/product_tag?post=18377"}],"curies":[{"name":"wp","href":"https:\/\/api.w.org\/{rel}","templated":true}]}}