{"id":18543,"date":"2022-05-06T08:44:33","date_gmt":"2022-05-06T06:44:33","guid":{"rendered":"https:\/\/ak47.nu\/produkt\/theta-optics-open-ii-reflex-sight-replika\/"},"modified":"2025-08-21T11:13:35","modified_gmt":"2025-08-21T09:13:35","slug":"replique-viseur-reflexe-theta-optics-open-ii","status":"publish","type":"product","link":"http:\/\/ak47.nu\/fr\/produit\/tillbehor-2\/optik\/rodpunktssikten\/replique-viseur-reflexe-theta-optics-open-ii\/","title":{"rendered":"R\u00e9plique Viseur Reflexe Theta Optics Open II | TO"},"content":{"rendered":"<h1>R\u00e9plique de Viseur Reflexe Theta Optics Open II<\/h1>\n\n<h2>Vis\u00e9e Rapide et Pr\u00e9cise avec le Theta Optics\u2122 Open II<\/h2>\n<p>Le viseur reflexe Theta Optics\u2122 Open II, aliment\u00e9 par trois piles LR44 (non incluses), vous permet d'utiliser un point vert ou rouge de jour comme de nuit. Le point de vis\u00e9e peut \u00eatre ajust\u00e9 en douceur verticalement et horizontalement, et plusieurs options de luminosit\u00e9 sont disponibles. L'utilisateur peut choisir parmi quatre points de vis\u00e9e diff\u00e9rents pour optimiser la vis\u00e9e dans diverses conditions. Mont\u00e9 sur un rail RIS standard de 22 mm, ce viseur permet une vis\u00e9e rapide et pr\u00e9cise. D\u00e9couvrez d'autres <a href=\"https:\/\/ak47.nu\/fr\/butik\/\">viseurs de haute qualit\u00e9<\/a> dans notre gamme.<\/p>\n\n<h2>Solutions Innovantes et Haute Qualit\u00e9<\/h2>\n<p>Theta Optics\u2122 vise non seulement \u00e0 fournir des \u00e9quipements optiques de haute qualit\u00e9, mais aussi \u00e0 \u00e9largir continuellement sa gamme avec des solutions innovantes que l'on trouve couramment dans les produits haut de gamme. Avant d'\u00eatre mis sur le march\u00e9, chaque produit est soumis \u00e0 une s\u00e9rie de tests. Theta Optics\u2122 est le choix parfait pour les utilisateurs \u00e0 la recherche d'un produit de haute qualit\u00e9 \u00e0 un prix raisonnable. Visitez notre <a href=\"https:\/\/ak47.nu\/fr\/tillbehor-2\/optik\/\">cat\u00e9gorie d'accessoires optiques<\/a> pour en savoir plus.<\/p>\n\n<h3>Sp\u00e9cifications :<\/h3>\n<ul>\n    <li>Mat\u00e9riau : M\u00e9tal<\/li>\n    <li>Longueur : 93 mm<\/li>\n    <li>Poids : 145 g<\/li>\n    <li>Couleur : Noir<\/li>\n    <li>Couleur du point : Rouge\/Vert<\/li>\n    <li>Montage : RIS 22 mm<\/li>\n<\/ul>\n\n<h3>Inclus dans l'ensemble :<\/h3>\n<ul>\n    <li>Viseur reflexe<\/li>\n    <li>Cl\u00e9 Allen<\/li>\n    <li>Manuel d'utilisation<\/li>\n    <li>Chiffon de nettoyage<\/li>\n<\/ul>\n\n<p>Am\u00e9liorez votre pr\u00e9cision et votre vitesse avec cet excellent viseur reflexe. Explorez notre large gamme de produits sur <a href=\"https:\/\/ak47.nu\/fr\/\">notre site web<\/a>.<\/p>","protected":false},"excerpt":{"rendered":"<p>Theta Optics &#8211; Open II Reflex Sight Replika &#8211; En prisv\u00e4rd och h\u00f6gkvalitativ replika av Theta Optics Open II Reflex Sight. Upplev precision och p\u00e5litlighet i dina skjut\u00f6vningar med detta reflexsikte.<\/p>","protected":false},"featured_media":18538,"template":"","meta":[],"product_brand":[],"product_cat":[468,470,450],"product_tag":[],"class_list":{"0":"post-18543","1":"product","2":"type-product","3":"status-publish","4":"has-post-thumbnail","6":"product_cat-optik","7":"product_cat-rodpunktssikten","8":"product_cat-tillbehor-2","9":"pa_brand-theta-optics","11":"first","12":"instock","13":"taxable","14":"shipping-taxable","15":"purchasable","16":"product-type-simple"},"_links":{"self":[{"href":"http:\/\/ak47.nu\/fr\/wp-json\/wp\/v2\/product\/18543","targetHints":{"allow":["GET"]}}],"collection":[{"href":"http:\/\/ak47.nu\/fr\/wp-json\/wp\/v2\/product"}],"about":[{"href":"http:\/\/ak47.nu\/fr\/wp-json\/wp\/v2\/types\/product"}],"wp:featuredmedia":[{"embeddable":true,"href":"http:\/\/ak47.nu\/fr\/wp-json\/wp\/v2\/media\/18538"}],"wp:attachment":[{"href":"http:\/\/ak47.nu\/fr\/wp-json\/wp\/v2\/media?parent=18543"}],"wp:term":[{"taxonomy":"product_brand","embeddable":true,"href":"http:\/\/ak47.nu\/fr\/wp-json\/wp\/v2\/product_brand?post=18543"},{"taxonomy":"product_cat","embeddable":true,"href":"http:\/\/ak47.nu\/fr\/wp-json\/wp\/v2\/product_cat?post=18543"},{"taxonomy":"product_tag","embeddable":true,"href":"http:\/\/ak47.nu\/fr\/wp-json\/wp\/v2\/product_tag?post=18543"}],"curies":[{"name":"wp","href":"https:\/\/api.w.org\/{rel}","templated":true}]}}