{"id":18573,"date":"2022-05-06T08:46:27","date_gmt":"2022-05-06T06:46:27","guid":{"rendered":"https:\/\/ak47.nu\/produkt\/rocky-gummerad-kikare-16x32mm\/"},"modified":"2025-12-03T19:25:47","modified_gmt":"2025-12-03T18:25:47","slug":"rocky-gummerad-kikare-16x32mm","status":"publish","type":"product","link":"http:\/\/ak47.nu\/fr\/produit\/tillbehor-2\/ovriga-tillbehor\/rocky-gummerad-kikare-16x32mm\/","title":{"rendered":"ROCKY  gummerad Kikare -16x32mm"},"content":{"rendered":"<p>Rocky Kikare 16 x 32<\/p>\n<p>Enkel och l\u00e4tt kikare fr\u00e5n ROCKY med ganska bra zoom p\u00e5 hela 16x. Linsdiameter \u00e4r 32 mm och \u00e4r utrustad med snabb fokus. gummerat med markerade grepp som ger den b\u00e4ttre uth\u00e5llighet och en bekv\u00e4m passform. Levereras med mjukt fodral och rem. H\u00f6jd \u00e4r 144 mm.<\/p>\n<p>Vikt: 518 g<br \/>Storlek: 15 x 10 x 6 cm<\/p>","protected":false},"excerpt":{"rendered":"<p>Rocky Kikare 16 x 32 Enkel och l\u00e4tt kikare fr\u00e5n ROCKY med ganska bra zoom p\u00e5 hela 16x. Linsdiameter \u00e4r 32 mm och \u00e4r utrustad med snabb fokus. gummerat med markerade grepp som ger den b\u00e4ttre uth\u00e5llighet och en bekv\u00e4m passform. Levereras med mjukt fodral och rem. H\u00f6jd \u00e4r 144 mm. Vikt: 518 gStorlek: 15 [&#8230;]","protected":false},"featured_media":18572,"template":"","meta":[],"product_brand":[],"product_cat":[475],"product_tag":[],"class_list":{"0":"post-18573","1":"product","2":"type-product","3":"status-publish","4":"has-post-thumbnail","6":"product_cat-ovriga-tillbehor","7":"pa_brand-rocky","8":"pa_farg-svart","10":"first","11":"outofstock","12":"sale","13":"taxable","14":"shipping-taxable","15":"purchasable","16":"product-type-simple"},"_links":{"self":[{"href":"http:\/\/ak47.nu\/fr\/wp-json\/wp\/v2\/product\/18573","targetHints":{"allow":["GET"]}}],"collection":[{"href":"http:\/\/ak47.nu\/fr\/wp-json\/wp\/v2\/product"}],"about":[{"href":"http:\/\/ak47.nu\/fr\/wp-json\/wp\/v2\/types\/product"}],"wp:featuredmedia":[{"embeddable":true,"href":"http:\/\/ak47.nu\/fr\/wp-json\/wp\/v2\/media\/18572"}],"wp:attachment":[{"href":"http:\/\/ak47.nu\/fr\/wp-json\/wp\/v2\/media?parent=18573"}],"wp:term":[{"taxonomy":"product_brand","embeddable":true,"href":"http:\/\/ak47.nu\/fr\/wp-json\/wp\/v2\/product_brand?post=18573"},{"taxonomy":"product_cat","embeddable":true,"href":"http:\/\/ak47.nu\/fr\/wp-json\/wp\/v2\/product_cat?post=18573"},{"taxonomy":"product_tag","embeddable":true,"href":"http:\/\/ak47.nu\/fr\/wp-json\/wp\/v2\/product_tag?post=18573"}],"curies":[{"name":"wp","href":"https:\/\/api.w.org\/{rel}","templated":true}]}}