{"id":18729,"date":"2022-05-06T14:12:52","date_gmt":"2022-05-06T12:12:52","guid":{"rendered":"https:\/\/ak47.nu\/produkt\/swiss-arms-green-gas-130-psi-utan-silikon\/"},"modified":"2025-12-03T20:20:45","modified_gmt":"2025-12-03T19:20:45","slug":"swiss-arms-gaz-vert-130-psi-sans-silicone","status":"publish","type":"product","link":"http:\/\/ak47.nu\/fr\/produit\/tillbehor-2\/drivmedel-tillbehor-2\/grongas-drivmedel-tillbehor-2\/swiss-arms-gaz-vert-130-psi-sans-silicone\/","title":{"rendered":"Swiss Arms Gaz Vert 130 psi - Sans Silicone"},"content":{"rendered":"<h1>Swiss Arms Gaz Vert 130 psi - Sans Silicone<\/h1>\n<h2>Gaz vert pour les jours froids<\/h2>\n<p>Le gaz vert Swiss Arms 130 psi est id\u00e9al pour une utilisation par temps froid. Ce gaz vert est con\u00e7u pour fournir des performances optimales dans les armes n\u00e9cessitant une pression plus \u00e9lev\u00e9e. Veuillez noter qu'il ne doit pas \u00eatre utilis\u00e9 dans les armes avec des pi\u00e8ces en plastique fragiles, car la haute pression peut causer des dommages. Pour entretenir vos armes et trouver d'autres accessoires, visitez notre <a href=\"https:\/\/ak47.nu\/fr\/butik\/\">page d'\u00e9quipement<\/a>.<\/p>\n\n<h3>Sp\u00e9cifications:<\/h3>\n<ul>\n <li>Volume: 600ml<\/li>\n <li>Pression: 130psi<\/li>\n <li>Sans silicone<\/li>\n<\/ul>\n\n<p>Ce gaz vert est livr\u00e9 dans une bouteille de 600 ml et a une pression de 130 psi, ce qui le rend adapt\u00e9 aux armes qui n\u00e9cessitent cette pression. Puisqu'il est sans silicone, il r\u00e9duit le risque que le silicone n'affecte n\u00e9gativement le caoutchouc hop-up. D\u00e9couvrez davantage dans notre <a href=\"https:\/\/ak47.nu\/fr\/tillbehor-2\/drivmedel-tillbehor-2\/\">gamme de gaz verts<\/a>.<\/p>\n\n<p><strong>Important:<\/strong> N'utilisez pas le gaz vert Swiss Arms 130 psi dans les armes avec des pi\u00e8ces en plastique fragiles. Pour voir toute notre gamme, visitez <a href=\"https:\/\/ak47.nu\/fr\/\">notre page d'accueil<\/a>.<\/p>","protected":false},"excerpt":{"rendered":"<p>K\u00f6p Swiss Arms Green Gas 130 psi &#8211; utan silikon f\u00f6r b\u00e4sta prestanda och h\u00e5llbarhet. Perfekt f\u00f6r airsoft-entusiaster. Best\u00e4ll nu f\u00f6r snabb leverans och konkurrenskraftigt pris.<\/p>","protected":false},"featured_media":18728,"template":"","meta":[],"product_brand":[],"product_cat":[456],"product_tag":[],"class_list":{"0":"post-18729","1":"product","2":"type-product","3":"status-publish","4":"has-post-thumbnail","6":"product_cat-grongas-drivmedel-tillbehor-2","7":"pa_brand-swiss-arms","9":"first","10":"outofstock","11":"sale","12":"taxable","13":"shipping-taxable","14":"purchasable","15":"product-type-simple"},"_links":{"self":[{"href":"http:\/\/ak47.nu\/fr\/wp-json\/wp\/v2\/product\/18729","targetHints":{"allow":["GET"]}}],"collection":[{"href":"http:\/\/ak47.nu\/fr\/wp-json\/wp\/v2\/product"}],"about":[{"href":"http:\/\/ak47.nu\/fr\/wp-json\/wp\/v2\/types\/product"}],"wp:featuredmedia":[{"embeddable":true,"href":"http:\/\/ak47.nu\/fr\/wp-json\/wp\/v2\/media\/18728"}],"wp:attachment":[{"href":"http:\/\/ak47.nu\/fr\/wp-json\/wp\/v2\/media?parent=18729"}],"wp:term":[{"taxonomy":"product_brand","embeddable":true,"href":"http:\/\/ak47.nu\/fr\/wp-json\/wp\/v2\/product_brand?post=18729"},{"taxonomy":"product_cat","embeddable":true,"href":"http:\/\/ak47.nu\/fr\/wp-json\/wp\/v2\/product_cat?post=18729"},{"taxonomy":"product_tag","embeddable":true,"href":"http:\/\/ak47.nu\/fr\/wp-json\/wp\/v2\/product_tag?post=18729"}],"curies":[{"name":"wp","href":"https:\/\/api.w.org\/{rel}","templated":true}]}}