{"id":18731,"date":"2022-05-06T14:12:55","date_gmt":"2022-05-06T12:12:55","guid":{"rendered":"https:\/\/ak47.nu\/produkt\/swiss-arms-light-gas-110-psi-utan-silikon\/"},"modified":"2025-12-03T20:18:41","modified_gmt":"2025-12-03T19:18:41","slug":"swiss-arms-light-gas-110-psi-sans-silicone","status":"publish","type":"product","link":"http:\/\/ak47.nu\/fr\/produit\/tillbehor-2\/drivmedel-tillbehor-2\/grongas-drivmedel-tillbehor-2\/swiss-arms-light-gas-110-psi-sans-silicone\/","title":{"rendered":"Swiss Arms Light Gas 110 PSI - Sans Silicone"},"content":{"rendered":"<h1>Swiss Arms Light Gas 110 PSI - Sans Silicone<\/h1>\n\n<h2>Gaz doux pour les armes d'airsoft<\/h2>\n\n<p>Le Swiss Arms Light Gas est sp\u00e9cialement con\u00e7u pour les armes d'airsoft et est id\u00e9al pour une utilisation pendant les journ\u00e9es chaudes et avec des armes plus simples. Avec une basse pression de 110 PSI, ce gaz est doux pour les m\u00e9canismes en plastique, prolongeant ainsi la dur\u00e9e de vie de vos armes d'airsoft. Veuillez noter que le gaz est sans silicone, ce qui signifie qu'une lubrification r\u00e9guli\u00e8re de l'arme est n\u00e9cessaire. Vous pouvez trouver des <a href=\"https:\/\/ak47.nu\/fr\/butik\/\">lubrifiants appropri\u00e9s ici<\/a>.<\/p>\n\n<h3>Propri\u00e9t\u00e9s :<\/h3>\n\n<ul>\n <li><strong>Basse pression :<\/strong> 110 PSI, id\u00e9al pour les m\u00e9canismes en plastique et le temps chaud.<\/li>\n <li><strong>Sans silicone :<\/strong> N\u00e9cessite une lubrification manuelle pour une fonction optimale.<\/li>\n <li><strong>Volume :<\/strong> 600 ml de gaz.<\/li>\n <li><strong>Compatibilit\u00e9 :<\/strong> Convient \u00e0 la plupart des armes d'airsoft.<\/li>\n<\/ul>\n\n<p>Ce gaz de <a href=\"https:\/\/ak47.nu\/fr\/butik\/\">Swiss Arms<\/a> est un bon choix pour ceux qui recherchent un gaz fiable et doux pour leurs armes d'airsoft. N'oubliez pas de compl\u00e9ter avec de l'<a href=\"https:\/\/ak47.nu\/fr\/butik\/\">huile de silicone<\/a> pour entretenir vos armes de la meilleure fa\u00e7on possible. Consultez notre gamme d'<a href=\"https:\/\/ak47.nu\/fr\/tillbehor-2\/drivmedel-tillbehor-2\/\">accessoires d'airsoft<\/a> pour un entretien complet. Pour plus d'informations sur Swiss Arms et nos produits, visitez notre <a href=\"https:\/\/ak47.nu\/fr\/\">page d'accueil<\/a>.<\/p>","protected":false},"excerpt":{"rendered":"<p>Swiss Arms Light Gas 110 PSI &#8211; Sans Silicone Gaz doux pour les armes d&#8217;airsoft Le Swiss Arms Light Gas est sp\u00e9cialement con\u00e7u pour les armes d&#8217;airsoft et est id\u00e9al pour une utilisation pendant les journ\u00e9es chaudes et avec des armes plus simples. Avec une basse pression de 110 PSI, ce gaz est doux pour [&#8230;]","protected":false},"featured_media":18730,"template":"","meta":[],"product_brand":[],"product_cat":[456],"product_tag":[],"class_list":{"0":"post-18731","1":"product","2":"type-product","3":"status-publish","4":"has-post-thumbnail","6":"product_cat-grongas-drivmedel-tillbehor-2","7":"pa_brand-swiss-arms","9":"first","10":"outofstock","11":"sale","12":"taxable","13":"shipping-taxable","14":"purchasable","15":"product-type-simple"},"_links":{"self":[{"href":"http:\/\/ak47.nu\/fr\/wp-json\/wp\/v2\/product\/18731","targetHints":{"allow":["GET"]}}],"collection":[{"href":"http:\/\/ak47.nu\/fr\/wp-json\/wp\/v2\/product"}],"about":[{"href":"http:\/\/ak47.nu\/fr\/wp-json\/wp\/v2\/types\/product"}],"wp:featuredmedia":[{"embeddable":true,"href":"http:\/\/ak47.nu\/fr\/wp-json\/wp\/v2\/media\/18730"}],"wp:attachment":[{"href":"http:\/\/ak47.nu\/fr\/wp-json\/wp\/v2\/media?parent=18731"}],"wp:term":[{"taxonomy":"product_brand","embeddable":true,"href":"http:\/\/ak47.nu\/fr\/wp-json\/wp\/v2\/product_brand?post=18731"},{"taxonomy":"product_cat","embeddable":true,"href":"http:\/\/ak47.nu\/fr\/wp-json\/wp\/v2\/product_cat?post=18731"},{"taxonomy":"product_tag","embeddable":true,"href":"http:\/\/ak47.nu\/fr\/wp-json\/wp\/v2\/product_tag?post=18731"}],"curies":[{"name":"wp","href":"https:\/\/api.w.org\/{rel}","templated":true}]}}