{"id":19074,"date":"2022-05-06T14:18:10","date_gmt":"2022-05-06T12:18:10","guid":{"rendered":"https:\/\/ak47.nu\/produkt\/colt-45-peacemaker-replica-2\/"},"modified":"2025-12-03T19:24:33","modified_gmt":"2025-12-03T18:24:33","slug":"replique-colt-45-peacemaker","status":"publish","type":"product","link":"http:\/\/ak47.nu\/fr\/produit\/repliques\/revolvrar-replikor\/replique-colt-45-peacemaker\/","title":{"rendered":"R\u00e9plique Colt .45 Peacemaker | DENIX"},"content":{"rendered":"<h1>R\u00e9plique Colt .45 Peacemaker<\/h1>\n<h2>Revolver embl\u00e9matique du Far West<\/h2>\n<p>R\u00e9plique d'un revolver Colt .45 Peacemaker, fabriqu\u00e9e en m\u00e9tal avec des poign\u00e9es en plastique. Ce mod\u00e8le r\u00e9aliste est dot\u00e9 d'un m\u00e9canisme de chargement et de tir simul\u00e9 ainsi que d'un barillet rotatif, ce qui le rend parfait pour les collectionneurs et les passionn\u00e9s d'histoire. Vivez le grand frisson du Far West avec cette r\u00e9plique d\u00e9taill\u00e9e de Denix.<\/p>\n<h3>Contexte historique<\/h3>\n<p>Le revolver Peacemaker, \u00e9galement connu sous le nom de Single Action Army (SAA), a \u00e9t\u00e9 con\u00e7u par Samuel Colt en 1873. Il a \u00e9t\u00e9 fabriqu\u00e9 avec diff\u00e9rentes longueurs de canon, notamment les versions courtes de 4,75 pouces, les versions plus longues de 5,5 et 7,5 pouces, et l'imposant &quot;Buntline Special&quot; de 12 pouces. Initialement, l'arme \u00e9tait utilis\u00e9e par l'arm\u00e9e am\u00e9ricaine, mais en quelques ann\u00e9es, la plupart des citoyens am\u00e9ricains poss\u00e9daient l'un de ces revolvers. Sa popularit\u00e9 a augment\u00e9 car il utilisait des munitions du m\u00eame calibre que la carabine Winchester M1873. <a href=\"https:\/\/ak47.nu\/fr\/butik\/\">D\u00e9couvrez nos autres r\u00e9pliques d'armes<\/a> pour plus de mod\u00e8les historiques.<\/p>\n<h3>Surnoms et c\u00e9l\u00e9brit\u00e9s<\/h3>\n<p>Ce revolver a re\u00e7u de nombreux surnoms, dont Peacemaker, Frontier et Widowmaker. L'industrie cin\u00e9matographique a mythifi\u00e9 le &quot;Peacemaker&quot; dans les films occidentaux des ann\u00e9es 40 et 50, l'associant \u00e0 de grandes stars du cin\u00e9ma comme John Wayne et Gary Cooper. M\u00eame Roosevelt en poss\u00e9dait un avec ses initiales grav\u00e9es, et George S. Patton en utilisait deux. Plongez dans l'\u00e8re du Far West avec cette r\u00e9plique authentique. Consultez notre <a href=\"https:\/\/ak47.nu\/fr\/repliques\/\">large s\u00e9lection d'armes \u00e0 feu r\u00e9pliques<\/a> et trouvez vos pr\u00e9f\u00e9r\u00e9es. Visitez notre <a href=\"https:\/\/ak47.nu\/fr\/\">page d'accueil<\/a> pour voir notre gamme compl\u00e8te.<\/p>\n<ul>\n<li>R\u00e9plique du Colt .45 Peacemaker<\/li>\n<li>Fabriqu\u00e9 en m\u00e9tal et en plastique<\/li>\n<li>M\u00e9canisme de chargement et de tir simul\u00e9<\/li>\n<li>Barillet rotatif<\/li>\n<li>Id\u00e9al pour les collectionneurs et les passionn\u00e9s d'histoire<\/li>\n<\/ul>\n<p>Sentez-vous comme faisant partie de la grande \u00e9poque du Far West avec cette r\u00e9plique d\u00e9taill\u00e9e de Denix.<\/p>","protected":false},"excerpt":{"rendered":"<p>Hitta den b\u00e4sta Colt .45 Peacemaker-replikan f\u00f6r ditt behov &#8211; Utforska v\u00e5rt sortiment nu! Med v\u00e5r h\u00f6gkvalitativa replika f\u00e5r du den autentiska k\u00e4nslan av en Colt .45 Peacemaker till ett \u00f6verkomligt pris. Uppt\u00e4ck v\u00e5rt breda utbud och best\u00e4ll idag f\u00f6r att njuta av en realistisk och tillfredsst\u00e4llande skytteupplevelse.<\/p>","protected":false},"featured_media":19067,"template":"","meta":[],"product_brand":[],"product_cat":[443],"product_tag":[],"class_list":{"0":"post-19074","1":"product","2":"type-product","3":"status-publish","4":"has-post-thumbnail","6":"product_cat-revolvrar-replikor","7":"pa_brand-denix","8":"pa_farg-svart","10":"first","11":"outofstock","12":"taxable","13":"shipping-taxable","14":"purchasable","15":"product-type-simple"},"_links":{"self":[{"href":"http:\/\/ak47.nu\/fr\/wp-json\/wp\/v2\/product\/19074","targetHints":{"allow":["GET"]}}],"collection":[{"href":"http:\/\/ak47.nu\/fr\/wp-json\/wp\/v2\/product"}],"about":[{"href":"http:\/\/ak47.nu\/fr\/wp-json\/wp\/v2\/types\/product"}],"wp:featuredmedia":[{"embeddable":true,"href":"http:\/\/ak47.nu\/fr\/wp-json\/wp\/v2\/media\/19067"}],"wp:attachment":[{"href":"http:\/\/ak47.nu\/fr\/wp-json\/wp\/v2\/media?parent=19074"}],"wp:term":[{"taxonomy":"product_brand","embeddable":true,"href":"http:\/\/ak47.nu\/fr\/wp-json\/wp\/v2\/product_brand?post=19074"},{"taxonomy":"product_cat","embeddable":true,"href":"http:\/\/ak47.nu\/fr\/wp-json\/wp\/v2\/product_cat?post=19074"},{"taxonomy":"product_tag","embeddable":true,"href":"http:\/\/ak47.nu\/fr\/wp-json\/wp\/v2\/product_tag?post=19074"}],"curies":[{"name":"wp","href":"https:\/\/api.w.org\/{rel}","templated":true}]}}