{"id":19312,"date":"2022-05-06T14:20:47","date_gmt":"2022-05-06T12:20:47","guid":{"rendered":"https:\/\/ak47.nu\/produkt\/enry-rifle-with-octogonal-barrel-usa-1860-replica\/"},"modified":"2025-12-03T19:43:02","modified_gmt":"2025-12-03T18:43:02","slug":"replique-du-fusil-henry-avec-canon-octogonal-usa-1860","status":"publish","type":"product","link":"http:\/\/ak47.nu\/fr\/produit\/repliques\/gevar-replikor\/replique-du-fusil-henry-avec-canon-octogonal-usa-1860\/","title":{"rendered":"R\u00c9PLIQUE DU FUSIL HENRY AVEC CANON OCTOGONAL, USA 1860 | DENIX"},"content":{"rendered":"<h1>R\u00c9PLIQUE DU FUSIL HENRY AVEC CANON OCTOGONAL, USA 1860<\/h1>\n<h2>Fusil \u00e0 r\u00e9p\u00e9tition am\u00e9ricain de la guerre de S\u00e9cession<\/h2>\n<p>R\u00e9plique d'un fusil Henry avec canon octogonal, utilis\u00e9 pendant la guerre de S\u00e9cession aux \u00c9tats-Unis en 1860. Ce fusil \u00e0 r\u00e9p\u00e9tition est une reproduction d\u00e9taill\u00e9e de Denix, parfaite pour les collectionneurs et les passionn\u00e9s d'histoire. <a href=\"https:\/\/ak47.nu\/fr\/butik\/\">\u00c9largissez votre collection avec des r\u00e9pliques authentiques<\/a>.<\/p>\n<h3>Contexte historique et sp\u00e9cifications<\/h3>\n<p>Le fusil Henry original a \u00e9t\u00e9 con\u00e7u par Benjamin Tyler Henry dans les ann\u00e9es 1850 et \u00e9tait une version am\u00e9lior\u00e9e du fusil \u00e0 r\u00e9p\u00e9tition Volcanic pr\u00e9c\u00e9dent. Il utilisait des cartouches \u00e0 percussion annulaire de calibre .44 avec 25 grains (1,6 g) de poudre noire et une balle de 216 grains (14 g). Entre l'\u00e9t\u00e9 et octobre 1862, 900 fusils ont \u00e9t\u00e9 fabriqu\u00e9s, et la production a culmin\u00e9 en 1864 avec 290 par mois. Au total, environ 14 000 unit\u00e9s ont \u00e9t\u00e9 fabriqu\u00e9es jusqu'en 1866. Retrouvez plus de <a href=\"https:\/\/ak47.nu\/fr\/repliques\/gevar-replikor\/\">r\u00e9pliques d'armes historiques ici<\/a>.<\/p>\n<h3>Utilisation pendant la guerre de S\u00e9cession<\/h3>\n<p>Pour un soldat pendant la guerre de S\u00e9cession, poss\u00e9der un fusil Henry \u00e9tait une fiert\u00e9. Bien qu'il n'ait jamais \u00e9t\u00e9 officiellement adopt\u00e9 par l'arm\u00e9e de l'Union, de nombreux soldats ont achet\u00e9 des fusils Henry avec leurs propres fonds. Les fusils pouvaient tirer 28 coups par minute, ce qui donnait aux soldats un avantage sur le champ de bataille. Ils \u00e9taient souvent utilis\u00e9s par les \u00e9claireurs, les gardes de flanc et les groupes de raid. Les soldats conf\u00e9d\u00e9r\u00e9s qui ont affront\u00e9 ce \"tireur \u00e0 seize coups\" l'ont appel\u00e9 \"that damned Yankee rifle that they load on Sunday and shoot all week\u00a0!\" Rares sont les fusils Henry captur\u00e9s qui ont \u00e9t\u00e9 utilis\u00e9s par les troupes conf\u00e9d\u00e9r\u00e9es en raison des difficult\u00e9s d'approvisionnement en munitions. Visitez <a href=\"https:\/\/ak47.nu\/fr\/\">notre page d'accueil<\/a> pour voir notre gamme compl\u00e8te.<\/p>\n<p><strong>Dimensions\u00a0:<\/strong> 111\u00a0cm<br><strong>Poids\u00a0:<\/strong> 2\u00a0780\u00a0g<\/p>","protected":false},"excerpt":{"rendered":"<p>K\u00f6p en h\u00f6gkvalitativ replika av Henry-gev\u00e4ret med oktagonalt pipa fr\u00e5n USA 1860. Perfekt f\u00f6r samlare och entusiaster. Best\u00e4ll idag och f\u00e5 en autentisk upplevelse av historiskt vapentillverkning.<\/p>","protected":false},"featured_media":19310,"template":"","meta":[],"product_brand":[],"product_cat":[446],"product_tag":[],"class_list":{"0":"post-19312","1":"product","2":"type-product","3":"status-publish","4":"has-post-thumbnail","6":"product_cat-gevar-replikor","7":"pa_brand-denix","9":"first","10":"outofstock","11":"sale","12":"taxable","13":"shipping-taxable","14":"purchasable","15":"product-type-simple"},"_links":{"self":[{"href":"http:\/\/ak47.nu\/fr\/wp-json\/wp\/v2\/product\/19312","targetHints":{"allow":["GET"]}}],"collection":[{"href":"http:\/\/ak47.nu\/fr\/wp-json\/wp\/v2\/product"}],"about":[{"href":"http:\/\/ak47.nu\/fr\/wp-json\/wp\/v2\/types\/product"}],"wp:featuredmedia":[{"embeddable":true,"href":"http:\/\/ak47.nu\/fr\/wp-json\/wp\/v2\/media\/19310"}],"wp:attachment":[{"href":"http:\/\/ak47.nu\/fr\/wp-json\/wp\/v2\/media?parent=19312"}],"wp:term":[{"taxonomy":"product_brand","embeddable":true,"href":"http:\/\/ak47.nu\/fr\/wp-json\/wp\/v2\/product_brand?post=19312"},{"taxonomy":"product_cat","embeddable":true,"href":"http:\/\/ak47.nu\/fr\/wp-json\/wp\/v2\/product_cat?post=19312"},{"taxonomy":"product_tag","embeddable":true,"href":"http:\/\/ak47.nu\/fr\/wp-json\/wp\/v2\/product_tag?post=19312"}],"curies":[{"name":"wp","href":"https:\/\/api.w.org\/{rel}","templated":true}]}}