{"id":19459,"date":"2022-05-06T14:23:03","date_gmt":"2022-05-06T12:23:03","guid":{"rendered":"https:\/\/ak47.nu\/produkt\/cowboy-replica-whip-piska-150-cm\/"},"modified":"2025-12-03T19:25:01","modified_gmt":"2025-12-03T18:25:01","slug":"replique-de-fouet-cowboy-150-cm","status":"publish","type":"product","link":"http:\/\/ak47.nu\/fr\/produit\/repliques\/replique-darmes-de-guerre\/replique-de-fouet-cowboy-150-cm\/","title":{"rendered":"R\u00e9plique de Fouet Cowboy 150 cm | DENIX"},"content":{"rendered":"<h1>R\u00e9plique de Fouet Cowboy (piska) 150 cm<\/h1>\n<h2>R\u00e9plique Authentique du Far West<\/h2>\n<p>D\u00e9couvrez le Far West avec cette r\u00e9plique d\u00e9taill\u00e9e de fouet de cowboy de DENIX. Ce fouet de 150 cm est un objet de collection parfait pour les passionn\u00e9s de l'\u00e9poque du Western et de la guerre de S\u00e9cession am\u00e9ricaine (1861-1899). Avec un poids de seulement 170 g, il est facile \u00e0 manipuler et \u00e0 exposer.<\/p>\n<h3>D\u00e9tails du produit :<\/h3>\n<ul>\n <li><strong>Dimensions :<\/strong> 150 cm<\/li>\n <li><strong>Poids :<\/strong> 170 g<\/li>\n <li><strong>\u00c9poque :<\/strong> Western et Guerre de S\u00e9cession am\u00e9ricaine (1861-1899)<\/li>\n <li><strong>Type :<\/strong> Objet de collection - Articles en cuir<\/li>\n<\/ul>\n<h3>Objet de Collection pour les Passionn\u00e9s du Western<\/h3>\n<p>Cette r\u00e9plique de fouet est id\u00e9ale pour les collectionneurs d'articles en cuir et ceux qui sont fascin\u00e9s par l'histoire de l'Ouest am\u00e9ricain. Le design d\u00e9taill\u00e9 en fait un excellent ajout \u00e0 toute collection.<\/p>\n<p>Explorez notre gamme de <a href=\"https:\/\/ak47.nu\/fr\/repliques\/replique-darmes-de-guerre\/\">r\u00e9pliques western<\/a> et autres <a href=\"https:\/\/ak47.nu\/fr\/butik\/\">objets de collection<\/a> pour compl\u00e9ter votre collection. Visitez <a href=\"https:\/\/ak47.nu\/fr\/\">notre site web<\/a> pour plus de r\u00e9pliques historiques.<\/p>","protected":false},"excerpt":{"rendered":"<p>R\u00e9plique de Fouet Cowboy (piska) 150 cm R\u00e9plique Authentique du Far West D\u00e9couvrez le Far West avec cette r\u00e9plique d\u00e9taill\u00e9e de fouet de cowboy de DENIX. Ce fouet de 150 cm est un objet de collection parfait pour les passionn\u00e9s de l&#8217;\u00e9poque du Western et de la guerre de S\u00e9cession am\u00e9ricaine (1861-1899). Avec un poids [&#8230;]","protected":false},"featured_media":19453,"template":"","meta":[],"product_brand":[],"product_cat":[448],"product_tag":[],"class_list":{"0":"post-19459","1":"product","2":"type-product","3":"status-publish","4":"has-post-thumbnail","6":"product_cat-ovriga-vapen-replikor","7":"pa_brand-denix","9":"first","10":"outofstock","11":"sale","12":"taxable","13":"shipping-taxable","14":"purchasable","15":"product-type-simple"},"_links":{"self":[{"href":"http:\/\/ak47.nu\/fr\/wp-json\/wp\/v2\/product\/19459","targetHints":{"allow":["GET"]}}],"collection":[{"href":"http:\/\/ak47.nu\/fr\/wp-json\/wp\/v2\/product"}],"about":[{"href":"http:\/\/ak47.nu\/fr\/wp-json\/wp\/v2\/types\/product"}],"wp:featuredmedia":[{"embeddable":true,"href":"http:\/\/ak47.nu\/fr\/wp-json\/wp\/v2\/media\/19453"}],"wp:attachment":[{"href":"http:\/\/ak47.nu\/fr\/wp-json\/wp\/v2\/media?parent=19459"}],"wp:term":[{"taxonomy":"product_brand","embeddable":true,"href":"http:\/\/ak47.nu\/fr\/wp-json\/wp\/v2\/product_brand?post=19459"},{"taxonomy":"product_cat","embeddable":true,"href":"http:\/\/ak47.nu\/fr\/wp-json\/wp\/v2\/product_cat?post=19459"},{"taxonomy":"product_tag","embeddable":true,"href":"http:\/\/ak47.nu\/fr\/wp-json\/wp\/v2\/product_tag?post=19459"}],"curies":[{"name":"wp","href":"https:\/\/api.w.org\/{rel}","templated":true}]}}