{"id":19513,"date":"2022-05-06T14:23:32","date_gmt":"2022-05-06T12:23:32","guid":{"rendered":"https:\/\/ak47.nu\/produkt\/cowboy-replica-revolver-belt-incl-24-cartridgees\/"},"modified":"2025-12-03T19:25:03","modified_gmt":"2025-12-03T18:25:03","slug":"ceinture-replique-revolver-cowboy-24-cartouches","status":"publish","type":"product","link":"http:\/\/ak47.nu\/fr\/produit\/repliques\/tillbehor-replikor\/ceinture-replique-revolver-cowboy-24-cartouches\/","title":{"rendered":"Ceinture R\u00e9plique Revolver Cowboy + 24 cartouches"},"content":{"rendered":"<h1>Ceinture R\u00e9plique Revolver Cowboy avec 24 Cartouches<\/h1>\n<h2>Ceinture de Revolver Authentique pour les Passionn\u00e9s de Cowboys<\/h2>\n<p>Cette ceinture de r\u00e9plique de revolver de cowboy est un incontournable pour tous ceux qui sont fascin\u00e9s par le Far West et la culture des cowboys. Avec de l'espace pour 24 cartouches, la ceinture offre une sensation authentique et est parfaite pour les jeux de r\u00f4le, le th\u00e9\u00e2tre ou comme d\u00e9tail d\u00e9coratif. Ceinture de revolver compl\u00e8te avec 24 cartouches associ\u00e9es. Am\u00e9liorez votre tenue de cowboy avec cette ceinture classique.<\/p>\n<h3>Informations sur le produit<\/h3>\n<ul>\n<li>Dimensions : 112 cm<\/li>\n<li>Poids : 630 g<\/li>\n<\/ul>\n<p>Cette ceinture de revolver est con\u00e7ue pour imiter les ceintures utilis\u00e9es par les cowboys pendant la p\u00e9riode historique. Avec une longueur de 112 cm, elle convient \u00e0 la plupart des adultes. Le poids de 630 g contribue \u00e0 la sensation robuste et r\u00e9aliste. En plus de cette ceinture de revolver, consultez notre gamme de <a href=\"https:\/\/ak47.nu\/fr\/butik\/\">r\u00e9pliques d'armes associ\u00e9es<\/a> pour compl\u00e9ter votre collection. Explorez notre gamme compl\u00e8te sur la <a href=\"https:\/\/ak47.nu\/fr\/\">page d'accueil<\/a>.<\/p>\n<p>Vous cherchez un moyen de compl\u00e9ter votre look de cowboy ? Cette ceinture de r\u00e9plique de revolver est un excellent choix. Avec de l'espace pour 24 cartouches, elle apporte un d\u00e9tail r\u00e9aliste et impressionnant \u00e0 votre d\u00e9guisement ou \u00e0 votre collection. Achetez votre ceinture de r\u00e9plique de revolver de cowboy d\u00e8s aujourd'hui et faites un pas en arri\u00e8re dans le temps ! Retrouvez d'autres produits dans la cat\u00e9gorie <a href=\"https:\/\/ak47.nu\/fr\/repliques\/\">r\u00e9pliques historiques<\/a>.<\/p>","protected":false},"excerpt":{"rendered":"<p>Ceinture R\u00e9plique Revolver Cowboy avec 24 Cartouches Ceinture de Revolver Authentique pour les Passionn\u00e9s de Cowboys Cette ceinture de r\u00e9plique de revolver de cowboy est un incontournable pour tous ceux qui sont fascin\u00e9s par le Far West et la culture des cowboys. Avec de l&#8217;espace pour 24 cartouches, la ceinture offre une sensation authentique et [&#8230;]","protected":false},"featured_media":19503,"template":"","meta":[],"product_brand":[],"product_cat":[449],"product_tag":[],"class_list":{"0":"post-19513","1":"product","2":"type-product","3":"status-publish","4":"has-post-thumbnail","6":"product_cat-tillbehor-replikor","7":"pa_brand-denix","9":"first","10":"outofstock","11":"sale","12":"taxable","13":"shipping-taxable","14":"purchasable","15":"product-type-simple"},"_links":{"self":[{"href":"http:\/\/ak47.nu\/fr\/wp-json\/wp\/v2\/product\/19513","targetHints":{"allow":["GET"]}}],"collection":[{"href":"http:\/\/ak47.nu\/fr\/wp-json\/wp\/v2\/product"}],"about":[{"href":"http:\/\/ak47.nu\/fr\/wp-json\/wp\/v2\/types\/product"}],"wp:featuredmedia":[{"embeddable":true,"href":"http:\/\/ak47.nu\/fr\/wp-json\/wp\/v2\/media\/19503"}],"wp:attachment":[{"href":"http:\/\/ak47.nu\/fr\/wp-json\/wp\/v2\/media?parent=19513"}],"wp:term":[{"taxonomy":"product_brand","embeddable":true,"href":"http:\/\/ak47.nu\/fr\/wp-json\/wp\/v2\/product_brand?post=19513"},{"taxonomy":"product_cat","embeddable":true,"href":"http:\/\/ak47.nu\/fr\/wp-json\/wp\/v2\/product_cat?post=19513"},{"taxonomy":"product_tag","embeddable":true,"href":"http:\/\/ak47.nu\/fr\/wp-json\/wp\/v2\/product_tag?post=19513"}],"curies":[{"name":"wp","href":"https:\/\/api.w.org\/{rel}","templated":true}]}}