{"id":19527,"date":"2022-05-06T14:23:38","date_gmt":"2022-05-06T12:23:38","guid":{"rendered":"https:\/\/ak47.nu\/produkt\/replica-luger-p08-patron-765\/"},"modified":"2025-12-03T12:49:25","modified_gmt":"2025-12-03T11:49:25","slug":"replique-cartouche-luger-p08-7-65","status":"publish","type":"product","link":"http:\/\/ak47.nu\/fr\/produit\/repliques\/tillbehor-replikor\/replique-cartouche-luger-p08-7-65\/","title":{"rendered":"R\u00e9plique Cartouche Luger P08 7,65 | DENIX"},"content":{"rendered":"<h1>R\u00e9plique Cartouche Luger P08 7,65<\/h1>\n<h2>R\u00e9plique Authentique d'une Cartouche L\u00e9gendaire<\/h2>\n<p>R\u00e9plique de la c\u00e9l\u00e8bre cartouche du Luger P08, une pi\u00e8ce embl\u00e9matique de l'histoire des armes. Cette r\u00e9plique capture les d\u00e9tails de la cartouche originale de 7,65x21mm Parabellum (\u00e9galement connue sous le nom de .30 Luger et 7,65mm Luger), qui a \u00e9t\u00e9 introduite en 1898 par Deutsche Waffen und Munitionsfabriken (DWM) pour leur Pistol Parabellum. La cartouche a \u00e9t\u00e9 con\u00e7ue par Georg Luger et Hugo Borchardt \u00e0 partir de la pr\u00e9c\u00e9dente 7,65x25mm Borchardt.<\/p>\n<h3>R\u00e9pliques D\u00e9coratives<\/h3>\n<p>Ces cartouches de r\u00e9plique sont sans licence et ne peuvent pas \u00eatre rendues actives, ce qui les rend parfaites pour la d\u00e9coration. Elles sont \u00e9l\u00e9gantes et cool \u00e0 exposer dans votre collection ou comme d\u00e9tail unique dans votre maison ou votre bureau.<\/p>\n<ul>\n  <li>R\u00e9pliques sans licence - Ne peuvent pas \u00eatre rendues actives<\/li>\n  <li>Parfaites pour la d\u00e9coration<\/li>\n  <li>Vendues individuellement<\/li>\n<\/ul>\n<p>Plongez dans l'histoire militaire avec cette r\u00e9plique d\u00e9taill\u00e9e. Compl\u00e9tez votre collection avec cette <a href=\"https:\/\/ak47.nu\/fr\/butik\/\">R\u00e9plique Luger P08<\/a>. Explorez notre gamme d'<a href=\"https:\/\/ak47.nu\/fr\/repliques\/\">accessoires d'armes de r\u00e9plique<\/a> et trouvez d'autres objets historiques. Visitez <a href=\"https:\/\/ak47.nu\/fr\/\">notre site web<\/a> pour d\u00e9couvrir toute notre gamme.<\/p>","protected":false},"excerpt":{"rendered":"<p>R\u00e9plique Cartouche Luger P08 7,65 R\u00e9plique Authentique d&#8217;une Cartouche L\u00e9gendaire R\u00e9plique de la c\u00e9l\u00e8bre cartouche du Luger P08, une pi\u00e8ce embl\u00e9matique de l&#8217;histoire des armes. Cette r\u00e9plique capture les d\u00e9tails de la cartouche originale de 7,65x21mm Parabellum (\u00e9galement connue sous le nom de .30 Luger et 7,65mm Luger), qui a \u00e9t\u00e9 introduite en 1898 par [&#8230;]","protected":false},"featured_media":19521,"template":"","meta":[],"product_brand":[],"product_cat":[449],"product_tag":[],"class_list":{"0":"post-19527","1":"product","2":"type-product","3":"status-publish","4":"has-post-thumbnail","6":"product_cat-tillbehor-replikor","7":"pa_brand-denix","9":"first","10":"outofstock","11":"sale","12":"taxable","13":"shipping-taxable","14":"purchasable","15":"product-type-simple"},"_links":{"self":[{"href":"http:\/\/ak47.nu\/fr\/wp-json\/wp\/v2\/product\/19527","targetHints":{"allow":["GET"]}}],"collection":[{"href":"http:\/\/ak47.nu\/fr\/wp-json\/wp\/v2\/product"}],"about":[{"href":"http:\/\/ak47.nu\/fr\/wp-json\/wp\/v2\/types\/product"}],"wp:featuredmedia":[{"embeddable":true,"href":"http:\/\/ak47.nu\/fr\/wp-json\/wp\/v2\/media\/19521"}],"wp:attachment":[{"href":"http:\/\/ak47.nu\/fr\/wp-json\/wp\/v2\/media?parent=19527"}],"wp:term":[{"taxonomy":"product_brand","embeddable":true,"href":"http:\/\/ak47.nu\/fr\/wp-json\/wp\/v2\/product_brand?post=19527"},{"taxonomy":"product_cat","embeddable":true,"href":"http:\/\/ak47.nu\/fr\/wp-json\/wp\/v2\/product_cat?post=19527"},{"taxonomy":"product_tag","embeddable":true,"href":"http:\/\/ak47.nu\/fr\/wp-json\/wp\/v2\/product_tag?post=19527"}],"curies":[{"name":"wp","href":"https:\/\/api.w.org\/{rel}","templated":true}]}}