{"id":19805,"date":"2022-05-07T10:37:47","date_gmt":"2022-05-07T08:37:47","guid":{"rendered":"https:\/\/ak47.nu\/produkt\/thunder-b-sonic-grenade-starter-pack-shocker-6mm-airsoft-c02\/"},"modified":"2026-02-20T09:31:33","modified_gmt":"2026-02-20T08:31:33","slug":"kit-de-demarrage-grenade-sonique-thunder-b-6mm-airsoft","status":"publish","type":"product","link":"http:\/\/ak47.nu\/fr\/produit\/airsoft\/co2\/ovriga-vapen-co2\/kit-de-demarrage-grenade-sonique-thunder-b-6mm-airsoft\/","title":{"rendered":"Kit de d\u00e9marrage grenade sonique Thunder B - Shocker 6mm airsoft"},"content":{"rendered":"<h1>Kit de d\u00e9marrage grenade sonique Thunder B - Shocker 6mm airsoft C02<\/h1>\n<h2>Grenade Airsoft r\u00e9aliste et r\u00e9utilisable<\/h2>\n<p>La Thunder B peut \u00eatre fix\u00e9e \u00e0 un gilet tactique ou une veste, la rendant facilement accessible pendant les parties d'airsoft. Sa couleur et sa forme sont tr\u00e8s similaires \u00e0 une vraie grenade utilis\u00e9e par les forces militaires, ce qui renforce le r\u00e9alisme. Sa manipulation, son fonctionnement et sa fonction sont \u00e9galement similaires \u00e0 l'original. Plus la grenade est r\u00e9aliste, plus vous vous amuserez sur le terrain d'airsoft. D\u00e9couvrez le frisson d'une grenade airsoft r\u00e9aliste. Trouvez d'autres <a href=\"https:\/\/ak47.nu\/fr\/butik\/\">accessoires d'airsoft<\/a> dans notre gamme.<\/p>\n<h3>S\u00e9curit\u00e9 et r\u00e9utilisabilit\u00e9<\/h3>\n<p>\u00c9tant donn\u00e9 que la Thunder B ne contient pas de poudre \u00e0 canon, vous n'avez pas \u00e0 vous soucier des risques d'incendie lorsqu'elle explose. Cela garantit la s\u00e9curit\u00e9 de l'utilisateur. Cependant, vous devez toujours \u00eatre conscient de son \"BANG\" assourdissant qui peut vous surprendre. La Thunder B cr\u00e9e un niveau sonore sup\u00e9rieur \u00e0 130 dB, ce qui correspond au niveau sonore d'une perceuse pneumatique en fonctionnement ou d'un avion qui vous survole. Soyez vigilant lors de son utilisation. Si vous souhaitez voir des produits similaires, consultez notre <a href=\"https:\/\/ak47.nu\/fr\/airsoft\/\">cat\u00e9gorie Grenades Airsoft<\/a>.<\/p>\n<ul>\n  <li><b>R\u00e9utilisable :<\/b> Remplacez simplement la bouteille de gaz CO2 et l'enveloppe ext\u00e9rieure apr\u00e8s utilisation, puis vous pouvez tirer \u00e0 nouveau.<\/li>\n  <li><b>Installation facile :<\/b> Les proc\u00e9dures d'installation et de configuration sont simples et faciles. Veuillez vous r\u00e9f\u00e9rer au manuel d'utilisation pour l'installation.<\/li>\n  <li><b>Aliment\u00e9e au CO2 :<\/b> La Thunder B est aliment\u00e9e par du gaz CO2 jetable.<\/li>\n<\/ul>\n<h3>D\u00e9monstrations de bombardement et utilisation militaire<\/h3>\n<p>Comme elle ne contient pas de poudre \u00e0 canon ni de mat\u00e9riaux pouvant \u00eatre br\u00fbl\u00e9s et explos\u00e9s, avec sa forme, sa manipulation et sa fonction r\u00e9alistes, elle peut \u00eatre utilis\u00e9e lors de d\u00e9monstrations de bombardement pendant les exercices militaires. La s\u00e9curit\u00e9 passe avant tout, mais le r\u00e9alisme arrive en deuxi\u00e8me position. Visitez <a href=\"https:\/\/ak47.nu\/fr\/\">notre page d'accueil<\/a> pour plus de produits et d'informations sur la s\u00e9curit\u00e9.<\/p>\n<p><b>NOTE !<\/b> En tant qu'utilisateur de ce produit, vous \u00eates seul responsable de son utilisation de mani\u00e8re \u00e0 ne pas vous mettre en danger, vous ou les autres. Respectez les consignes de s\u00e9curit\u00e9 \u00e0 tout moment. Il est souhaitable de maintenir une distance dans toutes les directions par rapport \u00e0 ce produit.<\/p>","protected":false},"excerpt":{"rendered":"<p>Kit de d\u00e9marrage grenade sonique Thunder B &#8211; Shocker 6mm airsoft C02 Grenade Airsoft r\u00e9aliste et r\u00e9utilisable La Thunder B peut \u00eatre fix\u00e9e \u00e0 un gilet tactique ou une veste, la rendant facilement accessible pendant les parties d&#8217;airsoft. Sa couleur et sa forme sont tr\u00e8s similaires \u00e0 une vraie grenade utilis\u00e9e par les forces militaires, [&#8230;]","protected":false},"featured_media":19803,"template":"","meta":[],"product_brand":[],"product_cat":[409],"product_tag":[],"class_list":{"0":"post-19805","1":"product","2":"type-product","3":"status-publish","4":"has-post-thumbnail","6":"product_cat-ovriga-vapen-co2","7":"pa_brand-hakkotsu","9":"first","10":"instock","11":"sale","12":"taxable","13":"shipping-taxable","14":"purchasable","15":"product-type-simple"},"_links":{"self":[{"href":"http:\/\/ak47.nu\/fr\/wp-json\/wp\/v2\/product\/19805","targetHints":{"allow":["GET"]}}],"collection":[{"href":"http:\/\/ak47.nu\/fr\/wp-json\/wp\/v2\/product"}],"about":[{"href":"http:\/\/ak47.nu\/fr\/wp-json\/wp\/v2\/types\/product"}],"wp:featuredmedia":[{"embeddable":true,"href":"http:\/\/ak47.nu\/fr\/wp-json\/wp\/v2\/media\/19803"}],"wp:attachment":[{"href":"http:\/\/ak47.nu\/fr\/wp-json\/wp\/v2\/media?parent=19805"}],"wp:term":[{"taxonomy":"product_brand","embeddable":true,"href":"http:\/\/ak47.nu\/fr\/wp-json\/wp\/v2\/product_brand?post=19805"},{"taxonomy":"product_cat","embeddable":true,"href":"http:\/\/ak47.nu\/fr\/wp-json\/wp\/v2\/product_cat?post=19805"},{"taxonomy":"product_tag","embeddable":true,"href":"http:\/\/ak47.nu\/fr\/wp-json\/wp\/v2\/product_tag?post=19805"}],"curies":[{"name":"wp","href":"https:\/\/api.w.org\/{rel}","templated":true}]}}