{"id":19823,"date":"2022-05-07T10:38:15","date_gmt":"2022-05-07T08:38:15","guid":{"rendered":"https:\/\/ak47.nu\/produkt\/thunder-b-ljud-granat-storpack-chock-6mm-airsoft-c02\/"},"modified":"2025-12-03T20:11:53","modified_gmt":"2025-12-03T19:11:53","slug":"thunder-b-grenade-sonore-airsoft-co2","status":"publish","type":"product","link":"http:\/\/ak47.nu\/fr\/produit\/airsoft\/co2\/ovriga-vapen-co2\/thunder-b-grenade-sonore-airsoft-co2\/","title":{"rendered":"Thunder B Grenade Sonore - Airsoft CO2 R\u00e9aliste"},"content":{"rendered":"<h1>THUNDER B GRENADE SONORE - CHOC 6MM AIRSOFT C02<\/h1>\n<h2>Grenade Sonore R\u00e9aliste et R\u00e9utilisable pour Airsoft<\/h2>\n<p>La Thunder B peut \u00eatre fix\u00e9e \u00e0 un gilet tactique ou une veste, la rendant facilement accessible pendant les parties. Sa couleur et sa forme sont tr\u00e8s similaires \u00e0 une vraie grenade utilis\u00e9e par les forces militaires, augmentant ainsi le r\u00e9alisme. Sa manipulation, son fonctionnement et sa fonction sont \u00e9galement similaires \u00e0 la grenade originale. Plus la bombe est r\u00e9aliste, plus vous vous amuserez. D\u00e9couvrez notre gamme de <a href=\"https:\/\/ak47.nu\/fr\/butik\/\">grenades airsoft<\/a> pour trouver le mod\u00e8le adapt\u00e9 \u00e0 vos besoins.<\/p>\n<h3>S\u00e9curit\u00e9 et Utilisation<\/h3>\n<p>Comme la Thunder B ne contient pas de poudre \u00e0 canon, vous n'avez pas \u00e0 vous soucier des risques d'incendie lors de son explosion. Cela garantit la s\u00e9curit\u00e9 de l'utilisateur. Cependant, vous devez toujours faire attention \u00e0 son \"BANG\" assourdissant qui pourrait vous surprendre. La Thunder B cr\u00e9e un niveau sonore sup\u00e9rieur \u00e0 130 dB, ce qui \u00e9quivaut au niveau sonore d'une perceuse pneumatique en fonctionnement ou d'un avion survolant votre t\u00eate. Soyez attentif lors de son utilisation et n'oubliez pas que la s\u00e9curit\u00e9 passe avant tout. Visitez notre page d'<a href=\"https:\/\/ak47.nu\/fr\/airsoft\/\">accessoires airsoft<\/a> pour trouver des \u00e9quipements de protection. Pour plus d'informations sur la s\u00e9curit\u00e9 et l'utilisation, vous pouvez visiter notre <a href=\"https:\/\/ak47.nu\/fr\/\">page d'accueil<\/a>.<\/p>\n<h3>R\u00e9utilisable et Installation Facile<\/h3>\n<p>La Thunder B peut \u00eatre r\u00e9utilis\u00e9e. Il suffit de remplacer la cartouche de gaz Co2 et l'enveloppe ext\u00e9rieure apr\u00e8s utilisation, et elle peut \u00eatre utilis\u00e9e \u00e0 nouveau. L'installation est \u00e9galement simple. Consultez le manuel d'utilisation pour l'installation. La Thunder B est aliment\u00e9e par des cartouches jetables de Co2. Comme elle ne contient pas de poudre \u00e0 canon ni de mat\u00e9riaux susceptibles de br\u00fbler et d'exploser, sa forme, sa manipulation et sa fonction r\u00e9alistes lui permettent d'\u00eatre utilis\u00e9e lors de d\u00e9monstrations de bombes.<\/p>\n<p><strong>NOTE !<\/strong> En tant qu'utilisateur de ce produit, il est de votre seule responsabilit\u00e9 de le manipuler de mani\u00e8re \u00e0 ne pas vous mettre en danger, vous ou les autres. Suivez toujours les pratiques de manipulation s\u00fbres. Il est souhaitable de maintenir une distance dans toutes les directions par rapport \u00e0 ce produit.<\/p>","protected":false},"excerpt":{"rendered":"<p>THUNDER B GRENADE SONORE &#8211; CHOC 6MM AIRSOFT C02 Grenade Sonore R\u00e9aliste et R\u00e9utilisable pour Airsoft La Thunder B peut \u00eatre fix\u00e9e \u00e0 un gilet tactique ou une veste, la rendant facilement accessible pendant les parties. Sa couleur et sa forme sont tr\u00e8s similaires \u00e0 une vraie grenade utilis\u00e9e par les forces militaires, augmentant ainsi [&#8230;]","protected":false},"featured_media":19819,"template":"","meta":[],"product_brand":[],"product_cat":[409],"product_tag":[],"class_list":{"0":"post-19823","1":"product","2":"type-product","3":"status-publish","4":"has-post-thumbnail","6":"product_cat-ovriga-vapen-co2","7":"pa_brand-hakkotsu","9":"first","10":"outofstock","11":"sale","12":"taxable","13":"shipping-taxable","14":"purchasable","15":"product-type-simple"},"_links":{"self":[{"href":"http:\/\/ak47.nu\/fr\/wp-json\/wp\/v2\/product\/19823","targetHints":{"allow":["GET"]}}],"collection":[{"href":"http:\/\/ak47.nu\/fr\/wp-json\/wp\/v2\/product"}],"about":[{"href":"http:\/\/ak47.nu\/fr\/wp-json\/wp\/v2\/types\/product"}],"wp:featuredmedia":[{"embeddable":true,"href":"http:\/\/ak47.nu\/fr\/wp-json\/wp\/v2\/media\/19819"}],"wp:attachment":[{"href":"http:\/\/ak47.nu\/fr\/wp-json\/wp\/v2\/media?parent=19823"}],"wp:term":[{"taxonomy":"product_brand","embeddable":true,"href":"http:\/\/ak47.nu\/fr\/wp-json\/wp\/v2\/product_brand?post=19823"},{"taxonomy":"product_cat","embeddable":true,"href":"http:\/\/ak47.nu\/fr\/wp-json\/wp\/v2\/product_cat?post=19823"},{"taxonomy":"product_tag","embeddable":true,"href":"http:\/\/ak47.nu\/fr\/wp-json\/wp\/v2\/product_tag?post=19823"}],"curies":[{"name":"wp","href":"https:\/\/api.w.org\/{rel}","templated":true}]}}