{"id":20485,"date":"2022-05-07T11:01:34","date_gmt":"2022-05-07T09:01:34","guid":{"rendered":"https:\/\/ak47.nu\/produkt\/we-wei-e-tech-green-gas-6mm-airsoft-pistol\/"},"modified":"2025-08-21T10:52:46","modified_gmt":"2025-08-21T08:52:46","slug":"we-wei-e-tech-pistolet-airsoft-6mm-gaz-vert","status":"publish","type":"product","link":"http:\/\/ak47.nu\/fr\/produit\/airsoft\/grongas\/pistoler-grongas\/we-wei-e-tech-pistolet-airsoft-6mm-gaz-vert\/","title":{"rendered":"WE Wei-E Tech - Pistolet Airsoft 6mm Gaz Vert"},"content":{"rendered":"<h1>WE Wei-E Tech - Pistolet Airsoft 6mm Gaz Vert<\/h1>\n<h2>R\u00e9plique de Pistolet Airsoft de Haute Qualit\u00e9<\/h2>\n<p>C'est le tout dernier mod\u00e8le de Wei-E Tech. Ce pistolet est bien connu des films, des jeux, et est \u00e9galement utilis\u00e9 par de nombreuses forces. La glissi\u00e8re est fabriqu\u00e9e en aluminium de haute qualit\u00e9, et le corps inf\u00e9rieur est fabriqu\u00e9 en polym\u00e8re durable.<\/p>\n<h3>Poign\u00e9e de Pistolet Ergonomique<\/h3>\n<p>La poign\u00e9e du pistolet, qui comporte des coussinets interchangeables pour une meilleure maniabilit\u00e9, m\u00e9rite une attention particuli\u00e8re. La poign\u00e9e, combin\u00e9e \u00e0 son poids bien choisi, donne \u00e0 l'op\u00e9rateur l'impression de tenir une v\u00e9ritable arme \u00e0 feu. Il comprend \u00e9galement un indicateur de chambre charg\u00e9e fonctionnel et un d\u00e9sarmement.<\/p>\n<ul>\n <li>Hop-up r\u00e9glable<\/li>\n <li>Poids: 700 g<\/li>\n <li>Type de chargeur: Gaz vert<\/li>\n <li>Vitesse initiale: 300 fps<\/li>\n <li>Blowback: Oui<\/li>\n <li>Capacit\u00e9 du chargeur: 22 BBs<\/li>\n <li>Mat\u00e9riau: Aluminium, polym\u00e8re<\/li>\n <li>Couleur: Tan<\/li>\n <li>Longueur: 180 mm<\/li>\n <li>\u00c9nergie \u00e0 la bouche: 0,84 J<\/li>\n <li>Longueur du canon interne: 80 mm<\/li>\n <li>Mode de tir: Simple<\/li>\n <li>Munitions: .23g, .20g<\/li>\n<\/ul>\n<p>D\u00e9couvrez la sensation r\u00e9aliste et les performances de ce pistolet airsoft. Id\u00e9al pour les collectionneurs et les joueurs. D\u00e9couvrez notre gamme d'<a href=\"https:\/\/ak47.nu\/fr\/butik\/\">autres pistolets airsoft<\/a> et trouvez le mod\u00e8le parfait pour vous. Visitez notre <a href=\"https:\/\/ak47.nu\/fr\/airsoft\/\">cat\u00e9gorie de pistolets airsoft<\/a> pour voir plus d'options. Pour plus d'informations sur nos produits, visitez <a href=\"https:\/\/ak47.nu\/fr\/\">notre site web<\/a>.<\/p>","protected":false},"excerpt":{"rendered":"<p>WE Wei-E Tech &#8211; Pistolet Airsoft 6mm Gaz Vert R\u00e9plique de Pistolet Airsoft de Haute Qualit\u00e9 C&#8217;est le tout dernier mod\u00e8le de Wei-E Tech. Ce pistolet est bien connu des films, des jeux, et est \u00e9galement utilis\u00e9 par de nombreuses forces. La glissi\u00e8re est fabriqu\u00e9e en aluminium de haute qualit\u00e9, et le corps inf\u00e9rieur est [&#8230;]","protected":false},"featured_media":20480,"template":"","meta":[],"product_brand":[],"product_cat":[368,410,411],"product_tag":[],"class_list":{"0":"post-20485","1":"product","2":"type-product","3":"status-publish","4":"has-post-thumbnail","6":"product_cat-airsoft","7":"product_cat-grongas","8":"product_cat-pistoler-grongas","9":"pa_brand-we","10":"pa_farg-brun","12":"first","13":"instock","14":"sale","15":"taxable","16":"shipping-taxable","17":"purchasable","18":"product-type-simple"},"_links":{"self":[{"href":"http:\/\/ak47.nu\/fr\/wp-json\/wp\/v2\/product\/20485","targetHints":{"allow":["GET"]}}],"collection":[{"href":"http:\/\/ak47.nu\/fr\/wp-json\/wp\/v2\/product"}],"about":[{"href":"http:\/\/ak47.nu\/fr\/wp-json\/wp\/v2\/types\/product"}],"wp:featuredmedia":[{"embeddable":true,"href":"http:\/\/ak47.nu\/fr\/wp-json\/wp\/v2\/media\/20480"}],"wp:attachment":[{"href":"http:\/\/ak47.nu\/fr\/wp-json\/wp\/v2\/media?parent=20485"}],"wp:term":[{"taxonomy":"product_brand","embeddable":true,"href":"http:\/\/ak47.nu\/fr\/wp-json\/wp\/v2\/product_brand?post=20485"},{"taxonomy":"product_cat","embeddable":true,"href":"http:\/\/ak47.nu\/fr\/wp-json\/wp\/v2\/product_cat?post=20485"},{"taxonomy":"product_tag","embeddable":true,"href":"http:\/\/ak47.nu\/fr\/wp-json\/wp\/v2\/product_tag?post=20485"}],"curies":[{"name":"wp","href":"https:\/\/api.w.org\/{rel}","templated":true}]}}