{"id":20568,"date":"2022-05-07T11:07:59","date_gmt":"2022-05-07T09:07:59","guid":{"rendered":"https:\/\/ak47.nu\/produkt\/airsoft-we-mk-makarov-pistol-replica-6mm-fake-supressor\/"},"modified":"2025-12-03T20:11:28","modified_gmt":"2025-12-03T19:11:28","slug":"we-mk-makarov-airsoft-replique-pistolet-silencieux","status":"publish","type":"product","link":"http:\/\/ak47.nu\/fr\/produit\/airsoft\/grongas\/pistoler-grongas\/we-mk-makarov-airsoft-replique-pistolet-silencieux\/","title":{"rendered":"WE MK Makarov Airsoft R\u00e9plique de Pistolet avec Silencieux"},"content":{"rendered":"<h1>WE MK Makarov Airsoft R\u00e9plique de Pistolet avec Silencieux<\/h1>\n<h2>R\u00e9plique Airsoft Classique Sovi\u00e9tique Authentique<\/h2>\n<p>WE pr\u00e9sente le MK, une r\u00e9plique airsoft du pistolet classique Makarov 9x18mm. Fabriqu\u00e9e avec une attention particuli\u00e8re aux d\u00e9tails, cette r\u00e9plique est dot\u00e9e d'une construction \"tout en m\u00e9tal\", avec des poign\u00e9es lat\u00e9rales en polym\u00e8re. La finition et l'ajustement offrent une sensation de qualit\u00e9. Les mat\u00e9riaux lui conf\u00e8rent un poids similaire \u00e0 l'original.<\/p>\n<h2>Conception Ergonomique et Caract\u00e9ristiques<\/h2>\n<p>Gr\u00e2ce \u00e0 la poign\u00e9e ergonomique, la r\u00e9plique tient parfaitement dans la main. Le cran de s\u00fbret\u00e9 et le d\u00e9verrouillage de la culasse se trouvent tous deux sur le c\u00f4t\u00e9 gauche. Le bouton de d\u00e9verrouillage du chargeur est situ\u00e9 au bas de la poign\u00e9e. La r\u00e9plique est dot\u00e9e d'une d\u00e9tente \"double action\".<\/p>\n<h2>Silencieux et Extension de Canon<\/h2>\n<p>L'ensemble comprend un silencieux m\u00e9tallique qui peut \u00e9galement servir de logement pour une extension de canon. Le silencieux et l'extension de canon sont tous deux mont\u00e9s sur un filetage, ce qui augmente l'\u00e9tanch\u00e9it\u00e9 ainsi que la port\u00e9e et la vitesse initiale de ~220 FPS jusqu'\u00e0 ~320 FPS ! M\u00eame avec le silencieux mont\u00e9, le MK conserve son aspect unique et sa maniabilit\u00e9.<\/p>\n<h2>Syst\u00e8me de Retour de Culasse<\/h2>\n<p>Un puissant syst\u00e8me de retour de culasse imite la sensation du tir de l'original. Le syst\u00e8me met la culasse en mouvement et la tire vers l'arri\u00e8re apr\u00e8s chaque tir. Lorsque la derni\u00e8re bille quitte le chargeur, la culasse s'arr\u00eate en position arri\u00e8re. Cela donne un \"coup de pied\" et augmente l'exp\u00e9rience. Le hop-up se r\u00e8gle en retirant la culasse.<\/p>\n<h2>Chargeur<\/h2>\n<p>La r\u00e9plique est livr\u00e9e avec un chargeur m\u00e9tallique qui contient un r\u00e9cipient de gaz vert et 17 billes.<\/p>\n<ul>\n <li>R\u00e9plique<\/li>\n <li>Chargeur<\/li>\n <li>Manuel<\/li>\n <li>Extension de canon<\/li>\n <li>Silencieux (factice)<\/li>\n<\/ul>\n<h3>Sp\u00e9cifications:<\/h3>\n<ul>\n <li>Retour de culasse : Oui<\/li>\n <li>R\u00e9pliques \u00e0 gaz : Pistolets - Gaz vert<\/li>\n <li>Hop-up : Oui, r\u00e9glable<\/li>\n <li>Longueur [mm] : 160\/270<\/li>\n <li>Mat\u00e9riau : M\u00e9tal + plastique<\/li>\n <li>Capacit\u00e9 du chargeur [pi\u00e8ces] : 16<\/li>\n <li>Type de chargeur : Chargeur Low-Cap<\/li>\n <li>Fabricant : WE<\/li>\n <li>Propulsion : Gaz - Gaz vert<\/li>\n <li>Mode de tir : Simple<\/li>\n <li>Vitesse [FPS] : ~220\/~320<\/li>\n <li>Garantie : 6 mois<\/li>\n <li>Poids [g] : 630<\/li>\n<\/ul>\n<p>D\u00e9couvrez d'autres <a href=\"https:\/\/ak47.nu\/fr\/butik\/\">pistolets airsoft<\/a> dans notre s\u00e9lection. Visitez notre <a href=\"https:\/\/ak47.nu\/fr\/airsoft\/\">cat\u00e9gorie airsoft<\/a> pour voir toute notre gamme. Pour plus d'informations sur nous, visitez notre <a href=\"https:\/\/ak47.nu\/fr\/\">page d'accueil<\/a>.<\/p>","protected":false},"excerpt":{"rendered":"<p>WE MK Makarov Airsoft R\u00e9plique de Pistolet avec Silencieux R\u00e9plique Airsoft Classique Sovi\u00e9tique Authentique WE pr\u00e9sente le MK, une r\u00e9plique airsoft du pistolet classique Makarov 9x18mm. Fabriqu\u00e9e avec une attention particuli\u00e8re aux d\u00e9tails, cette r\u00e9plique est dot\u00e9e d&#8217;une construction &#8221;tout en m\u00e9tal&#8221;, avec des poign\u00e9es lat\u00e9rales en polym\u00e8re. La finition et l&#8217;ajustement offrent une sensation [&#8230;]","protected":false},"featured_media":20563,"template":"","meta":[],"product_brand":[],"product_cat":[411],"product_tag":[],"class_list":{"0":"post-20568","1":"product","2":"type-product","3":"status-publish","4":"has-post-thumbnail","6":"product_cat-pistoler-grongas","7":"pa_brand-we","8":"pa_farg-svart","10":"first","11":"outofstock","12":"sale","13":"taxable","14":"shipping-taxable","15":"purchasable","16":"product-type-simple"},"_links":{"self":[{"href":"http:\/\/ak47.nu\/fr\/wp-json\/wp\/v2\/product\/20568","targetHints":{"allow":["GET"]}}],"collection":[{"href":"http:\/\/ak47.nu\/fr\/wp-json\/wp\/v2\/product"}],"about":[{"href":"http:\/\/ak47.nu\/fr\/wp-json\/wp\/v2\/types\/product"}],"wp:featuredmedia":[{"embeddable":true,"href":"http:\/\/ak47.nu\/fr\/wp-json\/wp\/v2\/media\/20563"}],"wp:attachment":[{"href":"http:\/\/ak47.nu\/fr\/wp-json\/wp\/v2\/media?parent=20568"}],"wp:term":[{"taxonomy":"product_brand","embeddable":true,"href":"http:\/\/ak47.nu\/fr\/wp-json\/wp\/v2\/product_brand?post=20568"},{"taxonomy":"product_cat","embeddable":true,"href":"http:\/\/ak47.nu\/fr\/wp-json\/wp\/v2\/product_cat?post=20568"},{"taxonomy":"product_tag","embeddable":true,"href":"http:\/\/ak47.nu\/fr\/wp-json\/wp\/v2\/product_tag?post=20568"}],"curies":[{"name":"wp","href":"https:\/\/api.w.org\/{rel}","templated":true}]}}