{"id":20961,"date":"2022-05-07T11:31:31","date_gmt":"2022-05-07T09:31:31","guid":{"rendered":"https:\/\/ak47.nu\/produkt\/well-d-93-micro-uzi-replika-airsoft-6mm-elektrisk\/"},"modified":"2025-12-03T20:23:45","modified_gmt":"2025-12-03T19:23:45","slug":"well-d-93-micro-uzi-replique-airsoft-electrique","status":"publish","type":"product","link":"http:\/\/ak47.nu\/fr\/produit\/airsoft\/el-drivna\/kulsprutor\/well-d-93-micro-uzi-replique-airsoft-electrique\/","title":{"rendered":"WELL D-93 Micro UZI R\u00e9plique Airsoft - \u00c9lectrique"},"content":{"rendered":"<h1>WELL - D-93 Micro UZI R\u00e9plique Airsoft - \u00c9lectrique<\/h1>\n<h2>R\u00e9plique Airsoft Simple et Robuste pour D\u00e9butants<\/h2>\n<p>La WELL D-93 est une r\u00e9plique airsoft \u00e9lectrique simple, parfaite pour ceux qui cherchent \u00e0 d\u00e9buter dans l'airsoft ou comme arme de poing fiable pendant les parties. Cette r\u00e9plique Micro UZI est fabriqu\u00e9e de mani\u00e8re robuste en plastique ABS r\u00e9sistant aux chocs et poss\u00e8de un chargeur qui peut contenir 200 billes, ce qui vous donne suffisamment de munitions pour des parties pleines d'action. \u00c9quip\u00e9e d'un mode full auto.<\/p>\n<h3>Accessoires et Sp\u00e9cifications Inclus :<\/h3>\n<ul>\n <li>Livr\u00e9e avec un chargeur, un petit sachet de billes, une batterie et la r\u00e9plique.<\/li>\n <li>Chargeur standard UE inclus.<\/li>\n <li>Vitesse initiale : 135 fps (pieds par seconde).<\/li>\n <li>Mode de tir : Full auto.<\/li>\n<\/ul>\n<p>Cette r\u00e9plique airsoft est un excellent choix pour les d\u00e9butants et les joueurs exp\u00e9riment\u00e9s \u00e0 la recherche d'une option abordable et fiable. Ne manquez pas nos autres <a href=\"https:\/\/ak47.nu\/fr\/butik\/\">r\u00e9pliques airsoft<\/a> pour trouver le mod\u00e8le qui vous convient le mieux. Explorez notre large gamme de <a href=\"https:\/\/ak47.nu\/fr\/airsoft\/\">pistolets airsoft<\/a> et d'accessoires pour optimiser votre exp\u00e9rience de jeu. Visitez <a href=\"https:\/\/ak47.nu\/fr\/\">notre site web<\/a> pour voir toute notre gamme.<\/p>","protected":false},"excerpt":{"rendered":"<p>K\u00f6p WELL D-93 Micro UZI replika &#8211; elektrisk airsoftpistol i 6mm. Perfekt f\u00f6r airsoftspel. Best\u00e4ll nu f\u00f6r snabb leverans.<\/p>","protected":false},"featured_media":20956,"template":"","meta":[],"product_brand":[],"product_cat":[402],"product_tag":[],"class_list":{"0":"post-20961","1":"product","2":"type-product","3":"status-publish","4":"has-post-thumbnail","6":"product_cat-kulsprutor","7":"pa_brand-well","9":"first","10":"outofstock","11":"sale","12":"taxable","13":"shipping-taxable","14":"purchasable","15":"product-type-simple"},"_links":{"self":[{"href":"http:\/\/ak47.nu\/fr\/wp-json\/wp\/v2\/product\/20961","targetHints":{"allow":["GET"]}}],"collection":[{"href":"http:\/\/ak47.nu\/fr\/wp-json\/wp\/v2\/product"}],"about":[{"href":"http:\/\/ak47.nu\/fr\/wp-json\/wp\/v2\/types\/product"}],"wp:featuredmedia":[{"embeddable":true,"href":"http:\/\/ak47.nu\/fr\/wp-json\/wp\/v2\/media\/20956"}],"wp:attachment":[{"href":"http:\/\/ak47.nu\/fr\/wp-json\/wp\/v2\/media?parent=20961"}],"wp:term":[{"taxonomy":"product_brand","embeddable":true,"href":"http:\/\/ak47.nu\/fr\/wp-json\/wp\/v2\/product_brand?post=20961"},{"taxonomy":"product_cat","embeddable":true,"href":"http:\/\/ak47.nu\/fr\/wp-json\/wp\/v2\/product_cat?post=20961"},{"taxonomy":"product_tag","embeddable":true,"href":"http:\/\/ak47.nu\/fr\/wp-json\/wp\/v2\/product_tag?post=20961"}],"curies":[{"name":"wp","href":"https:\/\/api.w.org\/{rel}","templated":true}]}}