{"id":21046,"date":"2022-05-07T11:49:02","date_gmt":"2022-05-07T09:49:02","guid":{"rendered":"https:\/\/ak47.nu\/produkt\/well-d90f-replica-d90f-aeg-6mm-airsoft\/"},"modified":"2025-12-03T20:31:09","modified_gmt":"2025-12-03T19:31:09","slug":"well-d90f-replique-aeg-6mm-airsoft","status":"publish","type":"product","link":"http:\/\/ak47.nu\/fr\/produit\/airsoft\/el-drivna\/kulsprutor\/well-d90f-replique-aeg-6mm-airsoft\/","title":{"rendered":"WELL D90F R\u00e9plique - AEG 6mm Airsoft | WELL"},"content":{"rendered":"<h1>WELL D90F R\u00e9plique - AEG 6mm Airsoft<\/h1>\n<h2>R\u00e9plique Airsoft Compacte et Polyvalente<\/h2>\n<p>La r\u00e9plique WELL D90F est une version airsoft du pistolet mitrailleur classique D90F. Fabriqu\u00e9e presque enti\u00e8rement en plastique durable, \u00e0 l'image de l'original, cette r\u00e9plique est \u00e0 la fois l\u00e9g\u00e8re et robuste. Son design compact et sa petite taille en font une arme confortable, id\u00e9ale pour les engagements \u00e0 courte et moyenne port\u00e9e. D\u00e9couvrez notre large s\u00e9lection de <a href=\"https:\/\/ak47.nu\/fr\/butik\/\">r\u00e9pliques airsoft authentiques<\/a>.<\/p>\n<h3>Avantages du Syst\u00e8me Bullpup<\/h3>\n<p>Le canon allong\u00e9 - atteignant loin derri\u00e8re la d\u00e9tente, caract\u00e9ristique des armes \u00e0 feu bullpup - am\u00e9liore la pr\u00e9cision du tir. La conception bullpup augmente le confort de l'utilisateur, rendant la r\u00e9plique courte, facile \u00e0 man\u0153uvrer, tout en offrant stabilit\u00e9 et pr\u00e9cision. Optimisez votre exp\u00e9rience airsoft avec les <a href=\"https:\/\/ak47.nu\/fr\/airsoft\/\">accessoires airsoft<\/a> appropri\u00e9s.<\/p>\n<h3>Capacit\u00e9 de Chargeur \u00c9lev\u00e9e et Cadence de Tir<\/h3>\n<p>Avec un chargeur de 300 billes, combin\u00e9 \u00e0 la pr\u00e9cision, \u00e0 la capacit\u00e9 de tir automatique et \u00e0 une cadence de tir th\u00e9orique de 400 billes par minute, cette r\u00e9plique est un outil parfait pour les sc\u00e9narios CQB (Close Quarters Battle). En utilisant des billes de 0,12 g, elle atteint une vitesse de 180 FPS (Feet Per Second). Des billes plus lourdes de 0,20 g peuvent \u00e9galement \u00eatre utilis\u00e9es, r\u00e9duisant l\u00e9g\u00e8rement la port\u00e9e tout en augmentant la pr\u00e9cision. Trouvez tout ce dont vous avez besoin chez <a href=\"https:\/\/ak47.nu\/fr\/\">nous<\/a>.<\/p>\n<h3>Rail RIS pour Accessoires<\/h3>\n<p>La r\u00e9plique est dot\u00e9e d'un rail RIS situ\u00e9 \u00e0 l'arri\u00e8re, au-dessus du chargeur. Cela permet de fixer divers dispositifs \u00e9lectro-optiques ou une lampe de poche, ce qui vous permet de personnaliser votre arme en fonction de vos besoins.<\/p>\n<h3>L'Ensemble Comprend :<\/h3>\n<ul>\n <li>R\u00e9plique<\/li>\n <li>Chargeur<\/li>\n <li>Batterie<\/li>\n <li>Chargeur<\/li>\n<\/ul>","protected":false},"excerpt":{"rendered":"<p>WELL D90F R\u00e9plique &#8211; AEG 6mm Airsoft R\u00e9plique Airsoft Compacte et Polyvalente La r\u00e9plique WELL D90F est une version airsoft du pistolet mitrailleur classique D90F. Fabriqu\u00e9e presque enti\u00e8rement en plastique durable, \u00e0 l&#8217;image de l&#8217;original, cette r\u00e9plique est \u00e0 la fois l\u00e9g\u00e8re et robuste. Son design compact et sa petite taille en font une arme [&#8230;]","protected":false},"featured_media":21041,"template":"","meta":[],"product_brand":[],"product_cat":[402],"product_tag":[],"class_list":{"0":"post-21046","1":"product","2":"type-product","3":"status-publish","4":"has-post-thumbnail","6":"product_cat-kulsprutor","7":"pa_brand-well","9":"first","10":"outofstock","11":"taxable","12":"shipping-taxable","13":"purchasable","14":"product-type-simple"},"_links":{"self":[{"href":"http:\/\/ak47.nu\/fr\/wp-json\/wp\/v2\/product\/21046","targetHints":{"allow":["GET"]}}],"collection":[{"href":"http:\/\/ak47.nu\/fr\/wp-json\/wp\/v2\/product"}],"about":[{"href":"http:\/\/ak47.nu\/fr\/wp-json\/wp\/v2\/types\/product"}],"wp:featuredmedia":[{"embeddable":true,"href":"http:\/\/ak47.nu\/fr\/wp-json\/wp\/v2\/media\/21041"}],"wp:attachment":[{"href":"http:\/\/ak47.nu\/fr\/wp-json\/wp\/v2\/media?parent=21046"}],"wp:term":[{"taxonomy":"product_brand","embeddable":true,"href":"http:\/\/ak47.nu\/fr\/wp-json\/wp\/v2\/product_brand?post=21046"},{"taxonomy":"product_cat","embeddable":true,"href":"http:\/\/ak47.nu\/fr\/wp-json\/wp\/v2\/product_cat?post=21046"},{"taxonomy":"product_tag","embeddable":true,"href":"http:\/\/ak47.nu\/fr\/wp-json\/wp\/v2\/product_tag?post=21046"}],"curies":[{"name":"wp","href":"https:\/\/api.w.org\/{rel}","templated":true}]}}