{"id":21165,"date":"2022-05-07T12:36:52","date_gmt":"2022-05-07T10:36:52","guid":{"rendered":"https:\/\/ak47.nu\/produkt\/ggh-0301-ls6904-magazine-for-ls-replica-6mm-greengas\/"},"modified":"2025-12-03T20:09:10","modified_gmt":"2025-12-03T19:09:10","slug":"chargeur-ggh-0301-ls6904-replique-ls-6mm-greengas","status":"publish","type":"product","link":"http:\/\/ak47.nu\/fr\/produit\/tillbehor-2\/magasin\/chargeur-ggh-0301-ls6904-replique-ls-6mm-greengas\/","title":{"rendered":"Chargeur GGH-0301 \/ LS6904 pour R\u00e9plique LS"},"content":{"rendered":"<h1>Chargeur GGH-0301 \/ LS6904 pour R\u00e9plique LS 6mm Greengas<\/h1>\n<h2>Compatible avec la r\u00e9plique STTI<\/h2>\n<p>Chargeur compatible avec la r\u00e9plique GGH-0301 \/ LS6904 de STTI. Ce chargeur est con\u00e7u pour utiliser du gaz vert (greengas).<\/p>\n<ul>\n <li>Compatible avec la r\u00e9plique GGH-0301 \/ LS6904 de STTI<\/li>\n <li>Utilise du gaz vert (greengas)<\/li>\n <li>Num\u00e9ro de pi\u00e8ce : GGH-0301M<\/li>\n<\/ul>\n<p>Ce chargeur est un \u00e9l\u00e9ment essentiel pour votre r\u00e9plique, assurant une alimentation fiable et une performance optimale lors de son utilisation. N'oubliez pas de consulter nos <a href=\"https:\/\/ak47.nu\/fr\/butik\/\">autres pi\u00e8ces de rechange<\/a> pour entretenir votre \u00e9quipement. Pour plus d'informations sur nos produits, visitez notre cat\u00e9gorie <a href=\"https:\/\/ak47.nu\/fr\/tillbehor-2\/magasin\/\">chargeurs airsoft<\/a> ou consultez notre <a href=\"https:\/\/ak47.nu\/fr\/\">page d'accueil<\/a>.<\/p>","protected":false},"excerpt":{"rendered":"<p>Chargeur GGH-0301 \/ LS6904 pour R\u00e9plique LS 6mm Greengas Compatible avec la r\u00e9plique STTI Chargeur compatible avec la r\u00e9plique GGH-0301 \/ LS6904 de STTI. Ce chargeur est con\u00e7u pour utiliser du gaz vert (greengas). Compatible avec la r\u00e9plique GGH-0301 \/ LS6904 de STTI Utilise du gaz vert (greengas) Num\u00e9ro de pi\u00e8ce : GGH-0301M Ce chargeur [&#8230;]","protected":false},"featured_media":21162,"template":"","meta":[],"product_brand":[],"product_cat":[464],"product_tag":[],"class_list":{"0":"post-21165","1":"product","2":"type-product","3":"status-publish","4":"has-post-thumbnail","6":"product_cat-magasin","7":"pa_brand-stti","9":"first","10":"outofstock","11":"sale","12":"taxable","13":"shipping-taxable","14":"purchasable","15":"product-type-simple"},"_links":{"self":[{"href":"http:\/\/ak47.nu\/fr\/wp-json\/wp\/v2\/product\/21165","targetHints":{"allow":["GET"]}}],"collection":[{"href":"http:\/\/ak47.nu\/fr\/wp-json\/wp\/v2\/product"}],"about":[{"href":"http:\/\/ak47.nu\/fr\/wp-json\/wp\/v2\/types\/product"}],"wp:featuredmedia":[{"embeddable":true,"href":"http:\/\/ak47.nu\/fr\/wp-json\/wp\/v2\/media\/21162"}],"wp:attachment":[{"href":"http:\/\/ak47.nu\/fr\/wp-json\/wp\/v2\/media?parent=21165"}],"wp:term":[{"taxonomy":"product_brand","embeddable":true,"href":"http:\/\/ak47.nu\/fr\/wp-json\/wp\/v2\/product_brand?post=21165"},{"taxonomy":"product_cat","embeddable":true,"href":"http:\/\/ak47.nu\/fr\/wp-json\/wp\/v2\/product_cat?post=21165"},{"taxonomy":"product_tag","embeddable":true,"href":"http:\/\/ak47.nu\/fr\/wp-json\/wp\/v2\/product_tag?post=21165"}],"curies":[{"name":"wp","href":"https:\/\/api.w.org\/{rel}","templated":true}]}}