{"id":21167,"date":"2022-05-07T12:36:54","date_gmt":"2022-05-07T10:36:54","guid":{"rendered":"https:\/\/ak47.nu\/produkt\/original-glock-19-6mm-airsoft-magazine\/"},"modified":"2025-12-03T19:29:49","modified_gmt":"2025-12-03T18:29:49","slug":"chargeur-airsoft-glock-19-6mm","status":"publish","type":"product","link":"http:\/\/ak47.nu\/fr\/produit\/tillbehor-2\/magasin\/chargeur-airsoft-glock-19-6mm\/","title":{"rendered":"Chargeur Airsoft Glock 19 6mm"},"content":{"rendered":"<h1>Chargeur Airsoft Glock 19 6mm<\/h1>\n<h2>D\u00e9tails du chargeur Airsoft Glock 19<\/h2>\n<p>Ce chargeur est sp\u00e9cialement con\u00e7u pour les pistolets airsoft Glock 19 CO2 6mm. Le chargeur est compatible avec le mod\u00e8le 2.6418 et contient 11 billes, offrant une capacit\u00e9 suffisante pour des parties rapides et efficaces sur le terrain d'airsoft. Am\u00e9liorez votre \u00e9quipement d'airsoft avec ce chargeur fiable pour maximiser votre exp\u00e9rience de jeu. Vous trouverez des <a href=\"https:\/\/ak47.nu\/fr\/butik\/\">pistolets airsoft compatibles<\/a> et <a href=\"https:\/\/ak47.nu\/fr\/tillbehor-2\/magasin\/\">d'autres chargeurs airsoft<\/a> dans notre gamme. Visitez \u00e9galement notre <a href=\"https:\/\/ak47.nu\/fr\/\">site web<\/a> pour d\u00e9couvrir notre gamme compl\u00e8te d'accessoires airsoft.<\/p>\n<h3>Sp\u00e9cifications:<\/h3>\n<ul>\n <li>Calibre: 6mm<\/li>\n <li>Capacit\u00e9 du chargeur: 11 billes<\/li>\n<\/ul>\n<p>Avec ce chargeur, vous pouvez \u00eatre s\u00fbr que votre pistolet airsoft Glock 19 fonctionne au mieux. Investissez dans la qualit\u00e9 et la pr\u00e9cision pour faire passer votre jeu d'airsoft au niveau sup\u00e9rieur.<\/p>","protected":false},"excerpt":{"rendered":"<p>Chargeur Airsoft Glock 19 6mm D\u00e9tails du chargeur Airsoft Glock 19 Ce chargeur est sp\u00e9cialement con\u00e7u pour les pistolets airsoft Glock 19 CO2 6mm. Le chargeur est compatible avec le mod\u00e8le 2.6418 et contient 11 billes, offrant une capacit\u00e9 suffisante pour des parties rapides et efficaces sur le terrain d&#8217;airsoft. Am\u00e9liorez votre \u00e9quipement d&#8217;airsoft avec [&#8230;]","protected":false},"featured_media":21166,"template":"","meta":[],"product_brand":[],"product_cat":[464],"product_tag":[],"class_list":{"0":"post-21167","1":"product","2":"type-product","3":"status-publish","4":"has-post-thumbnail","6":"product_cat-magasin","7":"pa_brand-glock","9":"first","10":"outofstock","11":"sale","12":"taxable","13":"shipping-taxable","14":"purchasable","15":"product-type-simple"},"_links":{"self":[{"href":"http:\/\/ak47.nu\/fr\/wp-json\/wp\/v2\/product\/21167","targetHints":{"allow":["GET"]}}],"collection":[{"href":"http:\/\/ak47.nu\/fr\/wp-json\/wp\/v2\/product"}],"about":[{"href":"http:\/\/ak47.nu\/fr\/wp-json\/wp\/v2\/types\/product"}],"wp:featuredmedia":[{"embeddable":true,"href":"http:\/\/ak47.nu\/fr\/wp-json\/wp\/v2\/media\/21166"}],"wp:attachment":[{"href":"http:\/\/ak47.nu\/fr\/wp-json\/wp\/v2\/media?parent=21167"}],"wp:term":[{"taxonomy":"product_brand","embeddable":true,"href":"http:\/\/ak47.nu\/fr\/wp-json\/wp\/v2\/product_brand?post=21167"},{"taxonomy":"product_cat","embeddable":true,"href":"http:\/\/ak47.nu\/fr\/wp-json\/wp\/v2\/product_cat?post=21167"},{"taxonomy":"product_tag","embeddable":true,"href":"http:\/\/ak47.nu\/fr\/wp-json\/wp\/v2\/product_tag?post=21167"}],"curies":[{"name":"wp","href":"https:\/\/api.w.org\/{rel}","templated":true}]}}