{"id":21169,"date":"2022-05-07T12:36:56","date_gmt":"2022-05-07T10:36:56","guid":{"rendered":"https:\/\/ak47.nu\/produkt\/original-gletcher-magasin-1-pce-tt-tt-nbb\/"},"modified":"2025-08-21T10:47:33","modified_gmt":"2025-08-21T08:47:33","slug":"chargeur-gletcher-tt-tt-nbb","status":"publish","type":"product","link":"http:\/\/ak47.nu\/fr\/produit\/tillbehor-2\/magasin\/chargeur-gletcher-tt-tt-nbb\/","title":{"rendered":"Chargeur Gletcher TT \/ TT NBB - 1 Pce"},"content":{"rendered":"<h1>Chargeur Original Gletcher - TT \/ TT NBB<\/h1>\n<h2>Chargeur pour Gletcher TT et TT NBB<\/h2>\n<p>Ce chargeur original est sp\u00e9cialement con\u00e7u pour les pistolets \u00e0 air Gletcher TT et TT NBB. Parfait comme chargeur suppl\u00e9mentaire ou comme remplacement de votre chargeur actuel. Vendu en paquet de 1.<\/p>\n<ul>\n <li><strong>Compatibilit\u00e9 :<\/strong> Con\u00e7u pour les pistolets \u00e0 air Gletcher TT et TT NBB.<\/li>\n <li><strong>Quantit\u00e9 :<\/strong> Vendu en paquet de 1 chargeur.<\/li>\n <li><strong>Pi\u00e8ce d'origine :<\/strong> Qualit\u00e9 et ajustement garantis.<\/li>\n<\/ul>\n<p>Assurez-vous d'avoir toujours suffisamment de munitions disponibles avec ce chargeur fiable. Les <a href=\"https:\/\/ak47.nu\/fr\/butik\/\">pistolets \u00e0 air Gletcher<\/a> compatibles peuvent \u00eatre trouv\u00e9s ici, et vous pouvez \u00e9galement consulter notre gamme d'<a href=\"https:\/\/ak47.nu\/fr\/tillbehor-2\/magasin\/\">accessoires pour pistolets \u00e0 air<\/a>. Visitez <a href=\"https:\/\/ak47.nu\/fr\/\">notre site web<\/a> pour plus d'informations et d'autres produits.<\/p>","protected":false},"excerpt":{"rendered":"<p>Chargeur Original Gletcher &#8211; TT \/ TT NBB Chargeur pour Gletcher TT et TT NBB Ce chargeur original est sp\u00e9cialement con\u00e7u pour les pistolets \u00e0 air Gletcher TT et TT NBB. Parfait comme chargeur suppl\u00e9mentaire ou comme remplacement de votre chargeur actuel. Vendu en paquet de 1. Compatibilit\u00e9 : Con\u00e7u pour les pistolets \u00e0 air [&#8230;]","protected":false},"featured_media":21168,"template":"","meta":[],"product_brand":[],"product_cat":[464,450],"product_tag":[],"class_list":{"0":"post-21169","1":"product","2":"type-product","3":"status-publish","4":"has-post-thumbnail","6":"product_cat-magasin","7":"product_cat-tillbehor-2","8":"pa_brand-gletcher","10":"first","11":"outofstock","12":"sale","13":"taxable","14":"shipping-taxable","15":"purchasable","16":"product-type-simple"},"_links":{"self":[{"href":"http:\/\/ak47.nu\/fr\/wp-json\/wp\/v2\/product\/21169","targetHints":{"allow":["GET"]}}],"collection":[{"href":"http:\/\/ak47.nu\/fr\/wp-json\/wp\/v2\/product"}],"about":[{"href":"http:\/\/ak47.nu\/fr\/wp-json\/wp\/v2\/types\/product"}],"wp:featuredmedia":[{"embeddable":true,"href":"http:\/\/ak47.nu\/fr\/wp-json\/wp\/v2\/media\/21168"}],"wp:attachment":[{"href":"http:\/\/ak47.nu\/fr\/wp-json\/wp\/v2\/media?parent=21169"}],"wp:term":[{"taxonomy":"product_brand","embeddable":true,"href":"http:\/\/ak47.nu\/fr\/wp-json\/wp\/v2\/product_brand?post=21169"},{"taxonomy":"product_cat","embeddable":true,"href":"http:\/\/ak47.nu\/fr\/wp-json\/wp\/v2\/product_cat?post=21169"},{"taxonomy":"product_tag","embeddable":true,"href":"http:\/\/ak47.nu\/fr\/wp-json\/wp\/v2\/product_tag?post=21169"}],"curies":[{"name":"wp","href":"https:\/\/api.w.org\/{rel}","templated":true}]}}