{"id":21175,"date":"2022-05-07T12:36:59","date_gmt":"2022-05-07T10:36:59","guid":{"rendered":"https:\/\/ak47.nu\/produkt\/ggh-0302-magazine-for-stti-st23-replica-6mm-greengas\/"},"modified":"2025-08-21T10:47:31","modified_gmt":"2025-08-21T08:47:31","slug":"chargeur-ggh-0302-stti-st23-replique","status":"publish","type":"product","link":"http:\/\/ak47.nu\/fr\/produit\/tillbehor-2\/magasin\/chargeur-ggh-0302-stti-st23-replique\/","title":{"rendered":"Chargeur GGH-0302 pour STTI ST23 R\u00e9plique"},"content":{"rendered":"<h1>Chargeur GGH-0302 pour STTI ST23 R\u00e9plique 6mm Gaz Vert<\/h1>\n<h2>Compatible avec STTI GGH-0302<\/h2>\n<p>Ce chargeur est con\u00e7u pour s'adapter parfaitement \u00e0 votre r\u00e9plique STTI GGH-0302. Le chargeur est pr\u00e9vu pour le gaz vert, assurant une performance et une fiabilit\u00e9 optimales. Avec la r\u00e9f\u00e9rence GGH-0302M, vous pouvez \u00eatre s\u00fbr d'obtenir la bonne pi\u00e8ce de rechange pour votre \u00e9quipement d'airsoft.<\/p>\n<p>Le chargeur de gaz vert est fabriqu\u00e9 pour fournir une alimentation en munitions fluide et fiable pendant l'utilisation. Cela contribue \u00e0 une meilleure exp\u00e9rience de jeu o\u00f9 vous pouvez vous concentrer sur le jeu au lieu de vous soucier des probl\u00e8mes techniques. Compl\u00e9tez votre \u00e9quipement d'airsoft avec ce chargeur de haute qualit\u00e9 de STTI.<\/p>\n<ul>\n<li>Compatible avec la r\u00e9plique GGH-0302 de STTI<\/li>\n<li>Utilise du gaz vert<\/li>\n<li>R\u00e9f\u00e9rence\u00a0: GGH-0302M<\/li>\n<\/ul>\n<p>Am\u00e9liorez votre \u00e9quipement d'airsoft avec ce chargeur fiable. Vous trouverez des <a href=\"https:\/\/ak47.nu\/fr\/butik\/\">chargeurs similaires<\/a> et d'autres produits pertinents dans notre boutique en ligne. Pour voir notre gamme compl\u00e8te d'<a href=\"https:\/\/ak47.nu\/fr\/tillbehor-2\/magasin\/\">accessoires d'airsoft<\/a>, visitez notre page de cat\u00e9gorie. Ne manquez pas non plus notre large gamme de produits sur notre <a href=\"https:\/\/ak47.nu\/fr\/\">page d'accueil<\/a>\u00a0!<\/p>","protected":false},"excerpt":{"rendered":"<p>Chargeur GGH-0302 pour STTI ST23 R\u00e9plique 6mm Gaz Vert Compatible avec STTI GGH-0302 Ce chargeur est con\u00e7u pour s&#8217;adapter parfaitement \u00e0 votre r\u00e9plique STTI GGH-0302. Le chargeur est pr\u00e9vu pour le gaz vert, assurant une performance et une fiabilit\u00e9 optimales. Avec la r\u00e9f\u00e9rence GGH-0302M, vous pouvez \u00eatre s\u00fbr d&#8217;obtenir la bonne pi\u00e8ce de rechange pour [&#8230;]","protected":false},"featured_media":21170,"template":"","meta":[],"product_brand":[],"product_cat":[464,450],"product_tag":[],"class_list":{"0":"post-21175","1":"product","2":"type-product","3":"status-publish","4":"has-post-thumbnail","6":"product_cat-magasin","7":"product_cat-tillbehor-2","8":"pa_brand-stti","10":"first","11":"outofstock","12":"sale","13":"taxable","14":"shipping-taxable","15":"purchasable","16":"product-type-simple"},"_links":{"self":[{"href":"http:\/\/ak47.nu\/fr\/wp-json\/wp\/v2\/product\/21175","targetHints":{"allow":["GET"]}}],"collection":[{"href":"http:\/\/ak47.nu\/fr\/wp-json\/wp\/v2\/product"}],"about":[{"href":"http:\/\/ak47.nu\/fr\/wp-json\/wp\/v2\/types\/product"}],"wp:featuredmedia":[{"embeddable":true,"href":"http:\/\/ak47.nu\/fr\/wp-json\/wp\/v2\/media\/21170"}],"wp:attachment":[{"href":"http:\/\/ak47.nu\/fr\/wp-json\/wp\/v2\/media?parent=21175"}],"wp:term":[{"taxonomy":"product_brand","embeddable":true,"href":"http:\/\/ak47.nu\/fr\/wp-json\/wp\/v2\/product_brand?post=21175"},{"taxonomy":"product_cat","embeddable":true,"href":"http:\/\/ak47.nu\/fr\/wp-json\/wp\/v2\/product_cat?post=21175"},{"taxonomy":"product_tag","embeddable":true,"href":"http:\/\/ak47.nu\/fr\/wp-json\/wp\/v2\/product_tag?post=21175"}],"curies":[{"name":"wp","href":"https:\/\/api.w.org\/{rel}","templated":true}]}}