{"id":21177,"date":"2022-05-07T12:37:00","date_gmt":"2022-05-07T10:37:00","guid":{"rendered":"https:\/\/ak47.nu\/produkt\/original-gletcher-magasin-1-pce-trs247-trs-24-7\/"},"modified":"2025-08-21T10:47:26","modified_gmt":"2025-08-21T08:47:26","slug":"chargeur-gletcher-trs247-trs-247","status":"publish","type":"product","link":"http:\/\/ak47.nu\/fr\/produit\/tillbehor-2\/magasin\/chargeur-gletcher-trs247-trs-247\/","title":{"rendered":"Chargeur Gletcher - TRS247 \/ TRS 24\/7"},"content":{"rendered":"<h1>Chargeur d'origine Gletcher - TRS247 \/ TRS 24\/7<\/h1>\n<h2>Chargeur pour Gletcher TRS 24\/7<\/h2>\n<p>Il s'agit d'un chargeur d'origine con\u00e7u pour le pistolet \u00e0 air Gletcher TRS 24\/7. Id\u00e9al pour des changements de chargeur rapides, vous permettant de prolonger votre entra\u00eenement au tir. Chaque paquet contient un chargeur et une cl\u00e9 Allen.<\/p>\n<ul>\n <li>Compatible avec\u00a0: Gletcher TRS 24\/7<\/li>\n <li>Le paquet contient\u00a0: 1 chargeur, 1 cl\u00e9 Allen<\/li>\n<\/ul>\n<p>Besoin de plus de chargeurs pour votre pistolet \u00e0 air\u00a0? Achetez un <a href=\"https:\/\/ak47.nu\/fr\/butik\/\">chargeur Gletcher<\/a> suppl\u00e9mentaire, vous assurant ainsi d'avoir toujours un chargeur charg\u00e9 pr\u00eat \u00e0 l'emploi. Pour trouver d'autres accessoires et pi\u00e8ces de rechange pour votre pistolet, visitez notre <a href=\"https:\/\/ak47.nu\/fr\/tillbehor-2\/magasin\/\">cat\u00e9gorie Accessoires pour pistolets<\/a>. N'oubliez pas que nous proposons \u00e9galement une large gamme d'autres produits. Vous pouvez trouver toute notre gamme de produits sur <a href=\"https:\/\/ak47.nu\/fr\/\">The Gun Shop<\/a>.<\/p>","protected":false},"excerpt":{"rendered":"<p>Chargeur d&#8217;origine Gletcher &#8211; TRS247 \/ TRS 24\/7 Chargeur pour Gletcher TRS 24\/7 Il s&#8217;agit d&#8217;un chargeur d&#8217;origine con\u00e7u pour le pistolet \u00e0 air Gletcher TRS 24\/7. Id\u00e9al pour des changements de chargeur rapides, vous permettant de prolonger votre entra\u00eenement au tir. Chaque paquet contient un chargeur et une cl\u00e9 Allen. Compatible avec\u00a0: Gletcher TRS [&#8230;]","protected":false},"featured_media":21176,"template":"","meta":[],"product_brand":[],"product_cat":[464,450],"product_tag":[],"class_list":{"0":"post-21177","1":"product","2":"type-product","3":"status-publish","4":"has-post-thumbnail","6":"product_cat-magasin","7":"product_cat-tillbehor-2","8":"pa_brand-gletcher","10":"first","11":"instock","12":"sale","13":"taxable","14":"shipping-taxable","15":"purchasable","16":"product-type-simple"},"_links":{"self":[{"href":"http:\/\/ak47.nu\/fr\/wp-json\/wp\/v2\/product\/21177","targetHints":{"allow":["GET"]}}],"collection":[{"href":"http:\/\/ak47.nu\/fr\/wp-json\/wp\/v2\/product"}],"about":[{"href":"http:\/\/ak47.nu\/fr\/wp-json\/wp\/v2\/types\/product"}],"wp:featuredmedia":[{"embeddable":true,"href":"http:\/\/ak47.nu\/fr\/wp-json\/wp\/v2\/media\/21176"}],"wp:attachment":[{"href":"http:\/\/ak47.nu\/fr\/wp-json\/wp\/v2\/media?parent=21177"}],"wp:term":[{"taxonomy":"product_brand","embeddable":true,"href":"http:\/\/ak47.nu\/fr\/wp-json\/wp\/v2\/product_brand?post=21177"},{"taxonomy":"product_cat","embeddable":true,"href":"http:\/\/ak47.nu\/fr\/wp-json\/wp\/v2\/product_cat?post=21177"},{"taxonomy":"product_tag","embeddable":true,"href":"http:\/\/ak47.nu\/fr\/wp-json\/wp\/v2\/product_tag?post=21177"}],"curies":[{"name":"wp","href":"https:\/\/api.w.org\/{rel}","templated":true}]}}