{"id":21200,"date":"2022-05-07T12:37:15","date_gmt":"2022-05-07T10:37:15","guid":{"rendered":"https:\/\/ak47.nu\/produkt\/original-gletcher-magasin-1-pce-ss-p232l\/"},"modified":"2025-08-21T10:47:14","modified_gmt":"2025-08-21T08:47:14","slug":"chargeur-gletcher-ss-p232l","status":"publish","type":"product","link":"http:\/\/ak47.nu\/fr\/produit\/tillbehor-2\/magasin\/chargeur-gletcher-ss-p232l\/","title":{"rendered":"Chargeur Gletcher SS P232L - 1 pce"},"content":{"rendered":"<h1>Chargeur Gletcher SS P232L<\/h1>\n<h2>Chargeur pour votre Gletcher SS P232L<\/h2>\n<p>Ce chargeur est sp\u00e9cialement con\u00e7u pour le pistolet \u00e0 air Gletcher SS P232L. Vendu \u00e0 l'unit\u00e9. Investissez dans un chargeur suppl\u00e9mentaire pour prolonger votre session de tir sans interruption. Parfait pour l'entra\u00eenement et la comp\u00e9tition, ce chargeur vous assure d'\u00eatre toujours pr\u00eat. Tirez le meilleur parti de votre pistolet \u00e0 air Gletcher avec ce chargeur fiable. Visitez <a href=\"https:\/\/ak47.nu\/fr\/\">notre site web<\/a> pour d\u00e9couvrir notre gamme compl\u00e8te d'<a href=\"https:\/\/ak47.nu\/fr\/tillbehor-2\/magasin\/\">accessoires pour pistolets \u00e0 air<\/a>. Vous pouvez \u00e9galement trouver d'autres <a href=\"https:\/\/ak47.nu\/fr\/butik\/\">produits Gletcher<\/a> dans notre gamme.<\/p>","protected":false},"excerpt":{"rendered":"<p>Chargeur Gletcher SS P232L Chargeur pour votre Gletcher SS P232L Ce chargeur est sp\u00e9cialement con\u00e7u pour le pistolet \u00e0 air Gletcher SS P232L. Vendu \u00e0 l&#8217;unit\u00e9. Investissez dans un chargeur suppl\u00e9mentaire pour prolonger votre session de tir sans interruption. Parfait pour l&#8217;entra\u00eenement et la comp\u00e9tition, ce chargeur vous assure d&#8217;\u00eatre toujours pr\u00eat. Tirez le meilleur [&#8230;]","protected":false},"featured_media":21196,"template":"","meta":[],"product_brand":[],"product_cat":[464,450],"product_tag":[],"class_list":{"0":"post-21200","1":"product","2":"type-product","3":"status-publish","4":"has-post-thumbnail","6":"product_cat-magasin","7":"product_cat-tillbehor-2","8":"pa_brand-gletcher","10":"first","11":"instock","12":"sale","13":"taxable","14":"shipping-taxable","15":"purchasable","16":"product-type-simple"},"_links":{"self":[{"href":"http:\/\/ak47.nu\/fr\/wp-json\/wp\/v2\/product\/21200","targetHints":{"allow":["GET"]}}],"collection":[{"href":"http:\/\/ak47.nu\/fr\/wp-json\/wp\/v2\/product"}],"about":[{"href":"http:\/\/ak47.nu\/fr\/wp-json\/wp\/v2\/types\/product"}],"wp:featuredmedia":[{"embeddable":true,"href":"http:\/\/ak47.nu\/fr\/wp-json\/wp\/v2\/media\/21196"}],"wp:attachment":[{"href":"http:\/\/ak47.nu\/fr\/wp-json\/wp\/v2\/media?parent=21200"}],"wp:term":[{"taxonomy":"product_brand","embeddable":true,"href":"http:\/\/ak47.nu\/fr\/wp-json\/wp\/v2\/product_brand?post=21200"},{"taxonomy":"product_cat","embeddable":true,"href":"http:\/\/ak47.nu\/fr\/wp-json\/wp\/v2\/product_cat?post=21200"},{"taxonomy":"product_tag","embeddable":true,"href":"http:\/\/ak47.nu\/fr\/wp-json\/wp\/v2\/product_tag?post=21200"}],"curies":[{"name":"wp","href":"https:\/\/api.w.org\/{rel}","templated":true}]}}