{"id":21205,"date":"2022-05-07T12:37:18","date_gmt":"2022-05-07T10:37:18","guid":{"rendered":"https:\/\/ak47.nu\/produkt\/original-gletcher-magasin-1-pce-aps-aps-nbb-stechkin-etc\/"},"modified":"2025-12-03T20:11:14","modified_gmt":"2025-12-03T19:11:14","slug":"chargeur-gletcher-aps-nbb-stechkin","status":"publish","type":"product","link":"http:\/\/ak47.nu\/fr\/produit\/tillbehor-2\/magasin\/chargeur-gletcher-aps-nbb-stechkin\/","title":{"rendered":"Chargeur Gletcher - 1 pce - APS, NBB, STECHKIN"},"content":{"rendered":"<h1>Chargeur Gletcher - 1 pce - APS, APS NBB, STECHKIN, GLST51 et GLSN51<\/h1>\n<h2>Chargeur pour pistolets \u00e0 air Gletcher<\/h2>\n<p>Ce chargeur est con\u00e7u pour \u00eatre utilis\u00e9 avec des pistolets \u00e0 air Gletcher sp\u00e9cifiques, notamment les mod\u00e8les APS, APS NBB, STECHKIN, GLST51 et GLSN51. Le chargeur est vendu par unit\u00e9.<\/p>\n<ul>\n <li><strong>Compatibilit\u00e9 :<\/strong> Compatible avec les mod\u00e8les Gletcher APS, APS NBB, STECHKIN, GLST51 et GLSN51.<\/li>\n <li><strong>Emballage :<\/strong> Vendu \u00e0 l'unit\u00e9.<\/li>\n<\/ul>\n<p>Visitez notre <a href=\"https:\/\/ak47.nu\/fr\/butik\/\">page d'accessoires pour pistolets \u00e0 air Gletcher ici<\/a> pour d\u00e9couvrir d'autres accessoires compatibles. D\u00e9couvrez \u00e9galement notre large gamme de <a href=\"https:\/\/ak47.nu\/fr\/tillbehor-2\/magasin\/\">pistolets \u00e0 air<\/a>. Pour plus d'informations sur notre gamme de produits, visitez notre <a href=\"https:\/\/ak47.nu\/fr\/\">page d'accueil<\/a>.<\/p>","protected":false},"excerpt":{"rendered":"<p>Chargeur Gletcher &#8211; 1 pce &#8211; APS, APS NBB, STECHKIN, GLST51 et GLSN51 Chargeur pour pistolets \u00e0 air Gletcher Ce chargeur est con\u00e7u pour \u00eatre utilis\u00e9 avec des pistolets \u00e0 air Gletcher sp\u00e9cifiques, notamment les mod\u00e8les APS, APS NBB, STECHKIN, GLST51 et GLSN51. Le chargeur est vendu par unit\u00e9. Compatibilit\u00e9 : Compatible avec les mod\u00e8les [&#8230;]","protected":false},"featured_media":21204,"template":"","meta":[],"product_brand":[],"product_cat":[464],"product_tag":[],"class_list":{"0":"post-21205","1":"product","2":"type-product","3":"status-publish","4":"has-post-thumbnail","6":"product_cat-magasin","7":"pa_brand-gletcher","9":"first","10":"outofstock","11":"sale","12":"taxable","13":"shipping-taxable","14":"purchasable","15":"product-type-simple"},"_links":{"self":[{"href":"http:\/\/ak47.nu\/fr\/wp-json\/wp\/v2\/product\/21205","targetHints":{"allow":["GET"]}}],"collection":[{"href":"http:\/\/ak47.nu\/fr\/wp-json\/wp\/v2\/product"}],"about":[{"href":"http:\/\/ak47.nu\/fr\/wp-json\/wp\/v2\/types\/product"}],"wp:featuredmedia":[{"embeddable":true,"href":"http:\/\/ak47.nu\/fr\/wp-json\/wp\/v2\/media\/21204"}],"wp:attachment":[{"href":"http:\/\/ak47.nu\/fr\/wp-json\/wp\/v2\/media?parent=21205"}],"wp:term":[{"taxonomy":"product_brand","embeddable":true,"href":"http:\/\/ak47.nu\/fr\/wp-json\/wp\/v2\/product_brand?post=21205"},{"taxonomy":"product_cat","embeddable":true,"href":"http:\/\/ak47.nu\/fr\/wp-json\/wp\/v2\/product_cat?post=21205"},{"taxonomy":"product_tag","embeddable":true,"href":"http:\/\/ak47.nu\/fr\/wp-json\/wp\/v2\/product_tag?post=21205"}],"curies":[{"name":"wp","href":"https:\/\/api.w.org\/{rel}","templated":true}]}}