{"id":21207,"date":"2022-05-07T12:37:19","date_gmt":"2022-05-07T10:37:19","guid":{"rendered":"https:\/\/ak47.nu\/produkt\/original-gletcher-magasin-1-pce-p08-luger\/"},"modified":"2025-12-03T20:11:17","modified_gmt":"2025-12-03T19:11:17","slug":"chargeur-gletcher-p08-luger-1-pce","status":"publish","type":"product","link":"http:\/\/ak47.nu\/fr\/produit\/tillbehor-2\/magasin\/chargeur-gletcher-p08-luger-1-pce\/","title":{"rendered":"Chargeur Gletcher P08 Luger - 1 Pce | GLETCHER"},"content":{"rendered":"<h1>Chargeur Original Gletcher - 1 Pce - P08 Luger<\/h1>\n<h2>Chargeur Gletcher P08 Luger<\/h2>\n<p>Il s'agit d'un chargeur d'origine pour votre pistolet \u00e0 air Gletcher P08. L'emballage comprend un chargeur. Pensez \u00e0 acheter un chargeur suppl\u00e9mentaire pour ne pas avoir \u00e0 recharger le chargeur trop souvent ! Chez nous, vous trouverez toujours des <a href=\"https:\/\/ak47.nu\/fr\/butik\/\">chargeurs pas chers<\/a> pour votre pistolet \u00e0 air.<\/p>\n<ul>\n <li><strong>Compatibilit\u00e9 :<\/strong> Pistolet \u00e0 air Gletcher P08 Luger<\/li>\n <li><strong>Quantit\u00e9 :<\/strong> 1 chargeur par emballage<\/li>\n<\/ul>\n<p>Visitez notre <a href=\"https:\/\/ak47.nu\/fr\/tillbehor-2\/magasin\/\">cat\u00e9gorie de pistolets \u00e0 air<\/a> pour voir notre large s\u00e9lection. Vous pouvez \u00e9galement visiter notre <a href=\"https:\/\/ak47.nu\/fr\/\">page d'accueil<\/a> pour voir toute notre gamme.<\/p>","protected":false},"excerpt":{"rendered":"<p>Chargeur Original Gletcher &#8211; 1 Pce &#8211; P08 Luger Chargeur Gletcher P08 Luger Il s&#8217;agit d&#8217;un chargeur d&#8217;origine pour votre pistolet \u00e0 air Gletcher P08. L&#8217;emballage comprend un chargeur. Pensez \u00e0 acheter un chargeur suppl\u00e9mentaire pour ne pas avoir \u00e0 recharger le chargeur trop souvent ! Chez nous, vous trouverez toujours des chargeurs pas chers [&#8230;]","protected":false},"featured_media":21206,"template":"","meta":[],"product_brand":[],"product_cat":[464],"product_tag":[],"class_list":{"0":"post-21207","1":"product","2":"type-product","3":"status-publish","4":"has-post-thumbnail","6":"product_cat-magasin","7":"pa_brand-gletcher","9":"first","10":"outofstock","11":"sale","12":"taxable","13":"shipping-taxable","14":"purchasable","15":"product-type-simple"},"_links":{"self":[{"href":"http:\/\/ak47.nu\/fr\/wp-json\/wp\/v2\/product\/21207","targetHints":{"allow":["GET"]}}],"collection":[{"href":"http:\/\/ak47.nu\/fr\/wp-json\/wp\/v2\/product"}],"about":[{"href":"http:\/\/ak47.nu\/fr\/wp-json\/wp\/v2\/types\/product"}],"wp:featuredmedia":[{"embeddable":true,"href":"http:\/\/ak47.nu\/fr\/wp-json\/wp\/v2\/media\/21206"}],"wp:attachment":[{"href":"http:\/\/ak47.nu\/fr\/wp-json\/wp\/v2\/media?parent=21207"}],"wp:term":[{"taxonomy":"product_brand","embeddable":true,"href":"http:\/\/ak47.nu\/fr\/wp-json\/wp\/v2\/product_brand?post=21207"},{"taxonomy":"product_cat","embeddable":true,"href":"http:\/\/ak47.nu\/fr\/wp-json\/wp\/v2\/product_cat?post=21207"},{"taxonomy":"product_tag","embeddable":true,"href":"http:\/\/ak47.nu\/fr\/wp-json\/wp\/v2\/product_tag?post=21207"}],"curies":[{"name":"wp","href":"https:\/\/api.w.org\/{rel}","templated":true}]}}