{"id":21211,"date":"2022-05-07T12:37:22","date_gmt":"2022-05-07T10:37:22","guid":{"rendered":"https:\/\/ak47.nu\/produkt\/gletcher-extra-shells-for-clt-revolvers-6-pack\/"},"modified":"2025-12-03T20:08:43","modified_gmt":"2025-12-03T19:08:43","slug":"gletcher-douilles-supplementaires-revolvers-clt-paquet-de-6","status":"publish","type":"product","link":"http:\/\/ak47.nu\/fr\/produit\/tillbehor-2\/magasin\/gletcher-douilles-supplementaires-revolvers-clt-paquet-de-6\/","title":{"rendered":"Gletcher Douilles Suppl\u00e9mentaires pour Revolvers CLT - Paquet de 6"},"content":{"rendered":"<h1>Gletcher Douilles Suppl\u00e9mentaires pour Revolvers CLT - Paquet de 6<\/h1>\n<h2>Cartouches D\u00e9coratives pour Revolvers CLT<\/h2>\n<p>Ces douilles suppl\u00e9mentaires Gletcher GLA10 sont sp\u00e9cialement con\u00e7ues pour les revolvers CLT B et CLT. Ce paquet de 6 cartouches d\u00e9coratives ajoute une touche authentique \u00e0 votre exp\u00e9rience de revolver. Id\u00e9al pour les collectionneurs et les passionn\u00e9s qui cherchent \u00e0 am\u00e9liorer l'apparence de leurs revolvers CLT.<\/p>\n<ul>\n <li><b>Compatibilit\u00e9 :<\/b> Convient aux revolvers CLT B et CLT.<\/li>\n <li><b>Quantit\u00e9 :<\/b> 6 cartouches par paquet.<\/li>\n <li><b>Apparence :<\/b> Douilles d\u00e9coratives qui am\u00e9liorent le r\u00e9alisme.<\/li>\n<\/ul>\n<p>Compl\u00e9tez votre collection avec ces douilles suppl\u00e9mentaires de <a href=\"https:\/\/ak47.nu\/fr\/butik\/\">Gletcher<\/a>, ajoutant une touche sp\u00e9ciale \u00e0 vos <a href=\"https:\/\/ak47.nu\/fr\/tillbehor-2\/magasin\/\">armes<\/a>. Am\u00e9liorez votre exp\u00e9rience avec ces <a href=\"https:\/\/ak47.nu\/fr\/\">produits<\/a> uniques.<\/p>","protected":false},"excerpt":{"rendered":"<p>Gletcher Douilles Suppl\u00e9mentaires pour Revolvers CLT &#8211; Paquet de 6 Cartouches D\u00e9coratives pour Revolvers CLT Ces douilles suppl\u00e9mentaires Gletcher GLA10 sont sp\u00e9cialement con\u00e7ues pour les revolvers CLT B et CLT. Ce paquet de 6 cartouches d\u00e9coratives ajoute une touche authentique \u00e0 votre exp\u00e9rience de revolver. Id\u00e9al pour les collectionneurs et les passionn\u00e9s qui cherchent \u00e0 [&#8230;]","protected":false},"featured_media":21208,"template":"","meta":[],"product_brand":[],"product_cat":[464],"product_tag":[],"class_list":{"0":"post-21211","1":"product","2":"type-product","3":"status-publish","4":"has-post-thumbnail","6":"product_cat-magasin","7":"pa_brand-gletcher","9":"first","10":"outofstock","11":"sale","12":"taxable","13":"shipping-taxable","14":"purchasable","15":"product-type-simple"},"_links":{"self":[{"href":"http:\/\/ak47.nu\/fr\/wp-json\/wp\/v2\/product\/21211","targetHints":{"allow":["GET"]}}],"collection":[{"href":"http:\/\/ak47.nu\/fr\/wp-json\/wp\/v2\/product"}],"about":[{"href":"http:\/\/ak47.nu\/fr\/wp-json\/wp\/v2\/types\/product"}],"wp:featuredmedia":[{"embeddable":true,"href":"http:\/\/ak47.nu\/fr\/wp-json\/wp\/v2\/media\/21208"}],"wp:attachment":[{"href":"http:\/\/ak47.nu\/fr\/wp-json\/wp\/v2\/media?parent=21211"}],"wp:term":[{"taxonomy":"product_brand","embeddable":true,"href":"http:\/\/ak47.nu\/fr\/wp-json\/wp\/v2\/product_brand?post=21211"},{"taxonomy":"product_cat","embeddable":true,"href":"http:\/\/ak47.nu\/fr\/wp-json\/wp\/v2\/product_cat?post=21211"},{"taxonomy":"product_tag","embeddable":true,"href":"http:\/\/ak47.nu\/fr\/wp-json\/wp\/v2\/product_tag?post=21211"}],"curies":[{"name":"wp","href":"https:\/\/api.w.org\/{rel}","templated":true}]}}