{"id":21213,"date":"2022-05-07T12:37:23","date_gmt":"2022-05-07T10:37:23","guid":{"rendered":"https:\/\/ak47.nu\/produkt\/well-extra-shells-for-g296-revolvers-6-pack\/"},"modified":"2025-12-03T20:24:31","modified_gmt":"2025-12-03T19:24:31","slug":"well-douilles-supplementaires-revolvers-g296-pack-6","status":"publish","type":"product","link":"http:\/\/ak47.nu\/fr\/produit\/tillbehor-2\/magasin\/well-douilles-supplementaires-revolvers-g296-pack-6\/","title":{"rendered":"WELL Douilles Suppl\u00e9mentaires pour Revolvers G296 - Pack de 6"},"content":{"rendered":"<h1>WELL Douilles Suppl\u00e9mentaires pour Revolvers G296 - Pack de 6<\/h1>\n<h2>Douilles Suppl\u00e9mentaires - Am\u00e9liorez Votre Exp\u00e9rience avec le Revolver G296<\/h2>\n<p>Ces douilles suppl\u00e9mentaires sont fabriqu\u00e9es en m\u00e9tal et en polym\u00e8re et sont con\u00e7ues pour les r\u00e9pliques de revolver WELL G296 et mod\u00e8les similaires. Chaque douille peut contenir une BB, ce qui vous permet de recharger votre revolver rapidement et facilement. Parfait pour les d\u00e9butants et les passionn\u00e9s d'airsoft exp\u00e9riment\u00e9s qui souhaitent avoir des chargeurs suppl\u00e9mentaires pr\u00eats \u00e0 l'action. D\u00e9couvrez nos autres <a href=\"https:\/\/ak47.nu\/fr\/butik\/\">accessoires airsoft ici<\/a>.<\/p>\n<h3>Caract\u00e9ristiques :<\/h3>\n<ul>\n  <li><strong>Mat\u00e9riau :<\/strong> M\u00e9tal et polym\u00e8re<\/li>\n  <li><strong>Compatibilit\u00e9 :<\/strong> R\u00e9plique de revolver WELL G296 et mod\u00e8les similaires<\/li>\n  <li><strong>Capacit\u00e9 :<\/strong> Chaque douille peut contenir une BB<\/li>\n  <li><strong>Quantit\u00e9 :<\/strong> Pack de 6<\/li>\n<\/ul>\n<p>Avec ces douilles suppl\u00e9mentaires, vous pouvez passer plus de temps \u00e0 jouer et moins de temps \u00e0 recharger. Pr\u00e9parez-vous bien et maximisez votre temps de jeu avec cet accessoire pratique.<\/p>\n<p>Visitez notre <a href=\"https:\/\/ak47.nu\/fr\/tillbehor-2\/magasin\/\">cat\u00e9gorie de revolvers airsoft<\/a> pour voir plus de produits. Ne manquez pas non plus nos autres produits, visitez notre <a href=\"https:\/\/ak47.nu\/fr\/\">page d'accueil<\/a> pour voir toute notre gamme.<\/p>","protected":false},"excerpt":{"rendered":"<p>WELL Douilles Suppl\u00e9mentaires pour Revolvers G296 &#8211; Pack de 6 Douilles Suppl\u00e9mentaires &#8211; Am\u00e9liorez Votre Exp\u00e9rience avec le Revolver G296 Ces douilles suppl\u00e9mentaires sont fabriqu\u00e9es en m\u00e9tal et en polym\u00e8re et sont con\u00e7ues pour les r\u00e9pliques de revolver WELL G296 et mod\u00e8les similaires. Chaque douille peut contenir une BB, ce qui vous permet de recharger [&#8230;]","protected":false},"featured_media":21212,"template":"","meta":[],"product_brand":[],"product_cat":[464],"product_tag":[],"class_list":{"0":"post-21213","1":"product","2":"type-product","3":"status-publish","4":"has-post-thumbnail","6":"product_cat-magasin","7":"pa_brand-well","9":"first","10":"outofstock","11":"sale","12":"taxable","13":"shipping-taxable","14":"purchasable","15":"product-type-simple"},"_links":{"self":[{"href":"http:\/\/ak47.nu\/fr\/wp-json\/wp\/v2\/product\/21213","targetHints":{"allow":["GET"]}}],"collection":[{"href":"http:\/\/ak47.nu\/fr\/wp-json\/wp\/v2\/product"}],"about":[{"href":"http:\/\/ak47.nu\/fr\/wp-json\/wp\/v2\/types\/product"}],"wp:featuredmedia":[{"embeddable":true,"href":"http:\/\/ak47.nu\/fr\/wp-json\/wp\/v2\/media\/21212"}],"wp:attachment":[{"href":"http:\/\/ak47.nu\/fr\/wp-json\/wp\/v2\/media?parent=21213"}],"wp:term":[{"taxonomy":"product_brand","embeddable":true,"href":"http:\/\/ak47.nu\/fr\/wp-json\/wp\/v2\/product_brand?post=21213"},{"taxonomy":"product_cat","embeddable":true,"href":"http:\/\/ak47.nu\/fr\/wp-json\/wp\/v2\/product_cat?post=21213"},{"taxonomy":"product_tag","embeddable":true,"href":"http:\/\/ak47.nu\/fr\/wp-json\/wp\/v2\/product_tag?post=21213"}],"curies":[{"name":"wp","href":"https:\/\/api.w.org\/{rel}","templated":true}]}}