{"id":21227,"date":"2022-05-07T12:37:32","date_gmt":"2022-05-07T10:37:32","guid":{"rendered":"https:\/\/ak47.nu\/produkt\/gletcher-extra-shells-for-ngt-revolvers-7-pack\/"},"modified":"2025-12-03T20:08:44","modified_gmt":"2025-12-03T19:08:44","slug":"gletcher-douilles-supplementaires-revolvers-ngt-7-pack","status":"publish","type":"product","link":"http:\/\/ak47.nu\/fr\/produit\/tillbehor-2\/magasin\/gletcher-douilles-supplementaires-revolvers-ngt-7-pack\/","title":{"rendered":"Gletcher Douilles Suppl\u00e9mentaires pour Revolvers NGT - Pack de 7"},"content":{"rendered":"<h1>Gletcher Douilles Suppl\u00e9mentaires pour Revolvers NGT - Pack de 7<\/h1>\n<h2>Cartouches D\u00e9coratives pour Revolvers NGT<\/h2>\n<p>Ces douilles suppl\u00e9mentaires Gletcher sont sp\u00e9cialement con\u00e7ues pour les revolvers NGT (mod\u00e8les BB uniquement). Le paquet comprend 7 cartouches d\u00e9coratives pour am\u00e9liorer votre exp\u00e9rience de revolver NGT. Veuillez noter que ces douilles sont destin\u00e9es aux mod\u00e8les BB de revolvers NGT uniquement. Pour les mod\u00e8les \u00e0 plombs (NGT R), veuillez utiliser les <a href=\"https:\/\/ak47.nu\/fr\/butik\/\">douilles GLA11<\/a> \u00e0 la place. Compl\u00e9tez votre <a href=\"https:\/\/ak47.nu\/fr\/tillbehor-2\/magasin\/\">revolver<\/a> avec ces douilles pour une sensation authentique.<\/p>\n\n<p>Ces douilles sont fabriqu\u00e9es pour ressembler \u00e0 de vraies cartouches et ajoutent une couche suppl\u00e9mentaire de r\u00e9alisme \u00e0 votre <a href=\"https:\/\/ak47.nu\/fr\/\">loisir de tir<\/a>. Avec 7 douilles dans chaque paquet, vous en avez assez pour remplir votre revolver et profiter de nombreuses heures de divertissement.<\/p>\n\n<ul>\n <li>Convient pour : Revolvers NGT (mod\u00e8les BB uniquement)<\/li>\n <li>Quantit\u00e9 : 7 douilles par paquet<\/li>\n <li>Num\u00e9ro d'article : GLA09<\/li>\n<\/ul>","protected":false},"excerpt":{"rendered":"<p>Gletcher Douilles Suppl\u00e9mentaires pour Revolvers NGT &#8211; Pack de 7 Cartouches D\u00e9coratives pour Revolvers NGT Ces douilles suppl\u00e9mentaires Gletcher sont sp\u00e9cialement con\u00e7ues pour les revolvers NGT (mod\u00e8les BB uniquement). Le paquet comprend 7 cartouches d\u00e9coratives pour am\u00e9liorer votre exp\u00e9rience de revolver NGT. Veuillez noter que ces douilles sont destin\u00e9es aux mod\u00e8les BB de revolvers NGT [&#8230;]","protected":false},"featured_media":21222,"template":"","meta":[],"product_brand":[],"product_cat":[464],"product_tag":[],"class_list":{"0":"post-21227","1":"product","2":"type-product","3":"status-publish","4":"has-post-thumbnail","6":"product_cat-magasin","7":"pa_brand-gletcher","9":"first","10":"outofstock","11":"sale","12":"taxable","13":"shipping-taxable","14":"purchasable","15":"product-type-simple"},"_links":{"self":[{"href":"http:\/\/ak47.nu\/fr\/wp-json\/wp\/v2\/product\/21227","targetHints":{"allow":["GET"]}}],"collection":[{"href":"http:\/\/ak47.nu\/fr\/wp-json\/wp\/v2\/product"}],"about":[{"href":"http:\/\/ak47.nu\/fr\/wp-json\/wp\/v2\/types\/product"}],"wp:featuredmedia":[{"embeddable":true,"href":"http:\/\/ak47.nu\/fr\/wp-json\/wp\/v2\/media\/21222"}],"wp:attachment":[{"href":"http:\/\/ak47.nu\/fr\/wp-json\/wp\/v2\/media?parent=21227"}],"wp:term":[{"taxonomy":"product_brand","embeddable":true,"href":"http:\/\/ak47.nu\/fr\/wp-json\/wp\/v2\/product_brand?post=21227"},{"taxonomy":"product_cat","embeddable":true,"href":"http:\/\/ak47.nu\/fr\/wp-json\/wp\/v2\/product_cat?post=21227"},{"taxonomy":"product_tag","embeddable":true,"href":"http:\/\/ak47.nu\/fr\/wp-json\/wp\/v2\/product_tag?post=21227"}],"curies":[{"name":"wp","href":"https:\/\/api.w.org\/{rel}","templated":true}]}}